{"id":526,"date":"2021-07-29T13:03:43","date_gmt":"2021-07-29T13:03:43","guid":{"rendered":"https:\/\/skemmtigardur.is\/?page_id=526"},"modified":"2026-01-21T15:05:32","modified_gmt":"2026-01-21T15:05:32","slug":"utrasin","status":"publish","type":"page","link":"https:\/\/skemmtigardur.is\/en\/utrasin\/","title":{"rendered":"Rage Room"},"content":{"rendered":"<p>[et_pb_section fb_built=&#8220;1&#8243; _builder_version=&#8220;4.16&#8243; _module_preset=&#8220;default&#8220; background_color=&#8220;rgba(0,3,109,0.3)&#8220; background_image=&#8220;https:\/\/skemmtigardur.is\/wp-content\/uploads\/2021\/09\/utrasin.png&#8220; background_blend=&#8220;overlay&#8220; height=&#8220;30vw&#8220; height_tablet=&#8220;&#8220; height_phone=&#8220;100vw&#8220; height_last_edited=&#8220;on|phone&#8220; global_colors_info=&#8220;{}&#8220;][et_pb_row _builder_version=&#8220;4.16&#8243; _module_preset=&#8220;default&#8220; global_colors_info=&#8220;{}&#8220;][et_pb_column type=&#8220;4_4&#8243; _builder_version=&#8220;4.16&#8243; _module_preset=&#8220;default&#8220; global_colors_info=&#8220;{}&#8220;][et_pb_image src=&#8220;https:\/\/skemmtigardur.is\/wp-content\/uploads\/2021\/08\/utras-copy.svg&#8220; title_text=&#8220;utras copy&#8220; align=&#8220;center&#8220; disabled_on=&#8220;on|on|off&#8220; _builder_version=&#8220;4.16&#8243; _module_preset=&#8220;default&#8220; width=&#8220;150px&#8220; custom_padding=&#8220;1.1%||||false|false&#8220; global_colors_info=&#8220;{}&#8220;][\/et_pb_image][et_pb_text _builder_version=&#8220;4.16&#8243; _module_preset=&#8220;default&#8220; text_font=&#8220;|600|||||||&#8220; text_text_color=&#8220;#FFFFFF&#8220; text_font_size=&#8220;25px&#8220; header_text_align=&#8220;center&#8220; header_text_color=&#8220;#FFFFFF&#8220; header_font_size=&#8220;75px&#8220; text_orientation=&#8220;center&#8220; header_font_size_tablet=&#8220;&#8220; header_font_size_phone=&#8220;40px&#8220; header_font_size_last_edited=&#8220;on|phone&#8220; global_colors_info=&#8220;{}&#8220;]<\/p>\n<h1 class=\"titillium-web default-transform large\">Rage Room<\/h1>\n<p>Time to go nuts!!<\/p>\n<p>[\/et_pb_text][\/et_pb_column][\/et_pb_row][\/et_pb_section][et_pb_section fb_built=&#8220;1&#8243; _builder_version=&#8220;4.16&#8243; _module_preset=&#8220;default&#8220; custom_padding=&#8220;0px||9px||false|false&#8220; global_colors_info=&#8220;{}&#8220;][et_pb_row _builder_version=&#8220;4.16&#8243; _module_preset=&#8220;default&#8220; width=&#8220;95%&#8220; max_width=&#8220;100%&#8220; custom_padding=&#8220;0px||0px||false|false&#8220; global_colors_info=&#8220;{}&#8220;][et_pb_column type=&#8220;4_4&#8243; _builder_version=&#8220;4.16&#8243; _module_preset=&#8220;default&#8220; global_colors_info=&#8220;{}&#8220;][et_pb_code module_class=&#8220;mygallery&#8220; _builder_version=&#8220;4.16&#8243; _module_preset=&#8220;default&#8220; global_colors_info=&#8220;{}&#8220;]<script src=\"https:\/\/cdnjs.cloudflare.com\/ajax\/libs\/slick-carousel\/1.8.1\/slick.js\"><!-- [et_pb_line_break_holder] --><\/script><!-- [et_pb_line_break_holder] --><\/p>\n<style>.slick-slide {<!-- [et_pb_line_break_holder] -->float:left;<!-- [et_pb_line_break_holder] -->    margin:1.6vw;<!-- [et_pb_line_break_holder] -->  }<!-- [et_pb_line_break_holder] -->.slick-list {<!-- [et_pb_line_break_holder] -->    padding-left: 1vw!important; \/\/ half partial<!-- [et_pb_line_break_holder] -->}<!-- [et_pb_line_break_holder] --><!-- [et_pb_line_break_holder] --><\/style>\n<p><!-- [et_pb_line_break_holder] --><script><!-- [et_pb_line_break_holder] --><!-- [et_pb_line_break_holder] -->    jQuery(function($){<!-- [et_pb_line_break_holder] -->    var backButton = $('.back-button-mynd');<!-- [et_pb_line_break_holder] -->    var nextButton = $('.next-button-mynd');<!-- [et_pb_line_break_holder] -->    $('.et_pb_gallery_items').slick({<!-- [et_pb_line_break_holder] --><!-- [et_pb_line_break_holder] -->        infinite: true,<!-- [et_pb_line_break_holder] -->        slidesToShow: 4,<!-- [et_pb_line_break_holder] -->        slidesToScroll: 3,<!-- [et_pb_line_break_holder] -->        centerMode: true,<!-- [et_pb_line_break_holder] -->        centerPadding: '13%',<!-- [et_pb_line_break_holder] -->        swipe: true,<!-- [et_pb_line_break_holder] -->        prevArrow: backButton,<!-- [et_pb_line_break_holder] -->        nextArrow: nextButton,<!-- [et_pb_line_break_holder] -->        responsive: [{<!-- [et_pb_line_break_holder] -->        breakpoint: 1079, settings: {<!-- [et_pb_line_break_holder] -->        slidesToShow: 2<!-- [et_pb_line_break_holder] -->        }<!-- [et_pb_line_break_holder] -->        }] <!-- [et_pb_line_break_holder] -->    });<!-- [et_pb_line_break_holder] -->  });<!-- [et_pb_line_break_holder] --><!-- [et_pb_line_break_holder] --><\/script>[\/et_pb_code][et_pb_blurb use_icon=&#8220;on&#8220; font_icon=&#8220;&#x35;||divi||400&#8243; icon_color=&#8220;#023030&#8243; image_icon_background_color=&#8220;#F1F1F1&#8243; icon_placement=&#8220;left&#8220; image_icon_width=&#8220;30px&#8220; module_class=&#8220;next-button-mynd&#8220; _builder_version=&#8220;4.16&#8243; _module_preset=&#8220;default&#8220; image_icon_custom_padding=&#8220;8px|8px|8px|8px|false|false&#8220; custom_margin=&#8220;||0px||false|false&#8220; custom_css_main_element=&#8220;display:inline-block;||float:right;||cursor: pointer;&#8220; border_radii_image=&#8220;on|100%|100%|100%|100%&#8220; icon_font_size=&#8220;30px&#8220; use_circle=&#8220;on&#8220; circle_color=&#8220;#F1F1F1&#8243; global_colors_info=&#8220;{}&#8220; image_icon_background_color__sticky_enabled=&#8220;#7EBEC5&#8243; image_icon_background_color__sticky=&#8220;#7EBEC5&#8243;][\/et_pb_blurb][et_pb_blurb use_icon=&#8220;on&#8220; font_icon=&#8220;&#x34;||divi||400&#8243; icon_color=&#8220;#023030&#8243; image_icon_background_color=&#8220;#F1F1F1&#8243; icon_placement=&#8220;left&#8220; image_icon_width=&#8220;30px&#8220; module_class=&#8220;back-button-mynd&#8220; _builder_version=&#8220;4.16&#8243; _module_preset=&#8220;default&#8220; image_icon_custom_padding=&#8220;8px|8px|8px|8px|false|false&#8220; custom_margin=&#8220;||0px||false|false&#8220; custom_css_main_element=&#8220;display:inline-block;||float:right;||cursor: pointer;&#8220; border_radii_image=&#8220;on|100%|100%|100%|100%&#8220; icon_font_size=&#8220;30px&#8220; use_circle=&#8220;on&#8220; circle_color=&#8220;#F1F1F1&#8243; global_colors_info=&#8220;{}&#8220; image_icon_background_color__sticky_enabled=&#8220;#7EBEC5&#8243; image_icon_background_color__sticky=&#8220;#7EBEC5&#8243;][\/et_pb_blurb][\/et_pb_column][\/et_pb_row][et_pb_row use_custom_gutter=&#8220;on&#8220; gutter_width=&#8220;1&#8243; _builder_version=&#8220;4.16&#8243; _module_preset=&#8220;default&#8220; width=&#8220;100%&#8220; max_width=&#8220;100%&#8220; custom_padding=&#8220;0px||0px||false|false&#8220; global_colors_info=&#8220;{}&#8220;][et_pb_column type=&#8220;4_4&#8243; _builder_version=&#8220;4.16&#8243; _module_preset=&#8220;default&#8220; overflow-x=&#8220;hidden&#8220; overflow-y=&#8220;hidden&#8220; global_colors_info=&#8220;{}&#8220;][et_pb_gallery gallery_ids=&#8220;945,847,633,844,3534,1632,1633,1634,1635,1636,1637,1638,1639,1640,1641&#8243; posts_number=&#8220;20&#8243; show_title_and_caption=&#8220;off&#8220; show_pagination=&#8220;off&#8220; _builder_version=&#8220;4.16&#8243; _module_preset=&#8220;default&#8220; overflow-x=&#8220;hidden&#8220; overflow-y=&#8220;hidden&#8220; global_colors_info=&#8220;{}&#8220;][\/et_pb_gallery][\/et_pb_column][\/et_pb_row][\/et_pb_section][et_pb_section fb_built=&#8220;1&#8243; specialty=&#8220;on&#8220; _builder_version=&#8220;4.16&#8243; _module_preset=&#8220;default&#8220; custom_padding=&#8220;19px||8px|||&#8220; global_colors_info=&#8220;{}&#8220;][et_pb_column type=&#8220;2_3&#8243; specialty_columns=&#8220;2&#8243; _builder_version=&#8220;4.16&#8243; custom_padding=&#8220;|||&#8220; global_colors_info=&#8220;{}&#8220; custom_padding__hover=&#8220;|||&#8220;][et_pb_row_inner column_structure=&#8220;1_2,1_2&#8243; use_custom_gutter=&#8220;on&#8220; gutter_width=&#8220;2&#8243; make_equal=&#8220;on&#8220; _builder_version=&#8220;4.16&#8243; _module_preset=&#8220;default&#8220; border_width_bottom=&#8220;1px&#8220; border_color_bottom=&#8220;#E6797C&#8220; global_colors_info=&#8220;{}&#8220;][et_pb_column_inner type=&#8220;1_2&#8243; saved_specialty_column_type=&#8220;2_3&#8243; _builder_version=&#8220;4.16&#8243; _module_preset=&#8220;default&#8220; global_colors_info=&#8220;{}&#8220;][et_pb_text _builder_version=&#8220;4.16&#8243; _module_preset=&#8220;default&#8220; text_text_color=&#8220;#32346E&#8220; text_font_size=&#8220;35px&#8220; header_text_color=&#8220;#32346E&#8220; header_font_size=&#8220;35px&#8220; custom_margin=&#8220;||8px|||&#8220; custom_padding=&#8220;||||false|false&#8220; custom_padding_tablet=&#8220;&#8220; custom_padding_phone=&#8220;||0%||false|false&#8220; custom_padding_last_edited=&#8220;on|phone&#8220; header_font_size_tablet=&#8220;&#8220; header_font_size_phone=&#8220;30px&#8220; header_font_size_last_edited=&#8220;on|phone&#8220; global_colors_info=&#8220;{}&#8220;]<\/p>\n<h1>Information<\/h1>\n<p>[\/et_pb_text][et_pb_text _builder_version=&#8220;4.16&#8243; _module_preset=&#8220;default&#8220; text_text_color=&#8220;#32346E&#8220; link_font=&#8220;|600|||on||||&#8220; link_text_color=&#8220;#E6797C&#8220; custom_padding=&#8220;||||false|false&#8220; global_colors_info=&#8220;{}&#8220;]<\/p>\n<p><strong>\u00a0Price per room:<\/strong><br \/>100 items in a room \u2013 40,000 kr (maximum 5 people in a room)<\/p>\n<p>200 items in a room \u2013 45,000 kr (maximum 5 people in a room)<\/p>\n<p>300 items in a room \u2013 49,500 kr + free video at the end (maximum 4 -5 people in a room)<\/p>\n<p>*When booking, the group size tab indicates the number of rooms.<\/p>\n<p><strong>Included:<\/strong> <span>\u00a0Loads of <em>items to break \u2013 Plates, glasses and other porcelain \u2013 Speaker to listen to music while the juggling is in progress, protective gear, helmet and gloves.<br \/><\/em><\/span><\/p>\n<p><strong><\/strong><\/p>\n<p><strong>Game time:<\/strong> 60<em>-90 m\u00edn<\/em><strong><\/strong><\/p>\n<p><strong>Age limit:<\/strong> 13 years old<br \/><em><\/em><\/p>\n<p><em><\/em><\/p>\n<p><strong>Can be added to the room:<em><\/em><\/strong><\/p>\n<p>Video of you in the room \u2013 4000 kr\u00a0<\/p>\n<p>Extra 100 items to break \u2013 5000 kr\u00a0<\/p>\n<p><strong>Add another activity:<\/strong><br \/><strong><\/strong><\/p>\n<p>- Axethrowing <strong>3000 kr per person<\/strong><\/p>\n<p>Minigolf &#8211; <strong>1500 kr per person\u00a0<\/strong><\/p>\n<p>F\u00f3tboltagolf &#8211; <strong>1500 kr per person with ball rental<\/strong><\/p>\n<p><em><\/em><\/p>\n<p><em><\/em><\/p>\n<p><strong>Opening hours:<\/strong><em> every day from 09:00 \u2013 21:00 \u2013 All groups must book in advance<\/em><\/p>\n<p><em><\/em><\/p>\n<p>&nbsp;<\/p>\n<p>[\/et_pb_text][\/et_pb_column_inner][et_pb_column_inner type=&#8220;1_2&#8243; saved_specialty_column_type=&#8220;2_3&#8243; _builder_version=&#8220;4.16&#8243; _module_preset=&#8220;default&#8220; global_colors_info=&#8220;{}&#8220;][et_pb_text _builder_version=&#8220;4.16&#8243; _module_preset=&#8220;default&#8220; text_text_color=&#8220;#32346E&#8220; text_font_size=&#8220;35px&#8220; header_text_color=&#8220;#32346E&#8220; header_font_size=&#8220;35px&#8220; custom_margin=&#8220;||8px|||&#8220; custom_padding=&#8220;||||false|false&#8220; custom_padding_tablet=&#8220;&#8220; custom_padding_phone=&#8220;||0%||false|false&#8220; custom_padding_last_edited=&#8220;on|phone&#8220; header_font_size_tablet=&#8220;&#8220; header_font_size_phone=&#8220;30px&#8220; header_font_size_last_edited=&#8220;on|phone&#8220; global_colors_info=&#8220;{}&#8220;]<\/p>\n<h1>What is a Rage Room?<\/h1>\n<p>[\/et_pb_text][et_pb_text _builder_version=&#8220;4.16&#8243; _module_preset=&#8220;default&#8220; text_text_color=&#8220;#32346E&#8220; link_font=&#8220;|600|||on||||&#8220; link_text_color=&#8220;#E6797C&#8220; custom_padding=&#8220;||||false|false&#8220; global_colors_info=&#8220;{}&#8220;]<\/p>\n<div class=\"accordion__title\">\n<div class=\"paragraph\">\n<p><span>The Rage Room is what everyone has wanted to do! You show up, wreck havoc, and leave!\u00a0<\/span><\/p>\n<p><span>Who wouldn't want to walk into a room with a blunt object and destroy everything and anything in there?\u00a0\u00a0<\/span><br \/><span>The breaker arrives, dresses in protective overalls, a safety mask, and grabs a weapon.\u00a0<\/span><\/p>\n<p><span>The breaker then walks into the room, puts his own music on and starts breaking shit!<\/span><br \/><span>Not only that, the breaker can buy a video of himself in action at the end!\u00a0<\/span><\/p>\n<p><span>Don't worry, the breaker will be provided with all the protective equipment he needs,\u00a0<\/span><strong>helmet, face shield, gloves and overalls (the overalls are not necessary, but ridiculously cool).<\/strong><\/p>\n<p>Vi\u00f0 h\u00f6fum 2 herbergi. \u00dea\u00f0 geta allt a\u00f0 5 manneskjur fari\u00f0 \u00ed hvert herbergi<span>Even if there are more people in a group, the others wait until another room becomes available.\u00a0<\/span><\/p>\n<p>If you cannot find a free time in the calendar on the right, you can contact us regarding bookings at info@skemmtigardur.is<span><\/span><\/p>\n<p><span><\/span><\/p>\n<\/div>\n<\/div>\n<p>[\/et_pb_text][\/et_pb_column_inner][\/et_pb_row_inner][et_pb_row_inner column_structure=&#8220;1_2,1_2&#8243; use_custom_gutter=&#8220;on&#8220; gutter_width=&#8220;2&#8243; make_equal=&#8220;on&#8220; _builder_version=&#8220;4.9.10&#8243; _module_preset=&#8220;default&#8220; custom_padding=&#8220;||12px|||&#8220; border_width_bottom=&#8220;1px&#8220; border_color_bottom=&#8220;#E6797C&#8220; global_module=&#8220;988&#8243; saved_tabs=&#8220;all&#8220; global_colors_info=&#8220;{}&#8220;][et_pb_column_inner type=&#8220;1_2&#8243; _builder_version=&#8220;4.16&#8243; _module_preset=&#8220;default&#8220; global_colors_info=&#8220;{}&#8220;][et_pb_text _builder_version=&#8220;4.16&#8243; _module_preset=&#8220;default&#8220; text_text_color=&#8220;#32346E&#8220; text_font_size=&#8220;35px&#8220; header_text_color=&#8220;#32346E&#8220; header_font_size=&#8220;35px&#8220; custom_margin=&#8220;||8px|||&#8220; custom_padding=&#8220;||||false|false&#8220; custom_padding_tablet=&#8220;&#8220; custom_padding_phone=&#8220;||0%||false|false&#8220; custom_padding_last_edited=&#8220;on|phone&#8220; header_font_size_tablet=&#8220;&#8220; header_font_size_phone=&#8220;30px&#8220; header_font_size_last_edited=&#8220;on|phone&#8220; global_colors_info=&#8220;{}&#8220;]<\/p>\n<h1>Refreshments<\/h1>\n<p>[\/et_pb_text][et_pb_text _builder_version=&#8220;4.16&#8243; _module_preset=&#8220;default&#8220; text_text_color=&#8220;#32346E&#8220; link_font=&#8220;|600|||on||||&#8220; link_text_color=&#8220;#E6797C&#8220; height=&#8220;380px&#8220; global_colors_info=&#8220;{}&#8220;]<\/p>\n<p>Pizza buffet 3.500 kr.<\/p>\n<p>Grilled burgers with fries 3.500 kr.<br \/>M\/krullurfr\u00f6nskum<\/p>\n<p>Appetizers for 4-5 people 9.990 kr.<\/p>\n<p>Jalapeno poppers, Laukhringir, Franskar,<\/p>\n<p>Mozzarella stangir, salsa s\u00f3sa<\/p>\n<p>Tortillubakki &#8211; 4-5 manns 9.990 k<\/p>\n<p>Samlokubakki &#8211; 4-5 manns 9.990 kr<\/p>\n<p>[\/et_pb_text][\/et_pb_column_inner][et_pb_column_inner type=&#8220;1_2&#8243; _builder_version=&#8220;4.16&#8243; _module_preset=&#8220;default&#8220; global_colors_info=&#8220;{}&#8220;][et_pb_text disabled_on=&#8220;on|on|off&#8220; _builder_version=&#8220;4.16&#8243; _module_preset=&#8220;default&#8220; text_text_color=&#8220;#32346E&#8220; link_font=&#8220;|600|||on||||&#8220; link_text_color=&#8220;#E6797C&#8220; header_text_color=&#8220;#32346E&#8220; header_font_size=&#8220;35px&#8220; custom_margin=&#8220;||||false|false&#8220; custom_padding=&#8220;||||false|false&#8220; global_colors_info=&#8220;{}&#8220;]<\/p>\n<h1><\/h1>\n<p>[\/et_pb_text][et_pb_text _builder_version=&#8220;4.16&#8243; _module_preset=&#8220;default&#8220; text_text_color=&#8220;#32346E&#8220; link_font=&#8220;|600|||on||||&#8220; link_text_color=&#8220;#E6797C&#8220; global_colors_info=&#8220;{}&#8220;]<\/p>\n<p>\u00a0Bj\u00f3rk\u00fatur 75.000 kr.<\/p>\n<p>Red or white whine 3L 14.990 kr.\u00a0<\/p>\n<p>Frey\u00f0iv\u00ednsfl\u00f6skur 8.000 kr\u00a0<\/p>\n<p>Kokteilabollur 5 ltr\u00a0 49.900 kr &#8211; H\u00e6gt a\u00f0 velja \u00e1 milli (Mojito, Skemmti \u00a0Mule, Basil Gimlet)<\/p>\n<p>Frosnir kokteilar 9 ltr 59.990 kr &#8211; Strawberry Daiquiri e\u00f0a Frozen Margarita \u00a0<\/p>\n<p>10 \u00edskaldir \u00ed f\u00f6tu &#8211; l\u00edtill bj\u00f3r 13.000 kr<\/p>\n<p>10 \u00edskaldir \u00ed f\u00f6tu &#8211; St\u00f3r bj\u00f3r ISK 14.500 kr<\/p>\n<p>10 hr\u00edmkaldir Sommersby 13.000 kr.<\/p>\n<p>Fl\u00f6skubor\u00f0 &#8211; 1L Vodkaflaska og bland 50.000 kr<\/p>\n<p><span style=\"color: #e6797c;\">*Me\u00f0 \u00f6llum tilbo\u00f0sp\u00f6kkum fylgja flj\u00f3tandi veitingar<\/span><\/p>\n<p><span style=\"color: #e6797c;\">* Mat \u00fearf a\u00f0 panta fyrirfram<\/span><\/p>\n<p>[\/et_pb_text][et_pb_button button_url=&#8220;@ET-DC@eyJkeW5hbWljIjp0cnVlLCJjb250ZW50IjoicG9zdF9saW5rX3VybF9wYWdlIiwic2V0dGluZ3MiOnsicG9zdF9pZCI6IjI0In19@&#8220; button_text=&#8220;Sj\u00e1 a\u00f0ra tilbo\u00f0spakka&#8220; button_alignment=&#8220;left&#8220; _builder_version=&#8220;4.27.4&#8243; _dynamic_attributes=&#8220;button_url&#8220; _module_preset=&#8220;default&#8220; custom_button=&#8220;on&#8220; button_text_size=&#8220;15px&#8220; button_text_color=&#8220;#FFFFFF&#8220; button_bg_color=&#8220;#E6797C&#8220; button_border_width=&#8220;0px&#8220; button_font=&#8220;|600||on|||||&#8220; button_use_icon=&#8220;off&#8220; custom_margin=&#8220;||||false|false&#8220; custom_padding=&#8220;15px|15%|15px|15%|true|true&#8220; global_colors_info=&#8220;{}&#8220;][\/et_pb_button][\/et_pb_column_inner][\/et_pb_row_inner][et_pb_row_inner column_structure=&#8220;1_2,1_2&#8243; _builder_version=&#8220;4.16&#8243; _module_preset=&#8220;default&#8220; global_colors_info=&#8220;{}&#8220;][et_pb_column_inner type=&#8220;1_2&#8243; saved_specialty_column_type=&#8220;2_3&#8243; _builder_version=&#8220;4.16&#8243; _module_preset=&#8220;default&#8220; global_colors_info=&#8220;{}&#8220;][et_pb_text _builder_version=&#8220;4.16&#8243; _module_preset=&#8220;default&#8220; text_text_color=&#8220;#32346E&#8220; text_font_size=&#8220;35px&#8220; header_text_color=&#8220;#32346E&#8220; header_font_size=&#8220;35px&#8220; custom_margin=&#8220;||8px|||&#8220; custom_padding=&#8220;||||false|false&#8220; custom_padding_tablet=&#8220;&#8220; custom_padding_phone=&#8220;||0%||false|false&#8220; custom_padding_last_edited=&#8220;on|phone&#8220; header_font_size_tablet=&#8220;&#8220; header_font_size_phone=&#8220;30px&#8220; header_font_size_last_edited=&#8220;on|phone&#8220; global_colors_info=&#8220;{}&#8220;]<\/p>\n<h1>Reglunar<\/h1>\n<p>[\/et_pb_text][et_pb_text _builder_version=&#8220;4.16&#8243; _module_preset=&#8220;default&#8220; text_text_color=&#8220;#32346E&#8220; link_font=&#8220;|600|||on||||&#8220; link_text_color=&#8220;#E6797C&#8220; global_colors_info=&#8220;{}&#8220;]<\/p>\n<p><span>\u00dea\u00f0 eru nokkrar reglur sem \u00fearf a\u00f0 fylgja!\u00a0 \u00de\u00f3 vi\u00f0 s\u00e9um a\u00f0 brj\u00f3ta og bramla \u00fe\u00e1 \u00fearf l\u00edka a\u00f0 vera sm\u00e1 reglust\u00fass.\u00a0<\/span><\/p>\n<p><strong>Regla nr. 1\u00a0 &#8211;\u00a0<\/strong><span>\u00d6ryggisfatna\u00f0ur \u00e1 tj\u00fall\u00f6rum er skyldugur allan t\u00edman\u00a0 me\u00f0an \u00e1 af\u00fereyingunni stendur.<\/span><\/p>\n<p><strong>Regla nr. 2\u00a0 &#8211;\u00a0<\/strong><span>\u00dea\u00f0 m\u00e1 eing\u00f6ngu brj\u00f3ta, bramla og ey\u00f0ileggja \u00fe\u00e1 hluti sem eru \u00e6tla\u00f0ir til a\u00f0 brj\u00f3ta. \u00dea\u00f0 m\u00e1 EKKI lemja veggi, loft, h\u00e1talara, myndav\u00e9lar, glugga e\u00f0a annan b\u00fana\u00f0. Ef tj\u00fallarar valda tj\u00f3ni \u00e1 \u00feeim b\u00fana\u00f0i skal tj\u00fallari grei\u00f0a fyrir tj\u00f3ni\u00f0.\u00a0<\/span><\/p>\n<p><strong>Regla nr. 3 &#8211;\u00a0<\/strong>\u00dea\u00f0 mega h\u00e1marki 5 tj\u00fallarar vera inn \u00ed herberginu \u00ed einu a\u00f0 tj\u00fallast. Vi\u00f0 m\u00e6lum me\u00f0 a\u00f0 2-3 tj\u00fallast \u00ed einu og skiptist h\u00f3purinn \u00e1.\u00a0 \u00a0\u00dea\u00f0 er eing\u00f6ngu vegna \u00f6ryggis.<\/p>\n<p><strong>Regla nr 4. &#8211;\u00a0<\/strong>Tj\u00fallarar skulu g\u00e6ta a\u00f0 vark\u00e1rni \u00e1 \u00f6\u00f0rum tj\u00fall\u00f6rum \u00ed herberginu. Stranglega banna\u00f0 a\u00f0 tj\u00fallast \u00e1 hinum tj\u00fallaranum.<\/p>\n<p><strong>Regla nr 5. &#8211;\u00a0<\/strong>Tj\u00fallarar eru teknir upp \u00e1 me\u00f0an \u00e1 tj\u00fallinu stendur. H\u00e6gt er a\u00f0 kaupa myndbandi\u00f0 \u00ed lok t\u00edmans.\u00a0<\/p>\n<p><strong>Regla nr 6. &#8211;\u00a0<\/strong>\u00a0Vi\u00f0 erum h\u00e9r til a\u00f0 leika okkur \u00e1 skemmtilegan og \u00f6\u00f0ruv\u00edsi m\u00e1ta. M\u00e6ti\u00f0 gl\u00f6\u00f0 og hress og tj\u00fallumst \u00ed fri\u00f0i !\u00a0<\/p>\n<p>[\/et_pb_text][\/et_pb_column_inner][et_pb_column_inner type=&#8220;1_2&#8243; saved_specialty_column_type=&#8220;2_3&#8243; _builder_version=&#8220;4.16&#8243; _module_preset=&#8220;default&#8220; global_colors_info=&#8220;{}&#8220;][et_pb_video src=&#8220;https:\/\/youtu.be\/ZRVOaRm9ad0&#8243; _builder_version=&#8220;4.16&#8243; _module_preset=&#8220;default&#8220; global_colors_info=&#8220;{}&#8220;][\/et_pb_video][\/et_pb_column_inner][\/et_pb_row_inner][\/et_pb_column][et_pb_column type=&#8220;1_3&#8243; _builder_version=&#8220;4.16&#8243; custom_padding=&#8220;|||&#8220; global_colors_info=&#8220;{}&#8220; custom_padding__hover=&#8220;|||&#8220;][et_pb_text _builder_version=&#8220;4.16&#8243; _module_preset=&#8220;default&#8220; text_text_color=&#8220;#32346E&#8220; text_font_size=&#8220;35px&#8220; header_text_color=&#8220;#32346E&#8220; header_font_size=&#8220;35px&#8220; custom_margin=&#8220;||8px|||&#8220; custom_padding=&#8220;||||false|false&#8220; custom_padding_tablet=&#8220;&#8220; custom_padding_phone=&#8220;||0%||false|false&#8220; custom_padding_last_edited=&#8220;on|phone&#8220; header_font_size_tablet=&#8220;&#8220; header_font_size_phone=&#8220;30px&#8220; header_font_size_last_edited=&#8220;on|phone&#8220; global_colors_info=&#8220;{}&#8220;]<\/p>\n<h1>BOOK HERE<\/h1>\n<p>[\/et_pb_text][et_pb_code _builder_version=&#8220;4.16&#8243; _module_preset=&#8220;default&#8220; global_colors_info=&#8220;{}&#8220;]<script type=\"text\/javascript\" src=\"https:\/\/widgets.bokun.io\/assets\/javascripts\/apps\/build\/BokunWidgetsLoader.js?bookingChannelUUID=8d663b76-3f35-4f64-b45d-da75303cdb13\" async><\/script><!-- [et_pb_line_break_holder] -->     <!-- [et_pb_line_break_holder] -->     <\/p>\n<div class=\"bokunWidget\" data-src=\"https:\/\/widgets.bokun.io\/online-sales\/8d663b76-3f35-4f64-b45d-da75303cdb13\/experience-calendar\/613616\"><\/div>\n<p><!-- [et_pb_line_break_holder] -->     <noscript>Please enable javascript in your browser to book<\/noscript><!-- [et_pb_line_break_holder] --> [\/et_pb_code][\/et_pb_column][\/et_pb_section]<\/p>\n<span class=\"et_bloom_bottom_trigger\"><\/span>","protected":false},"excerpt":{"rendered":"<p>\u00datr\u00e1sin T\u00edmi til a\u00f0 tj\u00fallastUppl\u00fdsingar\u00a0Ver\u00f0 per herbergi:100 hlutir \u00ed herbergi &#8211; 40.000 kr (h\u00e1marki 5 manns \u00ed herbergi) 200 hlutir \u00ed herbergi &#8211; 45.000 kr (h\u00e1marki 4-5 manns \u00ed herbergi) 300 hlutir \u00ed herbergi &#8211; 49.500 kr + fr\u00edtt myndband \u00ed lokin (h\u00e1marki 4 -5 manns \u00ed herbergi) *\u00deegar er panta\u00f0 segir group size flipinn [&hellip;]<\/p>","protected":false},"author":1,"featured_media":0,"parent":0,"menu_order":0,"comment_status":"closed","ping_status":"closed","template":"","meta":{"_et_pb_use_builder":"on","_et_pb_old_content":"","_et_gb_content_width":"","inline_featured_image":false,"footnotes":""},"class_list":["post-526","page","type-page","status-publish","hentry"],"_links":{"self":[{"href":"https:\/\/skemmtigardur.is\/en\/wp-json\/wp\/v2\/pages\/526","targetHints":{"allow":["GET"]}}],"collection":[{"href":"https:\/\/skemmtigardur.is\/en\/wp-json\/wp\/v2\/pages"}],"about":[{"href":"https:\/\/skemmtigardur.is\/en\/wp-json\/wp\/v2\/types\/page"}],"author":[{"embeddable":true,"href":"https:\/\/skemmtigardur.is\/en\/wp-json\/wp\/v2\/users\/1"}],"replies":[{"embeddable":true,"href":"https:\/\/skemmtigardur.is\/en\/wp-json\/wp\/v2\/comments?post=526"}],"version-history":[{"count":43,"href":"https:\/\/skemmtigardur.is\/en\/wp-json\/wp\/v2\/pages\/526\/revisions"}],"predecessor-version":[{"id":6418,"href":"https:\/\/skemmtigardur.is\/en\/wp-json\/wp\/v2\/pages\/526\/revisions\/6418"}],"wp:attachment":[{"href":"https:\/\/skemmtigardur.is\/en\/wp-json\/wp\/v2\/media?parent=526"}],"curies":[{"name":"wp","href":"https:\/\/api.w.org\/{rel}","templated":true}]}}