{"id":4951,"date":"2025-03-18T11:34:38","date_gmt":"2025-03-18T11:34:38","guid":{"rendered":"https:\/\/skemmtigardur.is\/?page_id=4951"},"modified":"2025-03-18T11:56:55","modified_gmt":"2025-03-18T11:56:55","slug":"styrkir_samstarf","status":"publish","type":"page","link":"https:\/\/skemmtigardur.is\/en\/styrkir_samstarf\/","title":{"rendered":"Grants"},"content":{"rendered":"<p>[et_pb_section fb_built=&#8220;1&#8243; _builder_version=&#8220;4.16&#8243; _module_preset=&#8220;default&#8220; custom_padding=&#8220;0px||||false|false&#8220; global_colors_info=&#8220;{}&#8220;][et_pb_row _builder_version=&#8220;4.16&#8243; _module_preset=&#8220;default&#8220; width=&#8220;95%&#8220; max_width=&#8220;100%&#8220; global_colors_info=&#8220;{}&#8220;][et_pb_column type=&#8220;4_4&#8243; _builder_version=&#8220;4.16&#8243; _module_preset=&#8220;default&#8220; global_colors_info=&#8220;{}&#8220;][et_pb_text _builder_version=&#8220;4.27.4&#8243; _module_preset=&#8220;default&#8220; header_text_align=&#8220;center&#8220; header_text_color=&#8220;#32346E&#8220; header_font_size=&#8220;40px&#8220; global_colors_info=&#8220;{}&#8220;]<\/p>\n<h1>Ums\u00f3kn um styrk e\u00f0a samstarf<\/h1>\n<p>[\/et_pb_text][\/et_pb_column][\/et_pb_row][et_pb_row _builder_version=&#8220;4.27.4&#8243; _module_preset=&#8220;default&#8220; global_colors_info=&#8220;{}&#8220;][et_pb_column type=&#8220;4_4&#8243; _builder_version=&#8220;4.27.4&#8243; _module_preset=&#8220;default&#8220; global_colors_info=&#8220;{}&#8220;][et_pb_blurb image=&#8220;https:\/\/skemmtigardur.is\/wp-content\/uploads\/2021\/10\/forsida.jpg&#8220; _builder_version=&#8220;4.27.4&#8243; _module_preset=&#8220;default&#8220; global_colors_info=&#8220;{}&#8220;]<\/p>\n<p><span style=\"color: #32346e;\">Skemmtigar\u00f0urinn tekur \u00fe\u00e1tt \u00ed fj\u00f6lm\u00f6rgum verkefnum \u00e1r hvert \u00fear sem vi\u00f0 \u00fdmist styrkjum \u00ed formi gjafabr\u00e9fa e\u00f0a fj\u00e1r. Me\u00f0 \u00fev\u00ed s\u00fdnum vi\u00f0 samf\u00e9lags\u00e1byrg\u00f0 \u00ed okkar n\u00e6rumhverfi og sty\u00f0jum vi\u00f0 me\u00f0al annars vi\u00f0 \u00ed\u00fer\u00f3ttaf\u00e9l\u00f6g, f\u00e9lagasamt\u00f6k og ungmennastarf.<\/span><\/p>\n<p><span style=\"color: #32346e;\">Mikill fj\u00f6ldi fyrirspurna berast dag hvern og ekki er t\u00edmi til \u00feess a\u00f0 svara hverri og einni fyrirspurn skriflega. Vinsamlegast fylli\u00f0 \u00fat formi\u00f0 h\u00e9r fyrir ne\u00f0an og ef verkefni\u00f0 er \u00feannig a\u00f0 vi\u00f0 viljum taka \u00fe\u00e1tt h\u00f6fum vi\u00f0 samband vi\u00f0 tengili\u00f0. <\/span><\/p>\n<p><span style=\"color: #32346e;\">Athugi\u00f0 a\u00f0 \u00fea\u00f0 eru takm\u00f6rk \u00e1 hversu miki\u00f0 h\u00e6gt er a\u00f0 \u00fathluta \u00e1 hverju \u00e1ri og er forgangsra\u00f0a\u00f0 verkefnum sem tengjast styrktarsj\u00f3\u00f0um sem og vi\u00f0skiptavinum sem til okkar koma reglulega.<\/span><\/p>\n<p><span style=\"color: #32346e;\">Fyrirspurnum sem sendar eru beint \u00e1 netfang e\u00f0a gegnum rangar bo\u00f0lei\u00f0ir ver\u00f0ur ekki svara\u00f0.<\/span><\/p>\n<p><span style=\"color: #32346e;\"><\/span><\/p>\n<p>[\/et_pb_blurb][\/et_pb_column][\/et_pb_row][et_pb_row column_structure=&#8220;2_5,3_5&#8243; _builder_version=&#8220;4.16&#8243; _module_preset=&#8220;default&#8220; global_colors_info=&#8220;{}&#8220;][et_pb_column type=&#8220;2_5&#8243; _builder_version=&#8220;4.16&#8243; _module_preset=&#8220;default&#8220; global_colors_info=&#8220;{}&#8220;][et_pb_text _builder_version=&#8220;4.27.4&#8243; _module_preset=&#8220;default&#8220; global_colors_info=&#8220;{}&#8220;]<\/p>\n\n<div class=\"wpcf7 no-js\" id=\"wpcf7-f4950-o1\" lang=\"en-GB\" dir=\"ltr\" data-wpcf7-id=\"4950\">\n<div class=\"screen-reader-response\"><p role=\"status\" aria-live=\"polite\" aria-atomic=\"true\"><\/p> <ul><\/ul><\/div>\n<form action=\"\/en\/wp-json\/wp\/v2\/pages\/4951#wpcf7-f4950-o1\" method=\"post\" class=\"wpcf7-form init\" aria-label=\"Contact form\" novalidate=\"novalidate\" data-status=\"init\" data-trp-original-action=\"\/en\/wp-json\/wp\/v2\/pages\/4951#wpcf7-f4950-o1\">\n<fieldset class=\"hidden-fields-container\"><input type=\"hidden\" name=\"_wpcf7\" value=\"4950\" \/><input type=\"hidden\" name=\"_wpcf7_version\" value=\"6.1.5\" \/><input type=\"hidden\" name=\"_wpcf7_locale\" value=\"en_GB\" \/><input type=\"hidden\" name=\"_wpcf7_unit_tag\" value=\"wpcf7-f4950-o1\" \/><input type=\"hidden\" name=\"_wpcf7_container_post\" value=\"0\" \/><input type=\"hidden\" name=\"_wpcf7_posted_data_hash\" value=\"\" \/><input type=\"hidden\" name=\"_wpcf7_recaptcha_response\" value=\"\" \/>\n<\/fieldset>\n<p><span class=\"wpcf7-form-control-wrap\" data-name=\"your-name\"><input size=\"40\" maxlength=\"400\" class=\"wpcf7-form-control wpcf7-text wpcf7-validates-as-required\" aria-required=\"true\" aria-invalid=\"false\" placeholder=\"Name\" value=\"\" type=\"text\" name=\"your-name\" \/><\/span>\n<\/p>\n<p><span class=\"wpcf7-form-control-wrap\" data-name=\"your-tel\"><input size=\"40\" maxlength=\"400\" class=\"wpcf7-form-control wpcf7-text wpcf7-validates-as-required\" aria-required=\"true\" aria-invalid=\"false\" placeholder=\"Phone number\" value=\"\" type=\"text\" name=\"your-tel\" \/><\/span>\n<\/p>\n<p><span class=\"wpcf7-form-control-wrap\" data-name=\"your-email\"><input size=\"40\" maxlength=\"400\" class=\"wpcf7-form-control wpcf7-email wpcf7-validates-as-required wpcf7-text wpcf7-validates-as-email\" aria-required=\"true\" aria-invalid=\"false\" placeholder=\"Email\" value=\"\" type=\"email\" name=\"your-email\" \/><\/span>\n<\/p>\n<p><span class=\"wpcf7-form-control-wrap\" data-name=\"fyrirtaeki_samtok\"><input size=\"40\" maxlength=\"400\" class=\"wpcf7-form-control wpcf7-text wpcf7-validates-as-required\" aria-required=\"true\" aria-invalid=\"false\" placeholder=\"Fyrir hva\u00f0a fyrirt\u00e6ki\/samt\u00f6k?\" value=\"\" type=\"text\" name=\"fyrirtaeki_samtok\" \/><\/span>\n<\/p>\n<p><span class=\"wpcf7-form-control-wrap\" data-name=\"styrkur_eda_samstarf\"><select class=\"wpcf7-form-control wpcf7-select wpcf7-validates-as-required\" aria-required=\"true\" aria-invalid=\"false\" name=\"styrkur_eda_samstarf\"><option value=\"Leitist \u00fei\u00f0 eftir styrk e\u00f0a samstarfi?\">Leitist \u00fei\u00f0 eftir styrk e\u00f0a samstarfi?<\/option><option value=\"Styrk\">Styrk<\/option><option value=\"Samstarf\">Samstarf<\/option><\/select><\/span>\n<\/p>\n<p><span class=\"wpcf7-form-control-wrap\" data-name=\"form_styrks\"><input size=\"40\" maxlength=\"400\" class=\"wpcf7-form-control wpcf7-text wpcf7-validates-as-required\" aria-required=\"true\" aria-invalid=\"false\" placeholder=\"Leitist \u00fei\u00f0 eftir styrk e\u00f0a gjafabr\u00e9fum(e\u00f0a anna\u00f0)?\" value=\"\" type=\"text\" name=\"form_styrks\" \/><\/span>\n<\/p>\n<p><span class=\"wpcf7-form-control-wrap\" data-name=\"your-message\"><textarea cols=\"40\" rows=\"10\" maxlength=\"2000\" class=\"wpcf7-form-control wpcf7-textarea\" aria-invalid=\"false\" placeholder=\"Segi\u00f0 okkur \u00f6rl\u00edti\u00f0 um verkefni\u00f0\" name=\"your-message\"><\/textarea><\/span>\n<\/p>\n<p><input class=\"wpcf7-form-control wpcf7-submit has-spinner\" type=\"submit\" value=\"SENDA INN\" \/>\n<\/p><div class=\"wpcf7-response-output\" aria-hidden=\"true\"><\/div>\n<input type=\"hidden\" name=\"trp-form-language\" value=\"en\"\/><\/form>\n<\/div>\n\n<p>[\/et_pb_text][\/et_pb_column][et_pb_column type=&#8220;3_5&#8243; _builder_version=&#8220;4.16&#8243; _module_preset=&#8220;default&#8220; global_colors_info=&#8220;{}&#8220;][et_pb_code _builder_version=&#8220;4.16&#8243; _module_preset=&#8220;default&#8220; global_colors_info=&#8220;{}&#8220;]<iframe src=\"https:\/\/www.google.com\/maps\/embed?pb=!1m18!1m12!1m3!1d5851.625762671266!2d-21.814532828926133!3d64.14885602773735!2m3!1f0!2f0!3f0!3m2!1i1024!2i768!4f13.1!3m3!1m2!1s0x48d6734cf3552d05%3A0x173124c7295d06e6!2sSkemmtigar%C3%B0urinn%20Grafarvogi!5e0!3m2!1sen!2sis!4v1627486072833!5m2!1sen!2sis\" width=\"1000\" height=\"537\" style=\"border:0;\" allowfullscreen=\"\" loading=\"lazy\"><\/iframe>[\/et_pb_code][\/et_pb_column][\/et_pb_row][\/et_pb_section]<\/p>\n<span class=\"et_bloom_bottom_trigger\"><\/span>","protected":false},"excerpt":{"rendered":"<p>Ums\u00f3kn um styrk e\u00f0a samstarfSkemmtigar\u00f0urinn tekur \u00fe\u00e1tt \u00ed fj\u00f6lm\u00f6rgum verkefnum \u00e1r hvert \u00fear sem vi\u00f0 \u00fdmist styrkjum \u00ed formi gjafabr\u00e9fa e\u00f0a fj\u00e1r. Me\u00f0 \u00fev\u00ed s\u00fdnum vi\u00f0 samf\u00e9lags\u00e1byrg\u00f0 \u00ed okkar n\u00e6rumhverfi og sty\u00f0jum vi\u00f0 me\u00f0al annars vi\u00f0 \u00ed\u00fer\u00f3ttaf\u00e9l\u00f6g, f\u00e9lagasamt\u00f6k og ungmennastarf. Mikill fj\u00f6ldi fyrirspurna berast dag hvern og ekki er t\u00edmi til \u00feess a\u00f0 svara hverri [&hellip;]<\/p>","protected":false},"author":2,"featured_media":0,"parent":0,"menu_order":0,"comment_status":"closed","ping_status":"closed","template":"","meta":{"_et_pb_use_builder":"on","_et_pb_old_content":"","_et_gb_content_width":"","inline_featured_image":false,"footnotes":""},"class_list":["post-4951","page","type-page","status-publish","hentry"],"_links":{"self":[{"href":"https:\/\/skemmtigardur.is\/en\/wp-json\/wp\/v2\/pages\/4951","targetHints":{"allow":["GET"]}}],"collection":[{"href":"https:\/\/skemmtigardur.is\/en\/wp-json\/wp\/v2\/pages"}],"about":[{"href":"https:\/\/skemmtigardur.is\/en\/wp-json\/wp\/v2\/types\/page"}],"author":[{"embeddable":true,"href":"https:\/\/skemmtigardur.is\/en\/wp-json\/wp\/v2\/users\/2"}],"replies":[{"embeddable":true,"href":"https:\/\/skemmtigardur.is\/en\/wp-json\/wp\/v2\/comments?post=4951"}],"version-history":[{"count":8,"href":"https:\/\/skemmtigardur.is\/en\/wp-json\/wp\/v2\/pages\/4951\/revisions"}],"predecessor-version":[{"id":4972,"href":"https:\/\/skemmtigardur.is\/en\/wp-json\/wp\/v2\/pages\/4951\/revisions\/4972"}],"wp:attachment":[{"href":"https:\/\/skemmtigardur.is\/en\/wp-json\/wp\/v2\/media?parent=4951"}],"curies":[{"name":"wp","href":"https:\/\/api.w.org\/{rel}","templated":true}]}}