{"id":480,"date":"2021-07-29T12:41:03","date_gmt":"2021-07-29T12:41:03","guid":{"rendered":"https:\/\/skemmtigardur.is\/?page_id=480"},"modified":"2025-01-03T11:35:22","modified_gmt":"2025-01-03T11:35:22","slug":"pub-quiz","status":"publish","type":"page","link":"https:\/\/skemmtigardur.is\/en\/pub-quiz\/","title":{"rendered":"Pub Quiz"},"content":{"rendered":"<p>[et_pb_section fb_built=&#8220;1&#8243; _builder_version=&#8220;4.16&#8243; _module_preset=&#8220;default&#8220; background_color=&#8220;rgba(0,3,109,0.3)&#8220; background_image=&#8220;https:\/\/skemmtigardur.is\/wp-content\/uploads\/2021\/09\/pubquiz.png&#8220; background_blend=&#8220;overlay&#8220; height=&#8220;30vw&#8220; height_tablet=&#8220;&#8220; height_phone=&#8220;100vw&#8220; height_last_edited=&#8220;on|phone&#8220; global_colors_info=&#8220;{}&#8220;][et_pb_row _builder_version=&#8220;4.16&#8243; _module_preset=&#8220;default&#8220; global_colors_info=&#8220;{}&#8220;][et_pb_column type=&#8220;4_4&#8243; _builder_version=&#8220;4.16&#8243; _module_preset=&#8220;default&#8220; global_colors_info=&#8220;{}&#8220;][et_pb_image src=&#8220;https:\/\/skemmtigardur.is\/wp-content\/uploads\/2021\/08\/pubquiz-copy.svg&#8220; title_text=&#8220;pubquiz copy&#8220; align=&#8220;center&#8220; disabled_on=&#8220;on|on|off&#8220; _builder_version=&#8220;4.16&#8243; _module_preset=&#8220;default&#8220; width=&#8220;150px&#8220; custom_padding=&#8220;1.1%||||false|false&#8220; global_colors_info=&#8220;{}&#8220;][\/et_pb_image][et_pb_text _builder_version=&#8220;4.16&#8243; _module_preset=&#8220;default&#8220; text_font=&#8220;|600|||||||&#8220; text_text_color=&#8220;#FFFFFF&#8220; text_font_size=&#8220;25px&#8220; header_text_align=&#8220;center&#8220; header_text_color=&#8220;#FFFFFF&#8220; header_font_size=&#8220;75px&#8220; text_orientation=&#8220;center&#8220; header_font_size_tablet=&#8220;&#8220; header_font_size_phone=&#8220;40px&#8220; header_font_size_last_edited=&#8220;on|phone&#8220; global_colors_info=&#8220;{}&#8220;]<\/p>\n<h1>Pub Quiz<\/h1>\n<p>Questions and puzzles tailored to each group, diverse and fun\u00a0<\/p>\n<p>[\/et_pb_text][\/et_pb_column][\/et_pb_row][\/et_pb_section][et_pb_section fb_built=&#8220;1&#8243; _builder_version=&#8220;4.16&#8243; _module_preset=&#8220;default&#8220; custom_padding=&#8220;0px||19px||false|false&#8220; global_colors_info=&#8220;{}&#8220;][et_pb_row _builder_version=&#8220;4.16&#8243; _module_preset=&#8220;default&#8220; width=&#8220;95%&#8220; max_width=&#8220;100%&#8220; custom_padding=&#8220;0px||0px||false|false&#8220; global_colors_info=&#8220;{}&#8220;][et_pb_column type=&#8220;4_4&#8243; _builder_version=&#8220;4.16&#8243; _module_preset=&#8220;default&#8220; global_colors_info=&#8220;{}&#8220;][et_pb_code module_class=&#8220;mygallery&#8220; _builder_version=&#8220;4.16&#8243; _module_preset=&#8220;default&#8220; global_colors_info=&#8220;{}&#8220;]<script src=\"https:\/\/cdnjs.cloudflare.com\/ajax\/libs\/slick-carousel\/1.8.1\/slick.js\"><!-- [et_pb_line_break_holder] --><\/script><!-- [et_pb_line_break_holder] --><\/p>\n<style>.slick-slide {<!-- [et_pb_line_break_holder] -->float:left;<!-- [et_pb_line_break_holder] -->    margin:1.6vw;<!-- [et_pb_line_break_holder] -->  }<!-- [et_pb_line_break_holder] -->.slick-list {<!-- [et_pb_line_break_holder] -->    padding-left: 1vw!important; \/\/ half partial<!-- [et_pb_line_break_holder] -->}<!-- [et_pb_line_break_holder] --><!-- [et_pb_line_break_holder] --><\/style>\n<p><!-- [et_pb_line_break_holder] --><script><!-- [et_pb_line_break_holder] --><!-- [et_pb_line_break_holder] -->    jQuery(function($){<!-- [et_pb_line_break_holder] -->    var backButton = $('.back-button-mynd');<!-- [et_pb_line_break_holder] -->    var nextButton = $('.next-button-mynd');<!-- [et_pb_line_break_holder] -->    $('.et_pb_gallery_items').slick({<!-- [et_pb_line_break_holder] --><!-- [et_pb_line_break_holder] -->        infinite: true,<!-- [et_pb_line_break_holder] -->        slidesToShow: 4,<!-- [et_pb_line_break_holder] -->        slidesToScroll: 3,<!-- [et_pb_line_break_holder] -->        centerMode: true,<!-- [et_pb_line_break_holder] -->        centerPadding: '13%',<!-- [et_pb_line_break_holder] -->        swipe: true,<!-- [et_pb_line_break_holder] -->        prevArrow: backButton,<!-- [et_pb_line_break_holder] -->        nextArrow: nextButton,<!-- [et_pb_line_break_holder] -->        responsive: [{<!-- [et_pb_line_break_holder] -->        breakpoint: 1079, settings: {<!-- [et_pb_line_break_holder] -->        slidesToShow: 2<!-- [et_pb_line_break_holder] -->        }<!-- [et_pb_line_break_holder] -->        }] <!-- [et_pb_line_break_holder] -->    });<!-- [et_pb_line_break_holder] -->  });<!-- [et_pb_line_break_holder] --><!-- [et_pb_line_break_holder] --><\/script>[\/et_pb_code][et_pb_blurb use_icon=&#8220;on&#8220; font_icon=&#8220;&#x35;||divi||400&#8243; icon_color=&#8220;#023030&#8243; image_icon_background_color=&#8220;#F1F1F1&#8243; icon_placement=&#8220;left&#8220; image_icon_width=&#8220;30px&#8220; module_class=&#8220;next-button-mynd&#8220; _builder_version=&#8220;4.16&#8243; _module_preset=&#8220;default&#8220; image_icon_custom_padding=&#8220;8px|8px|8px|8px|false|false&#8220; custom_margin=&#8220;||0px||false|false&#8220; custom_css_main_element=&#8220;display:inline-block;||float:right;||cursor: pointer;&#8220; border_radii_image=&#8220;on|100%|100%|100%|100%&#8220; icon_font_size=&#8220;30px&#8220; use_circle=&#8220;on&#8220; circle_color=&#8220;#F1F1F1&#8243; global_colors_info=&#8220;{}&#8220; image_icon_background_color__sticky_enabled=&#8220;#7EBEC5&#8243; image_icon_background_color__sticky=&#8220;#7EBEC5&#8243;][\/et_pb_blurb][et_pb_blurb use_icon=&#8220;on&#8220; font_icon=&#8220;&#x34;||divi||400&#8243; icon_color=&#8220;#023030&#8243; image_icon_background_color=&#8220;#F1F1F1&#8243; icon_placement=&#8220;left&#8220; image_icon_width=&#8220;30px&#8220; module_class=&#8220;back-button-mynd&#8220; _builder_version=&#8220;4.16&#8243; _module_preset=&#8220;default&#8220; image_icon_custom_padding=&#8220;8px|8px|8px|8px|false|false&#8220; custom_margin=&#8220;||0px||false|false&#8220; custom_css_main_element=&#8220;display:inline-block;||float:right;||cursor: pointer;&#8220; border_radii_image=&#8220;on|100%|100%|100%|100%&#8220; icon_font_size=&#8220;30px&#8220; use_circle=&#8220;on&#8220; circle_color=&#8220;#F1F1F1&#8243; global_colors_info=&#8220;{}&#8220; image_icon_background_color__sticky_enabled=&#8220;#7EBEC5&#8243; image_icon_background_color__sticky=&#8220;#7EBEC5&#8243;][\/et_pb_blurb][\/et_pb_column][\/et_pb_row][et_pb_row use_custom_gutter=&#8220;on&#8220; gutter_width=&#8220;1&#8243; _builder_version=&#8220;4.16&#8243; _module_preset=&#8220;default&#8220; width=&#8220;100%&#8220; max_width=&#8220;100%&#8220; custom_padding=&#8220;0px||0px||false|false&#8220; global_colors_info=&#8220;{}&#8220;][et_pb_column type=&#8220;4_4&#8243; _builder_version=&#8220;4.16&#8243; _module_preset=&#8220;default&#8220; overflow-x=&#8220;hidden&#8220; overflow-y=&#8220;hidden&#8220; global_colors_info=&#8220;{}&#8220;][et_pb_gallery gallery_ids=&#8220;945,847,633,844,3534,1735,1736,1737,1738,1739,1740,1741,1742,1743,1744,1745,1746,1747&#8243; posts_number=&#8220;20&#8243; show_title_and_caption=&#8220;off&#8220; show_pagination=&#8220;off&#8220; _builder_version=&#8220;4.16&#8243; _module_preset=&#8220;default&#8220; overflow-x=&#8220;hidden&#8220; overflow-y=&#8220;hidden&#8220; global_colors_info=&#8220;{}&#8220;][\/et_pb_gallery][\/et_pb_column][\/et_pb_row][\/et_pb_section][et_pb_section fb_built=&#8220;1&#8243; specialty=&#8220;on&#8220; _builder_version=&#8220;4.16&#8243; _module_preset=&#8220;default&#8220; custom_padding=&#8220;7px|||||&#8220; global_colors_info=&#8220;{}&#8220;][et_pb_column type=&#8220;2_3&#8243; specialty_columns=&#8220;2&#8243; _builder_version=&#8220;4.16&#8243; custom_padding=&#8220;|||&#8220; global_colors_info=&#8220;{}&#8220; custom_padding__hover=&#8220;|||&#8220;][et_pb_row_inner column_structure=&#8220;1_2,1_2&#8243; use_custom_gutter=&#8220;on&#8220; gutter_width=&#8220;2&#8243; make_equal=&#8220;on&#8220; _builder_version=&#8220;4.16&#8243; _module_preset=&#8220;default&#8220; border_width_bottom=&#8220;1px&#8220; border_color_bottom=&#8220;#E6797C&#8220; global_colors_info=&#8220;{}&#8220;][et_pb_column_inner type=&#8220;1_2&#8243; saved_specialty_column_type=&#8220;2_3&#8243; _builder_version=&#8220;4.16&#8243; _module_preset=&#8220;default&#8220; global_colors_info=&#8220;{}&#8220;][et_pb_text _builder_version=&#8220;4.16&#8243; _module_preset=&#8220;default&#8220; text_text_color=&#8220;#32346E&#8220; text_font_size=&#8220;35px&#8220; header_text_color=&#8220;#32346E&#8220; header_font_size=&#8220;35px&#8220; custom_margin=&#8220;||8px|||&#8220; custom_padding=&#8220;||||false|false&#8220; custom_padding_tablet=&#8220;&#8220; custom_padding_phone=&#8220;||0%||false|false&#8220; custom_padding_last_edited=&#8220;on|phone&#8220; header_font_size_tablet=&#8220;&#8220; header_font_size_phone=&#8220;30px&#8220; header_font_size_last_edited=&#8220;on|phone&#8220; global_colors_info=&#8220;{}&#8220;]<\/p>\n<h1>Information<\/h1>\n<p>[\/et_pb_text][et_pb_text _builder_version=&#8220;4.16&#8243; _module_preset=&#8220;default&#8220; text_text_color=&#8220;#32346E&#8220; link_font=&#8220;|600|||on||||&#8220; link_text_color=&#8220;#E6797C&#8220; custom_padding=&#8220;||||false|false&#8220; global_colors_info=&#8220;{}&#8220;]<\/p>\n<p><strong>Price per person:<\/strong> <em>3990 kr.<\/em><br \/><strong><\/strong><\/p>\n<p><strong><span>Driving in the capital area: <\/span><\/strong><em>10.000 kr<\/em><strong><br \/><\/strong><\/p>\n<p><strong>Included:<\/strong> <span>\u00a0<em>Quiz and medals<\/em><\/span><br \/><strong><\/strong><\/p>\n<p><strong>Game time:<\/strong> <em>45-90 m\u00edn<\/em><br \/><strong><\/strong><\/p>\n<p><strong>Minimum amount of participants is 15<\/strong><br \/><em>Every day from 9am-9pm<\/em><\/p>\n<p>&nbsp;<\/p>\n<p>[\/et_pb_text][\/et_pb_column_inner][et_pb_column_inner type=&#8220;1_2&#8243; saved_specialty_column_type=&#8220;2_3&#8243; _builder_version=&#8220;4.16&#8243; _module_preset=&#8220;default&#8220; global_colors_info=&#8220;{}&#8220;][et_pb_text _builder_version=&#8220;4.16&#8243; _module_preset=&#8220;default&#8220; text_text_color=&#8220;#32346E&#8220; text_font_size=&#8220;35px&#8220; header_text_color=&#8220;#32346E&#8220; header_font_size=&#8220;35px&#8220; custom_margin=&#8220;||8px|||&#8220; custom_padding=&#8220;||||false|false&#8220; custom_padding_tablet=&#8220;&#8220; custom_padding_phone=&#8220;||0%||false|false&#8220; custom_padding_last_edited=&#8220;on|phone&#8220; header_font_size_tablet=&#8220;&#8220; header_font_size_phone=&#8220;30px&#8220; header_font_size_last_edited=&#8220;on|phone&#8220; global_colors_info=&#8220;{}&#8220;]<\/p>\n<h1>What is Pub Quiz?<\/h1>\n<p>[\/et_pb_text][et_pb_text _builder_version=&#8220;4.16&#8243; _module_preset=&#8220;default&#8220; text_text_color=&#8220;#32346E&#8220; link_font=&#8220;|600|||on||||&#8220; link_text_color=&#8220;#E6797C&#8220; custom_padding=&#8220;||||false|false&#8220; global_colors_info=&#8220;{}&#8220;]<\/p>\n<div class=\"accordion__title\">\n<div class=\"paragraph\">We prepare diverse and fun Pub Quizzes for our groups.<\/div>\n<\/div>\n<div class=\"accordion__content\">\n<div>\n<div>\n<div class=\"paragraph\">\n<p>They are characterized by fun, questions, tasks, and teamwork.<\/p>\n<p><strong>Our pubquiz contain a fun mix of general knowledge, picture puzzles and sound puzzles.<\/strong><\/p>\n<p><strong>It is possible to book a Pubquiz here at Skemmtigar\u00f0ur, or we can also come to you with the fun.<\/strong><\/p>\n<p>The teams have to answer both traditional and fun questions and solve a variety of tasks, thus collecting points.<\/p>\n<p>We have a few pub quizzes that we roll out and change them regularly. We can also create a custom pub quiz for your group, to order one you need to contact us and we will work it out together.<\/p>\n<p><strong>The winning team then receives medals.\u00a0<\/strong><\/p>\n<\/div>\n<\/div>\n<\/div>\n<\/div>\n<p>[\/et_pb_text][\/et_pb_column_inner][\/et_pb_row_inner][et_pb_row_inner column_structure=&#8220;1_2,1_2&#8243; use_custom_gutter=&#8220;on&#8220; gutter_width=&#8220;2&#8243; make_equal=&#8220;on&#8220; _builder_version=&#8220;4.9.10&#8243; _module_preset=&#8220;default&#8220; custom_padding=&#8220;||12px|||&#8220; border_width_bottom=&#8220;1px&#8220; border_color_bottom=&#8220;#E6797C&#8220; global_module=&#8220;988&#8243; saved_tabs=&#8220;all&#8220; global_colors_info=&#8220;{}&#8220;][et_pb_column_inner type=&#8220;1_2&#8243; _builder_version=&#8220;4.16&#8243; _module_preset=&#8220;default&#8220; global_colors_info=&#8220;{}&#8220;][et_pb_text _builder_version=&#8220;4.16&#8243; _module_preset=&#8220;default&#8220; text_text_color=&#8220;#32346E&#8220; text_font_size=&#8220;35px&#8220; header_text_color=&#8220;#32346E&#8220; header_font_size=&#8220;35px&#8220; custom_margin=&#8220;||8px|||&#8220; custom_padding=&#8220;||||false|false&#8220; custom_padding_tablet=&#8220;&#8220; custom_padding_phone=&#8220;||0%||false|false&#8220; custom_padding_last_edited=&#8220;on|phone&#8220; header_font_size_tablet=&#8220;&#8220; header_font_size_phone=&#8220;30px&#8220; header_font_size_last_edited=&#8220;on|phone&#8220; global_colors_info=&#8220;{}&#8220;]<\/p>\n<h1>Refreshments<\/h1>\n<p>[\/et_pb_text][et_pb_text _builder_version=&#8220;4.16&#8243; _module_preset=&#8220;default&#8220; text_text_color=&#8220;#32346E&#8220; link_font=&#8220;|600|||on||||&#8220; link_text_color=&#8220;#E6797C&#8220; height=&#8220;380px&#8220; global_colors_info=&#8220;{}&#8220;]<\/p>\n<p>Pizza buffet 3.500 kr.<\/p>\n<p>Grilled burgers with fries 3.500 kr.<br \/>M\/krullurfranskar og me\u00f0l\u00e6ti<\/p>\n<p>Appetizers for 4-5 people 9.990 kr.<\/p>\n<p>Jalapeno poppers, Laukhringir, Franskar,<\/p>\n<p>Mozzarella stangir, salsa s\u00f3sa<\/p>\n<p>Tortillubakki &#8211; 4-5 manns 9.990 k<\/p>\n<p>Samlokubakki &#8211; 4-5 manns 9.990 kr<\/p>\n<p>[\/et_pb_text][\/et_pb_column_inner][et_pb_column_inner type=&#8220;1_2&#8243; _builder_version=&#8220;4.16&#8243; _module_preset=&#8220;default&#8220; global_colors_info=&#8220;{}&#8220;][et_pb_text disabled_on=&#8220;on|on|off&#8220; _builder_version=&#8220;4.16&#8243; _module_preset=&#8220;default&#8220; text_text_color=&#8220;#32346E&#8220; link_font=&#8220;|600|||on||||&#8220; link_text_color=&#8220;#E6797C&#8220; header_text_color=&#8220;#32346E&#8220; header_font_size=&#8220;35px&#8220; custom_margin=&#8220;||||false|false&#8220; custom_padding=&#8220;||||false|false&#8220; global_colors_info=&#8220;{}&#8220;]<\/p>\n<h1><\/h1>\n<p>[\/et_pb_text][et_pb_text _builder_version=&#8220;4.16&#8243; _module_preset=&#8220;default&#8220; text_text_color=&#8220;#32346E&#8220; link_font=&#8220;|600|||on||||&#8220; link_text_color=&#8220;#E6797C&#8220; global_colors_info=&#8220;{}&#8220;]<\/p>\n<p>\u00a0Beer keg 72.000 kr.<\/p>\n<p>Red or white whine 3L 14.990 kr.\u00a0<\/p>\n<p>Sparkling wine 6.000 kr.\u00a0<\/p>\n<p>Kokteilabollur 5 ltr\u00a0 39.900 kr &#8211; H\u00e6gt a\u00f0 velja \u00e1 milli (Mojito, Skemmti \u00a0Mule, Basil Gimlet)<\/p>\n<p>Frosnir kokteilar 9 ltr 55.000 kr &#8211; Strawberry Daiquiri e\u00f0a Frozen Margarita \u00a0<\/p>\n<p>10 \u00edskaldir \u00ed f\u00f6tu &#8211; l\u00edtill bj\u00f3r 12.000 kr<\/p>\n<p>10 \u00edskaldir \u00ed f\u00f6tu &#8211; St\u00f3r bj\u00f3r ISK 13.000 kr<\/p>\n<p>10 hr\u00edmkaldir Sommersby 12.000 kr.<\/p>\n<p><span style=\"color: #e6797c;\">*All packages include refreshments.<\/span><\/p>\n<p><span style=\"color: #e6797c;\">*Food must be ordered in advance.<\/span><\/p>\n<p>[\/et_pb_text][et_pb_button button_url=&#8220;@ET-DC@eyJkeW5hbWljIjp0cnVlLCJjb250ZW50IjoicG9zdF9saW5rX3VybF9wYWdlIiwic2V0dGluZ3MiOnsicG9zdF9pZCI6IjI0In19@&#8220; button_text=&#8220;Sj\u00e1 a\u00f0ra tilbo\u00f0spakka&#8220; button_alignment=&#8220;left&#8220; _builder_version=&#8220;4.27.4&#8243; _dynamic_attributes=&#8220;button_url&#8220; _module_preset=&#8220;default&#8220; custom_button=&#8220;on&#8220; button_text_size=&#8220;15px&#8220; button_text_color=&#8220;#FFFFFF&#8220; button_bg_color=&#8220;#E6797C&#8220; button_border_width=&#8220;0px&#8220; button_font=&#8220;|600||on|||||&#8220; button_use_icon=&#8220;off&#8220; custom_margin=&#8220;||||false|false&#8220; custom_padding=&#8220;15px|15%|15px|15%|true|true&#8220; global_colors_info=&#8220;{}&#8220;][\/et_pb_button][\/et_pb_column_inner][\/et_pb_row_inner][\/et_pb_column][et_pb_column type=&#8220;1_3&#8243; _builder_version=&#8220;4.16&#8243; custom_padding=&#8220;|||&#8220; global_colors_info=&#8220;{}&#8220; custom_padding__hover=&#8220;|||&#8220;][et_pb_text _builder_version=&#8220;4.16&#8243; _module_preset=&#8220;default&#8220; text_text_color=&#8220;#32346E&#8220; text_font_size=&#8220;35px&#8220; header_text_color=&#8220;#32346E&#8220; header_font_size=&#8220;35px&#8220; custom_margin=&#8220;||8px|||&#8220; custom_padding=&#8220;||||false|false&#8220; custom_padding_tablet=&#8220;&#8220; custom_padding_phone=&#8220;||0%||false|false&#8220; custom_padding_last_edited=&#8220;on|phone&#8220; header_font_size_tablet=&#8220;&#8220; header_font_size_phone=&#8220;30px&#8220; header_font_size_last_edited=&#8220;on|phone&#8220; global_colors_info=&#8220;{}&#8220;]<\/p>\n<h1>BOOK HERE<\/h1>\n<p>[\/et_pb_text][et_pb_code _builder_version=&#8220;4.16&#8243; _module_preset=&#8220;default&#8220; global_colors_info=&#8220;{}&#8220;]<script type=\"text\/javascript\" src=\"https:\/\/widgets.bokun.io\/assets\/javascripts\/apps\/build\/BokunWidgetsLoader.js?bookingChannelUUID=8d663b76-3f35-4f64-b45d-da75303cdb13\" async><\/script><!-- [et_pb_line_break_holder] -->     <!-- [et_pb_line_break_holder] -->     <\/p>\n<div class=\"bokunWidget\" data-src=\"https:\/\/widgets.bokun.io\/online-sales\/8d663b76-3f35-4f64-b45d-da75303cdb13\/experience-calendar\/80227\"><\/div>\n<p><!-- [et_pb_line_break_holder] -->     <noscript>Please enable javascript in your browser to book<\/noscript>[\/et_pb_code][\/et_pb_column][\/et_pb_section]<\/p>\n<span class=\"et_bloom_bottom_trigger\"><\/span>","protected":false},"excerpt":{"rendered":"<p>PUB QUIZ Spurningar og \u00ferautir s\u00e9rsni\u00f0nar a\u00f0 hverjum h\u00f3p fj\u00f6lbreytt og skemmtilegt\u00a0Uppl\u00fdsingarVer\u00f0 \u00e1 mann: 3990 kr. Akstur \u00e1 h\u00f6fu\u00f0borgarsv: 10.000 kr Innifali\u00f0: \u00a0Spurningakeppni og ver\u00f0laun Leikt\u00edmi: 45-90 m\u00edn L\u00e1marksfj\u00f6ldi er 15 mannsH\u00e6gt er a\u00f0 b\u00f3ka alla daga fr\u00e1 09:00 &#8211; 21:00 &nbsp;Hva\u00f0 er Pub Quiz? Vi\u00f0 \u00fatb\u00faum fj\u00f6lbreytt og skemmtileg Pub Quiz fyrir h\u00f3pana okkar. [&hellip;]<\/p>","protected":false},"author":1,"featured_media":0,"parent":0,"menu_order":0,"comment_status":"closed","ping_status":"closed","template":"","meta":{"_et_pb_use_builder":"on","_et_pb_old_content":"","_et_gb_content_width":"","inline_featured_image":false,"footnotes":""},"class_list":["post-480","page","type-page","status-publish","hentry"],"_links":{"self":[{"href":"https:\/\/skemmtigardur.is\/en\/wp-json\/wp\/v2\/pages\/480","targetHints":{"allow":["GET"]}}],"collection":[{"href":"https:\/\/skemmtigardur.is\/en\/wp-json\/wp\/v2\/pages"}],"about":[{"href":"https:\/\/skemmtigardur.is\/en\/wp-json\/wp\/v2\/types\/page"}],"author":[{"embeddable":true,"href":"https:\/\/skemmtigardur.is\/en\/wp-json\/wp\/v2\/users\/1"}],"replies":[{"embeddable":true,"href":"https:\/\/skemmtigardur.is\/en\/wp-json\/wp\/v2\/comments?post=480"}],"version-history":[{"count":22,"href":"https:\/\/skemmtigardur.is\/en\/wp-json\/wp\/v2\/pages\/480\/revisions"}],"predecessor-version":[{"id":4469,"href":"https:\/\/skemmtigardur.is\/en\/wp-json\/wp\/v2\/pages\/480\/revisions\/4469"}],"wp:attachment":[{"href":"https:\/\/skemmtigardur.is\/en\/wp-json\/wp\/v2\/media?parent=480"}],"curies":[{"name":"wp","href":"https:\/\/api.w.org\/{rel}","templated":true}]}}