{"id":2186,"date":"2021-10-28T11:05:44","date_gmt":"2021-10-28T11:05:44","guid":{"rendered":"https:\/\/skemmtigardur.is\/?page_id=2186"},"modified":"2021-10-28T11:06:58","modified_gmt":"2021-10-28T11:06:58","slug":"ups","status":"publish","type":"page","link":"https:\/\/skemmtigardur.is\/en\/ups\/","title":{"rendered":"ups"},"content":{"rendered":"[et_pb_section fb_built=&#8220;1&#8243; _builder_version=&#8220;4.11.4&#8243; _module_preset=&#8220;default&#8220;][et_pb_row _builder_version=&#8220;4.11.4&#8243; _module_preset=&#8220;default&#8220;][et_pb_column _builder_version=&#8220;4.11.4&#8243; _module_preset=&#8220;default&#8220; type=&#8220;4_4&#8243;][et_pb_text _builder_version=&#8220;4.11.4&#8243; _module_preset=&#8220;default&#8220; header_text_color=&#8220;#32346E&#8220; header_text_align=&#8220;center&#8220; header_line_height=&#8220;1.5em&#8220; hover_enabled=&#8220;0&#8243; sticky_enabled=&#8220;0&#8243;]<h1>\u00c6ji hva\u00f0 ger\u00f0ist?<\/h1>\n<h1>\u00dea\u00f0 l\u00edtur \u00fat fyrir a\u00f0 \u00fe\u00fa hafir h\u00e6tt vi\u00f0 b\u00f3kunina \u00fe\u00edna. Far\u00f0u inn \u00e1 www.skemmtigardur.is og pr\u00f3fa\u00f0u aftur.<\/h1>[\/et_pb_text][\/et_pb_column][\/et_pb_row][\/et_pb_section]\n<span class=\"et_bloom_bottom_trigger\"><\/span>","protected":false},"excerpt":{"rendered":"<p>\u00c6ji hva\u00f0 ger\u00f0ist? \u00dea\u00f0 l\u00edtur \u00fat fyrir a\u00f0 \u00fe\u00fa hafir h\u00e6tt vi\u00f0 b\u00f3kunina \u00fe\u00edna. Far\u00f0u inn \u00e1 www.skemmtigardur.is og pr\u00f3fa\u00f0u aftur.<\/p>","protected":false},"author":1,"featured_media":0,"parent":0,"menu_order":0,"comment_status":"closed","ping_status":"closed","template":"","meta":{"_et_pb_use_builder":"on","_et_pb_old_content":"","_et_gb_content_width":"","inline_featured_image":false,"footnotes":""},"class_list":["post-2186","page","type-page","status-publish","hentry"],"_links":{"self":[{"href":"https:\/\/skemmtigardur.is\/en\/wp-json\/wp\/v2\/pages\/2186","targetHints":{"allow":["GET"]}}],"collection":[{"href":"https:\/\/skemmtigardur.is\/en\/wp-json\/wp\/v2\/pages"}],"about":[{"href":"https:\/\/skemmtigardur.is\/en\/wp-json\/wp\/v2\/types\/page"}],"author":[{"embeddable":true,"href":"https:\/\/skemmtigardur.is\/en\/wp-json\/wp\/v2\/users\/1"}],"replies":[{"embeddable":true,"href":"https:\/\/skemmtigardur.is\/en\/wp-json\/wp\/v2\/comments?post=2186"}],"version-history":[{"count":4,"href":"https:\/\/skemmtigardur.is\/en\/wp-json\/wp\/v2\/pages\/2186\/revisions"}],"predecessor-version":[{"id":2190,"href":"https:\/\/skemmtigardur.is\/en\/wp-json\/wp\/v2\/pages\/2186\/revisions\/2190"}],"wp:attachment":[{"href":"https:\/\/skemmtigardur.is\/en\/wp-json\/wp\/v2\/media?parent=2186"}],"curies":[{"name":"wp","href":"https:\/\/api.w.org\/{rel}","templated":true}]}}