{"id":2182,"date":"2021-10-28T11:01:02","date_gmt":"2021-10-28T11:01:02","guid":{"rendered":"https:\/\/skemmtigardur.is\/?page_id=2182"},"modified":"2021-10-28T11:05:17","modified_gmt":"2021-10-28T11:05:17","slug":"takk","status":"publish","type":"page","link":"https:\/\/skemmtigardur.is\/en\/takk\/","title":{"rendered":"takk"},"content":{"rendered":"<p>[et_pb_section fb_built=&#8220;1&#8243; _builder_version=&#8220;4.11.4&#8243; _module_preset=&#8220;default&#8220;][et_pb_row _builder_version=&#8220;4.11.4&#8243; _module_preset=&#8220;default&#8220;][et_pb_column _builder_version=&#8220;4.11.4&#8243; _module_preset=&#8220;default&#8220; type=&#8220;4_4&#8243;][et_pb_text _builder_version=&#8220;4.11.4&#8243; _module_preset=&#8220;default&#8220; header_text_color=&#8220;#32346E&#8220; header_text_align=&#8220;center&#8220; header_line_height=&#8220;1.5em&#8220; hover_enabled=&#8220;0&#8243; sticky_enabled=&#8220;0&#8243;]<\/p>\n<h1>Vi\u00f0 hl\u00f6kkum til a\u00f0 taka \u00e1 m\u00f3ti \u00fe\u00e9r \u00ed Skemmtigar\u00f0inum.<\/h1>\n<h1>Vi\u00f0 h\u00f6fum sent \u00fe\u00e9r t\u00f6lvup\u00f3st sem sta\u00f0festir p\u00f6ntunina \u00fe\u00edna.<br \/>Hafir \u00fe\u00fa einhverjar spurningar er \u00fe\u00e9r velkomi\u00f0 a\u00f0 hafa samband vi\u00f0 okkur \u00e1<\/h1>\n<h1>info@skemmtigardur.is e\u00f0a 587-4000<br \/>Sj\u00e1umst!<\/h1>\n<p>[\/et_pb_text][\/et_pb_column][\/et_pb_row][\/et_pb_section]<\/p>\n<span class=\"et_bloom_bottom_trigger\"><\/span>","protected":false},"excerpt":{"rendered":"<p>Vi\u00f0 hl\u00f6kkum til a\u00f0 taka \u00e1 m\u00f3ti \u00fe\u00e9r \u00ed Skemmtigar\u00f0inum. Vi\u00f0 h\u00f6fum sent \u00fe\u00e9r t\u00f6lvup\u00f3st sem sta\u00f0festir p\u00f6ntunina \u00fe\u00edna.Hafir \u00fe\u00fa einhverjar spurningar er \u00fe\u00e9r velkomi\u00f0 a\u00f0 hafa samband vi\u00f0 okkur \u00e1 info@skemmtigardur.is e\u00f0a 587-4000Sj\u00e1umst!<\/p>","protected":false},"author":1,"featured_media":0,"parent":0,"menu_order":0,"comment_status":"closed","ping_status":"closed","template":"","meta":{"_et_pb_use_builder":"on","_et_pb_old_content":"","_et_gb_content_width":"","inline_featured_image":false,"footnotes":""},"class_list":["post-2182","page","type-page","status-publish","hentry"],"_links":{"self":[{"href":"https:\/\/skemmtigardur.is\/en\/wp-json\/wp\/v2\/pages\/2182","targetHints":{"allow":["GET"]}}],"collection":[{"href":"https:\/\/skemmtigardur.is\/en\/wp-json\/wp\/v2\/pages"}],"about":[{"href":"https:\/\/skemmtigardur.is\/en\/wp-json\/wp\/v2\/types\/page"}],"author":[{"embeddable":true,"href":"https:\/\/skemmtigardur.is\/en\/wp-json\/wp\/v2\/users\/1"}],"replies":[{"embeddable":true,"href":"https:\/\/skemmtigardur.is\/en\/wp-json\/wp\/v2\/comments?post=2182"}],"version-history":[{"count":2,"href":"https:\/\/skemmtigardur.is\/en\/wp-json\/wp\/v2\/pages\/2182\/revisions"}],"predecessor-version":[{"id":2185,"href":"https:\/\/skemmtigardur.is\/en\/wp-json\/wp\/v2\/pages\/2182\/revisions\/2185"}],"wp:attachment":[{"href":"https:\/\/skemmtigardur.is\/en\/wp-json\/wp\/v2\/media?parent=2182"}],"curies":[{"name":"wp","href":"https:\/\/api.w.org\/{rel}","templated":true}]}}