{"id":1674,"date":"2021-09-28T10:37:39","date_gmt":"2021-09-28T10:37:39","guid":{"rendered":"https:\/\/skemmtigardur.is\/?page_id=1674"},"modified":"2026-03-04T13:58:19","modified_gmt":"2026-03-04T13:58:19","slug":"archery-tag-afmaeli-2","status":"publish","type":"page","link":"https:\/\/skemmtigardur.is\/en\/archery-tag-afmaeli-2\/","title":{"rendered":"Archery tag afm\u00e6li 2"},"content":{"rendered":"<p>[et_pb_section fb_built=&#8220;1&#8243; _builder_version=&#8220;4.16&#8243; _module_preset=&#8220;default&#8220; background_color=&#8220;rgba(0,3,109,0.3)&#8220; background_image=&#8220;https:\/\/skemmtigardur.is\/wp-content\/uploads\/2021\/09\/archery_tag.png&#8220; background_blend=&#8220;overlay&#8220; height=&#8220;30vw&#8220; height_tablet=&#8220;&#8220; height_phone=&#8220;100vw&#8220; height_last_edited=&#8220;on|phone&#8220; global_colors_info=&#8220;{}&#8220;][et_pb_row _builder_version=&#8220;4.16&#8243; _module_preset=&#8220;default&#8220; global_colors_info=&#8220;{}&#8220;][et_pb_column type=&#8220;4_4&#8243; _builder_version=&#8220;4.16&#8243; _module_preset=&#8220;default&#8220; global_colors_info=&#8220;{}&#8220;][et_pb_image src=&#8220;https:\/\/skemmtigardur.is\/wp-content\/uploads\/2021\/08\/archery-copy.svg&#8220; title_text=&#8220;archery copy&#8220; align=&#8220;center&#8220; disabled_on=&#8220;on|on|off&#8220; _builder_version=&#8220;4.16&#8243; _module_preset=&#8220;default&#8220; width=&#8220;150px&#8220; custom_padding=&#8220;1.1%||||false|false&#8220; global_colors_info=&#8220;{}&#8220;][\/et_pb_image][et_pb_text _builder_version=&#8220;4.16&#8243; _module_preset=&#8220;default&#8220; text_font=&#8220;|600|||||||&#8220; text_text_color=&#8220;#FFFFFF&#8220; text_font_size=&#8220;25px&#8220; header_text_align=&#8220;center&#8220; header_text_color=&#8220;#FFFFFF&#8220; header_font_size=&#8220;75px&#8220; text_orientation=&#8220;center&#8220; header_font_size_tablet=&#8220;&#8220; header_font_size_phone=&#8220;40px&#8220; header_font_size_last_edited=&#8220;on|phone&#8220; global_colors_info=&#8220;{}&#8220;]<\/p>\n<h1 class=\"titillium-web default-transform large\">Archery Tag package 2<\/h1>\n<p>\u00d6rvandi skemmtun<\/p>\n<p>&nbsp;<\/p>\n<p>[\/et_pb_text][\/et_pb_column][\/et_pb_row][\/et_pb_section][et_pb_section fb_built=&#8220;1&#8243; _builder_version=&#8220;4.16&#8243; _module_preset=&#8220;default&#8220; custom_padding=&#8220;0px||||false|false&#8220; global_colors_info=&#8220;{}&#8220;][et_pb_row _builder_version=&#8220;4.16&#8243; _module_preset=&#8220;default&#8220; width=&#8220;95%&#8220; max_width=&#8220;100%&#8220; custom_padding=&#8220;0px||0px||false|false&#8220; global_colors_info=&#8220;{}&#8220;][et_pb_column type=&#8220;4_4&#8243; _builder_version=&#8220;4.16&#8243; _module_preset=&#8220;default&#8220; global_colors_info=&#8220;{}&#8220;][et_pb_code module_class=&#8220;mygallery&#8220; _builder_version=&#8220;4.16&#8243; _module_preset=&#8220;default&#8220; global_colors_info=&#8220;{}&#8220;]<script src=\"https:\/\/cdnjs.cloudflare.com\/ajax\/libs\/slick-carousel\/1.8.1\/slick.js\"><!-- [et_pb_line_break_holder] --><\/script><!-- [et_pb_line_break_holder] --><\/p>\n<style>.slick-slide {<!-- [et_pb_line_break_holder] -->float:left;<!-- [et_pb_line_break_holder] -->    margin:1.6vw;<!-- [et_pb_line_break_holder] -->  }<!-- [et_pb_line_break_holder] -->.slick-list {<!-- [et_pb_line_break_holder] -->    padding-left: 1vw!important; \/\/ half partial<!-- [et_pb_line_break_holder] -->}<!-- [et_pb_line_break_holder] --><!-- [et_pb_line_break_holder] --><\/style>\n<p><!-- [et_pb_line_break_holder] --><script><!-- [et_pb_line_break_holder] --><!-- [et_pb_line_break_holder] -->    jQuery(function($){<!-- [et_pb_line_break_holder] -->    var backButton = $('.back-button-mynd');<!-- [et_pb_line_break_holder] -->    var nextButton = $('.next-button-mynd');<!-- [et_pb_line_break_holder] -->    $('.et_pb_gallery_items').slick({<!-- [et_pb_line_break_holder] --><!-- [et_pb_line_break_holder] -->        infinite: true,<!-- [et_pb_line_break_holder] -->        slidesToShow: 4,<!-- [et_pb_line_break_holder] -->        slidesToScroll: 3,<!-- [et_pb_line_break_holder] -->        centerMode: true,<!-- [et_pb_line_break_holder] -->        centerPadding: '13%',<!-- [et_pb_line_break_holder] -->        swipe: true,<!-- [et_pb_line_break_holder] -->        prevArrow: backButton,<!-- [et_pb_line_break_holder] -->        nextArrow: nextButton,<!-- [et_pb_line_break_holder] -->        responsive: [{<!-- [et_pb_line_break_holder] -->        breakpoint: 1079, settings: {<!-- [et_pb_line_break_holder] -->        slidesToShow: 2<!-- [et_pb_line_break_holder] -->        }<!-- [et_pb_line_break_holder] -->        }] <!-- [et_pb_line_break_holder] -->    });<!-- [et_pb_line_break_holder] -->  });<!-- [et_pb_line_break_holder] --><!-- [et_pb_line_break_holder] --><\/script>[\/et_pb_code][et_pb_blurb use_icon=&#8220;on&#8220; font_icon=&#8220;&#x35;||divi||400&#8243; icon_color=&#8220;#023030&#8243; image_icon_background_color=&#8220;#F1F1F1&#8243; icon_placement=&#8220;left&#8220; image_icon_width=&#8220;30px&#8220; module_class=&#8220;next-button-mynd&#8220; _builder_version=&#8220;4.16&#8243; _module_preset=&#8220;default&#8220; image_icon_custom_padding=&#8220;8px|8px|8px|8px|false|false&#8220; custom_margin=&#8220;||0px||false|false&#8220; custom_css_main_element=&#8220;display:inline-block;||float:right;||cursor: pointer;&#8220; border_radii_image=&#8220;on|100%|100%|100%|100%&#8220; icon_font_size=&#8220;30px&#8220; use_circle=&#8220;on&#8220; circle_color=&#8220;#F1F1F1&#8243; global_colors_info=&#8220;{}&#8220; image_icon_background_color__sticky_enabled=&#8220;#7EBEC5&#8243; image_icon_background_color__sticky=&#8220;#7EBEC5&#8243;][\/et_pb_blurb][et_pb_blurb use_icon=&#8220;on&#8220; font_icon=&#8220;&#x34;||divi||400&#8243; icon_color=&#8220;#023030&#8243; image_icon_background_color=&#8220;#F1F1F1&#8243; icon_placement=&#8220;left&#8220; image_icon_width=&#8220;30px&#8220; module_class=&#8220;back-button-mynd&#8220; _builder_version=&#8220;4.16&#8243; _module_preset=&#8220;default&#8220; image_icon_custom_padding=&#8220;8px|8px|8px|8px|false|false&#8220; custom_margin=&#8220;||0px||false|false&#8220; custom_css_main_element=&#8220;display:inline-block;||float:right;||cursor: pointer;&#8220; border_radii_image=&#8220;on|100%|100%|100%|100%&#8220; icon_font_size=&#8220;30px&#8220; use_circle=&#8220;on&#8220; circle_color=&#8220;#F1F1F1&#8243; global_colors_info=&#8220;{}&#8220; image_icon_background_color__sticky_enabled=&#8220;#7EBEC5&#8243; image_icon_background_color__sticky=&#8220;#7EBEC5&#8243;][\/et_pb_blurb][\/et_pb_column][\/et_pb_row][et_pb_row use_custom_gutter=&#8220;on&#8220; gutter_width=&#8220;1&#8243; _builder_version=&#8220;4.16&#8243; _module_preset=&#8220;default&#8220; width=&#8220;100%&#8220; max_width=&#8220;100%&#8220; global_colors_info=&#8220;{}&#8220;][et_pb_column type=&#8220;4_4&#8243; _builder_version=&#8220;4.16&#8243; _module_preset=&#8220;default&#8220; overflow-x=&#8220;hidden&#8220; overflow-y=&#8220;hidden&#8220; global_colors_info=&#8220;{}&#8220;][et_pb_gallery gallery_ids=&#8220;945,847,633,844,2308,2307,3534,1796,1794,1793,1792,1797,1789,1788,1787&#8243; posts_number=&#8220;20&#8243; show_title_and_caption=&#8220;off&#8220; show_pagination=&#8220;off&#8220; _builder_version=&#8220;4.16&#8243; _module_preset=&#8220;default&#8220; overflow-x=&#8220;hidden&#8220; overflow-y=&#8220;hidden&#8220; global_colors_info=&#8220;{}&#8220;][\/et_pb_gallery][\/et_pb_column][\/et_pb_row][\/et_pb_section][et_pb_section fb_built=&#8220;1&#8243; specialty=&#8220;on&#8220; _builder_version=&#8220;4.16&#8243; _module_preset=&#8220;default&#8220; custom_padding=&#8220;7px||9px|||&#8220; global_colors_info=&#8220;{}&#8220;][et_pb_column type=&#8220;2_3&#8243; specialty_columns=&#8220;2&#8243; _builder_version=&#8220;4.16&#8243; custom_padding=&#8220;|||&#8220; global_colors_info=&#8220;{}&#8220; custom_padding__hover=&#8220;|||&#8220;][et_pb_row_inner column_structure=&#8220;1_2,1_2&#8243; use_custom_gutter=&#8220;on&#8220; gutter_width=&#8220;2&#8243; make_equal=&#8220;on&#8220; _builder_version=&#8220;4.16&#8243; _module_preset=&#8220;default&#8220; border_width_bottom=&#8220;1px&#8220; border_color_bottom=&#8220;#E6797C&#8220; global_colors_info=&#8220;{}&#8220;][et_pb_column_inner type=&#8220;1_2&#8243; saved_specialty_column_type=&#8220;2_3&#8243; _builder_version=&#8220;4.16&#8243; _module_preset=&#8220;default&#8220; global_colors_info=&#8220;{}&#8220;][et_pb_text _builder_version=&#8220;4.16&#8243; _module_preset=&#8220;default&#8220; text_text_color=&#8220;#32346E&#8220; text_font_size=&#8220;35px&#8220; header_text_color=&#8220;#32346E&#8220; header_font_size=&#8220;35px&#8220; custom_margin=&#8220;||8px|||&#8220; custom_padding=&#8220;||||false|false&#8220; custom_padding_tablet=&#8220;&#8220; custom_padding_phone=&#8220;||0%||false|false&#8220; custom_padding_last_edited=&#8220;on|phone&#8220; header_font_size_tablet=&#8220;&#8220; header_font_size_phone=&#8220;30px&#8220; header_font_size_last_edited=&#8220;on|phone&#8220; global_colors_info=&#8220;{}&#8220;]<\/p>\n<h1>Tilbo\u00f0pakki 2<\/h1>\n<p>[\/et_pb_text][et_pb_text _builder_version=&#8220;4.16&#8243; _module_preset=&#8220;default&#8220; text_text_color=&#8220;#32346E&#8220; link_font=&#8220;|600|||on||||&#8220; link_text_color=&#8220;#E6797C&#8220; custom_padding=&#8220;||||false|false&#8220; global_colors_info=&#8220;{}&#8220;]<\/p>\n<p><em>.<\/em><strong>\u200bH\u00e6gt er velja um 2 pakka:<\/strong><\/p>\n<ul>\n<li><span>Pakki 1:\u00a0<\/span>Spila \u00ed 60 m\u00edn \u00ed Archery tag og enda svo \u00e1 pizzum (2 snei\u00f0ar \u00e1 mann) og drykkjum (Gos, Safi, Vatn) \u2013 Heildart\u00edmi afm\u00e6lis 90 m\u00edn &#8211;\n<ul>\n<li><strong>5000 kr \u00e1 mann<\/strong><\/li>\n<\/ul>\n<\/li>\n<li><span>Pakki 2:<\/span>\u00a0Spila \u00ed 90 m\u00edn \u00ed Archery tag og enda svo \u00e1 pizzum (2 snei\u00f0ar \u00e1 mann) og drykkjum (Gos, Safi, Vatn) \u2013 Heildart\u00edmi afm\u00e6lis 120 m\u00edn\n<ul>\n<li><strong>\u200b6000 kr \u00e1 mann<\/strong><\/li>\n<\/ul>\n<\/li>\n<\/ul>\n<p><strong>Included:<\/strong> <span>Hl\u00edf\u00f0argr\u00edma, bogi, \u00f6rvar + 2 snei\u00f0ar af pizzu, frostpinnar, drykkir og afm\u00e6lisgj\u00f6f handa afm\u00e6lisbarni<\/span><\/p>\n<p><strong>Game time:<\/strong> fer eftir pakka<em><\/em><\/p>\n<p><strong>Minimum amount of participants is 15<\/strong><br \/><em><\/em><\/p>\n<p><strong>Ef fj\u00f6ldi er meiri en 20 kemur inn 10% afsl\u00e1ttur.<\/strong><\/p>\n<p><em><strong>Opening hours: <\/strong>alla daga fr\u00e1 09:00 &#8211; 23:00<\/em><\/p>\n<p>[\/et_pb_text][et_pb_text _builder_version=&#8220;4.16&#8243; _module_preset=&#8220;default&#8220; text_text_color=&#8220;#32346E&#8220; global_colors_info=&#8220;{}&#8220;]<\/p>\n<p><strong>Aukahlutir<\/strong><\/p>\n<p><strong>Afm\u00e6liskaka:<\/strong>10.000 kr. me\u00f0 nafni og aldri barns<\/p>\n<p><strong>Candyfloss:<\/strong> 1000 kr per barn\u00a0<br \/><strong>Auka pizza:<\/strong> 4500 kr \u200b<\/p>\n<p><strong>\u200bHva\u00f0 er innifali\u00f0:<\/strong> <span>Hl\u00edf\u00f0argr\u00edma, bogi, \u00f6rvar + 2 snei\u00f0ar af pizzu, frostpinnar, drykkir og afm\u00e6lisgj\u00f6f handa afm\u00e6lisbarni<\/span><\/p>\n<p>[\/et_pb_text][\/et_pb_column_inner][et_pb_column_inner type=&#8220;1_2&#8243; saved_specialty_column_type=&#8220;2_3&#8243; _builder_version=&#8220;4.16&#8243; _module_preset=&#8220;default&#8220; global_colors_info=&#8220;{}&#8220;][et_pb_text _builder_version=&#8220;4.16&#8243; _module_preset=&#8220;default&#8220; text_text_color=&#8220;#32346E&#8220; text_font_size=&#8220;35px&#8220; header_text_color=&#8220;#32346E&#8220; header_font_size=&#8220;35px&#8220; custom_margin=&#8220;||8px|||&#8220; custom_padding=&#8220;||||false|false&#8220; custom_padding_tablet=&#8220;&#8220; custom_padding_phone=&#8220;||0%||false|false&#8220; custom_padding_last_edited=&#8220;on|phone&#8220; header_font_size_tablet=&#8220;&#8220; header_font_size_phone=&#8220;30px&#8220; header_font_size_last_edited=&#8220;on|phone&#8220; global_colors_info=&#8220;{}&#8220;]<\/p>\n<h1>What is Archery tag?<\/h1>\n<p>[\/et_pb_text][et_pb_text _builder_version=&#8220;4.16&#8243; _module_preset=&#8220;default&#8220; text_text_color=&#8220;#32346E&#8220; link_font=&#8220;|600|||on||||&#8220; link_text_color=&#8220;#E6797C&#8220; custom_padding=&#8220;||||false|false&#8220; global_colors_info=&#8220;{}&#8220;]<\/p>\n<p><strong>Er Hr\u00f3i H\u00f6ttur \u00ed \u00fe\u00e9r?<br \/><\/strong><\/p>\n<p>Vi\u00f0 erum me\u00f0 opi\u00f0 allt \u00e1ri\u00f0. Vi\u00f0 hvetjum f\u00f3lk a\u00f0 kl\u00e6\u00f0a sig eftir ve\u00f0ri \u00fev\u00ed vi\u00f0 leikum okkur \u00fati en svo bor\u00f0um vi\u00f0 inni.<br \/>Archery Tag er n\u00fdjasta af\u00fereying Skemmtigar\u00f0sins sem hefur slegi\u00f0 \u00ed gegn.<\/p>\n<p>Hefur \u00fe\u00fa pr\u00f3fa\u00f0 a\u00f0 skj\u00f3ta af boga? Alv\u00f6ru fj\u00f6r fr\u00e1 upphafi til enda. Spila\u00f0ir eru margir, fj\u00f6lbreyttir leikir undir stj\u00f3rn lei\u00f0beinanda Skemmtigar\u00f0sins.<\/p>\n<p>Fyrst er ykkur kennt a\u00f0 skj\u00f3ta af boga og \u00e6fa ykkur, svo hefst fj\u00f6ri\u00f0. \u00d6rvarnar eru h\u00e6ttulausar me\u00f0 st\u00f3rum og mj\u00fakum p\u00fa\u00f0um framan \u00e1.<br \/>Ver\u00f0ur spila\u00f0 Hunger Games ? Allt \u00feetta kemur \u00ed lj\u00f3s \u00feegar \u00fei\u00f0 m\u00e6ti\u00f0.<br \/>Aldurstakmark 10 \u00e1ra. Pizzur og gos innifaldar \u00ed \u00f6llum afm\u00e6lum. \u00dea\u00f0 m\u00e1 m\u00e6ta me\u00f0 s\u00edna eigin k\u00f6ku e\u00f0a eftirr\u00e9tt.<\/p>\n<p>[\/et_pb_text][et_pb_button button_url=&#8220;\/wp-content\/uploads\/2021\/09\/bodskort-afmaeli.pdf&#8220; button_text=&#8220;Afm\u00e6lis bo\u00f0skort&#8220; button_alignment=&#8220;left&#8220; _builder_version=&#8220;4.16&#8243; _module_preset=&#8220;default&#8220; custom_button=&#8220;on&#8220; button_text_size=&#8220;15px&#8220; button_text_color=&#8220;#FFFFFF&#8220; button_bg_color=&#8220;#E6797C&#8220; button_border_width=&#8220;0px&#8220; button_font=&#8220;|600||on|||||&#8220; button_use_icon=&#8220;off&#8220; custom_margin=&#8220;||||false|false&#8220; custom_padding=&#8220;15px|50px|15px|50px|true|true&#8220; global_colors_info=&#8220;{}&#8220;][\/et_pb_button][et_pb_text _builder_version=&#8220;4.16&#8243; _module_preset=&#8220;default&#8220; text_text_color=&#8220;#32346E&#8220; text_font_size=&#8220;35px&#8220; header_text_color=&#8220;#32346E&#8220; header_font_size=&#8220;35px&#8220; custom_padding=&#8220;||3%||false|false&#8220; header_font_size_tablet=&#8220;&#8220; header_font_size_phone=&#8220;30px&#8220; header_font_size_last_edited=&#8220;on|phone&#8220; global_colors_info=&#8220;{}&#8220;]<\/p>\n<h1><span>Sj\u00e1 fleiri tilbo\u00f0spakka<\/span><\/h1>\n<p>[\/et_pb_text][et_pb_button button_url=&#8220;@ET-DC@eyJkeW5hbWljIjp0cnVlLCJjb250ZW50IjoicG9zdF9saW5rX3VybF9wYWdlIiwic2V0dGluZ3MiOnsicG9zdF9pZCI6IjE1NzcifX0=@&#8220; button_text=&#8220;tilbo\u00f0pakki 1&#8243; button_alignment=&#8220;left&#8220; _builder_version=&#8220;4.16&#8243; _dynamic_attributes=&#8220;button_url&#8220; _module_preset=&#8220;default&#8220; custom_button=&#8220;on&#8220; button_text_size=&#8220;15px&#8220; button_text_color=&#8220;#FFFFFF&#8220; button_bg_color=&#8220;#E6797C&#8220; button_border_width=&#8220;0px&#8220; button_font=&#8220;|600||on|||||&#8220; button_use_icon=&#8220;off&#8220; custom_margin=&#8220;||||false|false&#8220; custom_padding=&#8220;15px|15%|15px|15%|true|true&#8220; global_colors_info=&#8220;{}&#8220;][\/et_pb_button][\/et_pb_column_inner][\/et_pb_row_inner][et_pb_row_inner _builder_version=&#8220;4.16&#8243; _module_preset=&#8220;default&#8220; global_colors_info=&#8220;{}&#8220;][et_pb_column_inner saved_specialty_column_type=&#8220;2_3&#8243; _builder_version=&#8220;4.16&#8243; _module_preset=&#8220;default&#8220; global_colors_info=&#8220;{}&#8220;][et_pb_video src=&#8220;https:\/\/www.youtube.com\/watch?v=P_bc726x7V8&#038;feature=emb_imp_woyt&#8220; _builder_version=&#8220;4.16&#8243; _module_preset=&#8220;default&#8220; global_colors_info=&#8220;{}&#8220;][\/et_pb_video][\/et_pb_column_inner][\/et_pb_row_inner][\/et_pb_column][et_pb_column type=&#8220;1_3&#8243; _builder_version=&#8220;4.16&#8243; custom_padding=&#8220;|||&#8220; global_colors_info=&#8220;{}&#8220; custom_padding__hover=&#8220;|||&#8220;][et_pb_text _builder_version=&#8220;4.16&#8243; _module_preset=&#8220;default&#8220; text_text_color=&#8220;#32346E&#8220; text_font_size=&#8220;35px&#8220; header_text_color=&#8220;#32346E&#8220; header_font_size=&#8220;35px&#8220; custom_margin=&#8220;||8px|||&#8220; custom_padding=&#8220;||||false|false&#8220; custom_padding_tablet=&#8220;&#8220; custom_padding_phone=&#8220;||0%||false|false&#8220; custom_padding_last_edited=&#8220;on|phone&#8220; header_font_size_tablet=&#8220;&#8220; header_font_size_phone=&#8220;30px&#8220; header_font_size_last_edited=&#8220;on|phone&#8220; global_colors_info=&#8220;{}&#8220;]<\/p>\n<h1>BOOK HERE<\/h1>\n<p>[\/et_pb_text][et_pb_code _builder_version=&#8220;4.16&#8243; _module_preset=&#8220;default&#8220; global_colors_info=&#8220;{}&#8220;]<script type=\"text\/javascript\" src=\"https:\/\/widgets.bokun.io\/assets\/javascripts\/apps\/build\/BokunWidgetsLoader.js?bookingChannelUUID=8d663b76-3f35-4f64-b45d-da75303cdb13\" async><\/script><!-- [et_pb_line_break_holder] -->     <!-- [et_pb_line_break_holder] -->     <\/p>\n<div class=\"bokunWidget\" data-src=\"https:\/\/widgets.bokun.io\/online-sales\/8d663b76-3f35-4f64-b45d-da75303cdb13\/experience-calendar\/77287\"><\/div>\n<p><!-- [et_pb_line_break_holder] -->     <noscript>Please enable javascript in your browser to book<\/noscript>[\/et_pb_code][\/et_pb_column][\/et_pb_section]<\/p>\n<span class=\"et_bloom_bottom_trigger\"><\/span>","protected":false},"excerpt":{"rendered":"<p>Archery Tag pakki 2 \u00d6rvandi skemmtun &nbsp;Tilbo\u00f0pakki 2.\u200bH\u00e6gt er velja um 2 pakka: Pakki 1:\u00a0Spila \u00ed 60 m\u00edn \u00ed Archery tag og enda svo \u00e1 pizzum (2 snei\u00f0ar \u00e1 mann) og drykkjum (Gos, Safi, Vatn) \u2013 Heildart\u00edmi afm\u00e6lis 90 m\u00edn &#8211; 5000 kr \u00e1 mann Pakki 2:\u00a0Spila \u00ed 90 m\u00edn \u00ed Archery tag og enda [&hellip;]<\/p>","protected":false},"author":1,"featured_media":0,"parent":0,"menu_order":0,"comment_status":"closed","ping_status":"closed","template":"","meta":{"_et_pb_use_builder":"on","_et_pb_old_content":"","_et_gb_content_width":"","inline_featured_image":false,"footnotes":""},"class_list":["post-1674","page","type-page","status-publish","hentry"],"_links":{"self":[{"href":"https:\/\/skemmtigardur.is\/en\/wp-json\/wp\/v2\/pages\/1674","targetHints":{"allow":["GET"]}}],"collection":[{"href":"https:\/\/skemmtigardur.is\/en\/wp-json\/wp\/v2\/pages"}],"about":[{"href":"https:\/\/skemmtigardur.is\/en\/wp-json\/wp\/v2\/types\/page"}],"author":[{"embeddable":true,"href":"https:\/\/skemmtigardur.is\/en\/wp-json\/wp\/v2\/users\/1"}],"replies":[{"embeddable":true,"href":"https:\/\/skemmtigardur.is\/en\/wp-json\/wp\/v2\/comments?post=1674"}],"version-history":[{"count":12,"href":"https:\/\/skemmtigardur.is\/en\/wp-json\/wp\/v2\/pages\/1674\/revisions"}],"predecessor-version":[{"id":6628,"href":"https:\/\/skemmtigardur.is\/en\/wp-json\/wp\/v2\/pages\/1674\/revisions\/6628"}],"wp:attachment":[{"href":"https:\/\/skemmtigardur.is\/en\/wp-json\/wp\/v2\/media?parent=1674"}],"curies":[{"name":"wp","href":"https:\/\/api.w.org\/{rel}","templated":true}]}}