{"id":1439,"date":"2021-09-02T12:51:39","date_gmt":"2021-09-02T12:51:39","guid":{"rendered":"https:\/\/skemmtigardur.is\/?page_id=1439"},"modified":"2025-04-23T14:12:20","modified_gmt":"2025-04-23T14:12:20","slug":"skilmalar","status":"publish","type":"page","link":"https:\/\/skemmtigardur.is\/en\/skilmalar\/","title":{"rendered":"Terms and conditions"},"content":{"rendered":"<p>[et_pb_section fb_built=&#8220;1&#8243; _builder_version=&#8220;4.24.2&#8243; _module_preset=&#8220;default&#8220; global_colors_info=&#8220;{}&#8220;][et_pb_row _builder_version=&#8220;4.24.2&#8243; _module_preset=&#8220;default&#8220; global_colors_info=&#8220;{}&#8220;][et_pb_column type=&#8220;4_4&#8243; _builder_version=&#8220;4.24.2&#8243; _module_preset=&#8220;default&#8220; global_colors_info=&#8220;{}&#8220;][et_pb_text _builder_version=&#8220;4.24.2&#8243; _module_preset=&#8220;default&#8220; global_colors_info=&#8220;{}&#8220;]<\/p>\n<p style=\"font-weight: 400;\"><strong>B\u00f3kunarskilm\u00e1lar<\/strong><\/p>\n<p style=\"font-weight: 400;\"><span>\u00a0<\/span><\/p>\n<p style=\"font-weight: 400;\"><strong><span>Afb\u00f3kunarreglur<\/span><\/strong><\/p>\n<ul style=\"font-weight: 400;\">\n<li><span>H\u00e6gt er a\u00f0 afb\u00f3ka og \u00f3ska eftir endurgrei\u00f0slu en \u00fea\u00f0 ver\u00f0ur a\u00f0 vera me\u00f0 \u00feriggja virkra vinnudaga fyrirvara. <\/span><\/li>\n<li><span>Til a\u00f0 h\u00e6tta vi\u00f0 b\u00f3kun og f\u00e1 endurgreitt \u00fearf a\u00f0 hafa samband vi\u00f0 <a href=\"mailto:info@skemmtigardur.is\">info@skemmtigardur.is<\/a> innan \u00feeirra t\u00edmamarka er koma fram h\u00e9r a\u00f0 ofan.<\/span><\/li>\n<li><span>Ekki er h\u00e6gt a\u00f0 f\u00e1 endurgreitt ef ekki er \u00f3ska\u00f0 eftir endurgrei\u00f0slu utan \u00feeirra t\u00edmamarka er koma fram h\u00e9r a\u00f0 ofan.<\/span><\/li>\n<li><span>Allar endurgrei\u00f0slur fara fram \u00ed gegnum t\u00f6lvup\u00f3st, <a href=\"mailto:info@skemmtigardur.is\">info@skemmtigardur.is<\/a>. <\/span><\/li>\n<li><span>Starfsmenn Skemmtigar\u00f0sins hafa ekki heimild til \u00feess a\u00f0 endurgrei\u00f0a n\u00e9 veita afsl\u00e6tti.<\/span><\/li>\n<\/ul>\n<p style=\"font-weight: 400;\"><span>\u00a0<\/span><\/p>\n<p style=\"font-weight: 400;\"><strong><span>Almennir skilm\u00e1lar<\/span><\/strong><\/p>\n<ul style=\"font-weight: 400;\">\n<li><span>Gestir koma \u00e1 eigin \u00e1byrg\u00f0 \u00ed Skemmtigar\u00f0inn. Gestir sam\u00feykkja a\u00f0 bera \u00e1byrg\u00f0 \u00e1 \u00fev\u00ed tj\u00f3ni sem \u00feeir valda \u00e1 t\u00e6kjum og \u00f6\u00f0rum einstaklingum vegna athafna sinna.<\/span><\/li>\n<li>\u00datr\u00e1s krefst \u00feess a\u00f0 f\u00f3lk s\u00e9 me\u00f0vita\u00f0 um \u00fe\u00e6r h\u00e6ttur sem eru \u00fear inni. Ef \u00f3varlega er fari\u00f0 er h\u00e6tta \u00e1 slysum. Einungis m\u00e1 nota vopn sem afhent eru af starfsm\u00f6nnum. Ekki m\u00e1 gr\u00edpa upp hluti af j\u00f6r\u00f0inni og kasta \u00feeim \u00fear sem slysah\u00e6tta getur myndast.<span><\/span><\/li>\n<li>Lasertag og paintball er spila\u00f0 \u00e1 s\u00f6mu v\u00f6llum og \u00fev\u00ed geta slettur fari\u00f0 \u00e1 f\u00f6t \u00feegar spila\u00f0 er, h\u00e6gt er a\u00f0 \u00f3ska eftir g\u00f6llum.<span><\/span><\/li>\n<li><span>Vi\u00f0 m\u00e6lum me\u00f0 \u00fev\u00ed a\u00f0 m\u00e6tt s\u00e9 \u00ed Skemmtigar\u00f0inn 10-15 m\u00edn\u00fatum \u00e1\u00f0ur en af\u00fereying hefst til \u00feess a\u00f0 spilt\u00edmi hefjist \u00e1 r\u00e9ttum t\u00edma. <\/span><\/li>\n<li><span>Gestir bera \u00e1byrg\u00f0 \u00e1 a\u00f0 koma \u00e1 tilsettum t\u00edma \u00e1 sv\u00e6\u00f0i\u00f0, ekki spila\u00f0 lengur en s\u00e1 t\u00edmi sem b\u00f3ka\u00f0ur er.<\/span><\/li>\n<li><span>Ekki er heimilt a\u00f0 koma me\u00f0 utana\u00f0komandi veitingar \u00ed Skemmtigar\u00f0inn, \u00fea\u00f0 \u00e1 s\u00f6mulei\u00f0is vi\u00f0 drykki.<\/span><\/li>\n<li><span>Vissar af\u00fereyingar krefjast \u00feess a\u00f0 gestir s\u00e9u ekki undir \u00e1hrifum \u00e1fengis, telji starfsma\u00f0ur a\u00f0 gestur s\u00e9 ekki h\u00e6fur \u00ed a\u00f0 taka \u00fe\u00e1tt hefur starfsma\u00f0ur heimild til \u00feess a\u00f0 v\u00edsa gestum fr\u00e1 \u00e1n endurgrei\u00f0slu. <\/span><\/li>\n<li><span>Kv\u00f6rtun og \u00f3sk um endurgrei\u00f0slu ver\u00f0ur a\u00f0 berast innan viku fr\u00e1 \u00fev\u00ed a\u00f0 af\u00fereyingu l\u00fdkur.<\/span><\/li>\n<li><span>Allir gestir \u00feurfa a\u00f0 skrifa undir \u00e1byrg\u00f0arbl\u00f6\u00f0 \u00e1\u00f0ur en af\u00fereying hefst.<\/span><\/li>\n<li><span>Gestum ber a\u00f0 hl\u00fd\u00f0a fyrirm\u00e6lum starfsf\u00f3lks, starfsmenn hafa heimild til \u00feess a\u00f0 v\u00edsa gestum fr\u00e1 ef fyrirm\u00e6lum er ekki fylgt<\/span><\/li>\n<li><span>Gestum ber a\u00f0 nota hl\u00edf\u00f0arb\u00fana\u00f0 \u00ed \u00feeim af\u00fereyingum \u00fear sem hl\u00edf\u00f0arb\u00fana\u00f0s er krafist. Ekki eru veittar neinar undan\u00fe\u00e1gur fr\u00e1 \u00fev\u00ed.<\/span><\/li>\n<li><span>Gestum ber a\u00f0 s\u00fdna \u00f6\u00f0rum gestum Skemmtigar\u00f0sins tillit og ekki valda \u00f3\u00fearfa \u00f3n\u00e6\u00f0i.<\/span><\/li>\n<li><span>Aldurstakmark er \u00ed vissar af\u00fereyingar Skemmtigar\u00f0sins, starfsf\u00f3lk hefur ekki heimild til \u00feess a\u00f0 veita undan\u00fe\u00e1gur fr\u00e1 \u00feessum takm\u00f6rkunum.<\/span><\/li>\n<li><span>Skemmtigar\u00f0urinn tekur ekki \u00e1byrg\u00f0 \u00e1 pers\u00f3nulegum munum \u00ed Skemmtigar\u00f0inum n\u00e9 munum sem glatast e\u00f0a er stoli\u00f0 \u00ed Skemmtigar\u00f0inum.<\/span><\/li>\n<li><span>Gestir bera \u00e1byrg\u00f0 \u00e1 \u00fev\u00ed a\u00f0 meta sj\u00e1lfir hvort \u00feeir hafi heilsu og l\u00edkamsbur\u00f0i til \u00feess a\u00f0 taka \u00fe\u00e1tt \u00ed \u00feeim af\u00fereyingum sem b\u00f3ka\u00f0ar eru.<\/span><\/li>\n<li><span>Megin\u00feorri af\u00fereyinga Skemmtigar\u00f0sins eru utandyra, gestir bera \u00e1byrg\u00f0 \u00e1 \u00fev\u00ed a\u00f0 koma kl\u00e6ddir eftir ve\u00f0ri hverju sinni.<\/span><\/li>\n<li><span>\u00d6ryggismyndav\u00e9lar eru sta\u00f0settar \u00ed gar\u00f0inum og geta gestir \u00e1tt von \u00e1 \u00fev\u00ed a\u00f0 vera \u00ed mynd alls sta\u00f0ar \u00e1 leiksv\u00e6\u00f0um.<\/span><\/li>\n<li><span>Notkun \u00f3l\u00f6glegra v\u00edmuefna er b\u00f6nnu\u00f0 \u00ed Skemmtigar\u00f0inum, geta \u00feeir sem vir\u00f0a \u00fea\u00f0 ekki \u00e1tt von \u00e1 \u00fev\u00ed a\u00f0 vera v\u00edsa\u00f0 af sv\u00e6\u00f0inu.<\/span><\/li>\n<li><span>Kynfer\u00f0isleg \u00e1reitni er ekki li\u00f0in \u00ed Skemmtigar\u00f0inum, einstaklingum sem vir\u00f0a \u00fea\u00f0 ekki er v\u00edsa\u00f0 af sv\u00e6\u00f0inu og er l\u00f6greglu gert vi\u00f0vart.<\/span><\/li>\n<\/ul>\n<p style=\"font-weight: 400;\">\n<p style=\"font-weight: 400;\"><span>\u00a0<\/span><\/p>\n<p style=\"font-weight: 400;\"><strong><span>Birthday parties<\/span><\/strong><\/p>\n<ul style=\"font-weight: 400;\">\n<li><span>L\u00e1gmarksfj\u00f6ldi barna sem greitt er fyrir \u00ed barnaafm\u00e6lum er 10. <\/span><\/li>\n<li><span>Vi\u00f0 m\u00e6lum me\u00f0 \u00fev\u00ed a\u00f0 m\u00e6tt s\u00e9 \u00ed Skemmtigar\u00f0inn 10-15 m\u00edn\u00fatum \u00e1\u00f0ur en afm\u00e6li hefst til \u00feess a\u00f0 spilt\u00edmi hefjist \u00e1 r\u00e9ttum t\u00edma.<\/span><\/li>\n<li><span>Gestir bera \u00e1byrg\u00f0 \u00e1 a\u00f0 koma \u00e1 tilsettum t\u00edma \u00e1 sv\u00e6\u00f0i\u00f0, ekki er spila\u00f0 lengur en s\u00e1 t\u00edmi sem b\u00f3ka\u00f0ur er.<\/span><\/li>\n<li><span>Foreldrar og forr\u00e1\u00f0amenn bera fulla \u00e1byrg\u00f0 \u00e1 b\u00f6rnunum og eru vinsamlegast be\u00f0in um a\u00f0 vir\u00f0a a\u00f0ra gesti Skemmtigar\u00f0sins.<\/span><\/li>\n<li><span>Ekki er heimilt a\u00f0 koma me\u00f0 utana\u00f0komandi veitingar \u00ed Skemmtigar\u00f0inn a\u00f0 undanskyldum afm\u00e6lisk\u00f6kum.<\/span><\/li>\n<li><span>R\u00e1\u00f0lagt er a\u00f0 einn forr\u00e1\u00f0ama\u00f0ur hafi umsj\u00f3n me\u00f0 5 b\u00f6rnum, 12 \u00e1ra og yngri.<\/span><\/li>\n<li><span>Ekki er heimilt a\u00f0 skilja b\u00f6rnin ein eftir, forr\u00e1\u00f0am\u00f6nnum ber a\u00f0 fylgjast me\u00f0 barnah\u00f3pnum.<\/span><\/li>\n<li><span>Vi\u00f0 m\u00e6lum me\u00f0 \u00fev\u00ed a\u00f0 komi\u00f0 s\u00e9 me\u00f0 nafnalista svo a\u00f0 skr\u00e1ning taki sem skemmstan t\u00edma.<\/span><\/li>\n<li><span>Foreldrar bera \u00e1byrg\u00f0 \u00e1 \u00fev\u00ed a\u00f0 gestir afm\u00e6lis fylgi fyrirm\u00e6lum starfsmanna.<\/span><\/li>\n<li><span>Starfsmenn hafa heimild til \u00feess a\u00f0 v\u00edsa gestum fr\u00e1 ef fyrirm\u00e6lum er ekki fylgt.<\/span><\/li>\n<li>Afm\u00e6lisgj\u00f6f fylgir hverju barnaafm\u00e6li, ef afm\u00e6lisb\u00f6rn eru fleiri en eitt er h\u00e6gt a\u00f0 b\u00e6ta vi\u00f0 afm\u00e6lisgj\u00f6f.<span><\/span><\/li>\n<\/ul>\n<p>[\/et_pb_text][\/et_pb_column][\/et_pb_row][\/et_pb_section]<\/p>\n<span class=\"et_bloom_bottom_trigger\"><\/span>","protected":false},"excerpt":{"rendered":"<p>B\u00f3kunarskilm\u00e1lar \u00a0 Afb\u00f3kunarreglur H\u00e6gt er a\u00f0 afb\u00f3ka og \u00f3ska eftir endurgrei\u00f0slu en \u00fea\u00f0 ver\u00f0ur a\u00f0 vera me\u00f0 \u00feriggja virkra vinnudaga fyrirvara. Til a\u00f0 h\u00e6tta vi\u00f0 b\u00f3kun og f\u00e1 endurgreitt \u00fearf a\u00f0 hafa samband vi\u00f0 info@skemmtigardur.is innan \u00feeirra t\u00edmamarka er koma fram h\u00e9r a\u00f0 ofan. Ekki er h\u00e6gt a\u00f0 f\u00e1 endurgreitt ef ekki er \u00f3ska\u00f0 eftir [&hellip;]<\/p>","protected":false},"author":1,"featured_media":0,"parent":0,"menu_order":0,"comment_status":"closed","ping_status":"closed","template":"","meta":{"_et_pb_use_builder":"on","_et_pb_old_content":"","_et_gb_content_width":"","inline_featured_image":false,"footnotes":""},"class_list":["post-1439","page","type-page","status-publish","hentry"],"_links":{"self":[{"href":"https:\/\/skemmtigardur.is\/en\/wp-json\/wp\/v2\/pages\/1439","targetHints":{"allow":["GET"]}}],"collection":[{"href":"https:\/\/skemmtigardur.is\/en\/wp-json\/wp\/v2\/pages"}],"about":[{"href":"https:\/\/skemmtigardur.is\/en\/wp-json\/wp\/v2\/types\/page"}],"author":[{"embeddable":true,"href":"https:\/\/skemmtigardur.is\/en\/wp-json\/wp\/v2\/users\/1"}],"replies":[{"embeddable":true,"href":"https:\/\/skemmtigardur.is\/en\/wp-json\/wp\/v2\/comments?post=1439"}],"version-history":[{"count":8,"href":"https:\/\/skemmtigardur.is\/en\/wp-json\/wp\/v2\/pages\/1439\/revisions"}],"predecessor-version":[{"id":5253,"href":"https:\/\/skemmtigardur.is\/en\/wp-json\/wp\/v2\/pages\/1439\/revisions\/5253"}],"wp:attachment":[{"href":"https:\/\/skemmtigardur.is\/en\/wp-json\/wp\/v2\/media?parent=1439"}],"curies":[{"name":"wp","href":"https:\/\/api.w.org\/{rel}","templated":true}]}}