{"id":126,"date":"2021-07-13T14:58:41","date_gmt":"2021-07-13T14:58:41","guid":{"rendered":"https:\/\/skemmtigardur.is\/?page_id=126"},"modified":"2025-03-12T08:59:57","modified_gmt":"2025-03-12T08:59:57","slug":"afthreyingar","status":"publish","type":"page","link":"https:\/\/skemmtigardur.is\/en\/afthreyingar\/","title":{"rendered":"Activities"},"content":{"rendered":"<p>[et_pb_section fb_built=&#8220;1&#8243; _builder_version=&#8220;4.16&#8243; _module_preset=&#8220;default&#8220; background_color=&#8220;rgba(50,52,110,0.52)&#8220; background_image=&#8220;https:\/\/skemmtigardur.is\/wp-content\/uploads\/2021\/10\/forsida.jpg&#8220; background_position=&#8220;bottom_center&#8220; background_blend=&#8220;overlay&#8220; height=&#8220;30vw&#8220; height_tablet=&#8220;&#8220; height_phone=&#8220;auto&#8220; height_last_edited=&#8220;on|phone&#8220; global_colors_info=&#8220;{}&#8220;][et_pb_row make_equal=&#8220;on&#8220; _builder_version=&#8220;4.16&#8243; _module_preset=&#8220;default&#8220; width=&#8220;100%&#8220; max_width=&#8220;1200px&#8220; custom_padding=&#8220;8%||||false|false&#8220; custom_css_main_element=&#8220; display: flex;||align-items: center;||justify-content: center;&#8220; global_colors_info=&#8220;{}&#8220;][et_pb_column type=&#8220;4_4&#8243; _builder_version=&#8220;4.16&#8243; _module_preset=&#8220;default&#8220; global_colors_info=&#8220;{}&#8220;][et_pb_text _builder_version=&#8220;4.16&#8243; _module_preset=&#8220;default&#8220; text_font=&#8220;Source Sans Pro|700|||||||&#8220; text_text_color=&#8220;#FFFFFF&#8220; text_font_size=&#8220;25px&#8220; header_text_align=&#8220;center&#8220; header_text_color=&#8220;#FFFFFF&#8220; header_font_size=&#8220;80px&#8220; text_orientation=&#8220;center&#8220; text_font_size_tablet=&#8220;&#8220; text_font_size_phone=&#8220;20px&#8220; text_font_size_last_edited=&#8220;on|phone&#8220; header_font_size_tablet=&#8220;&#8220; header_font_size_phone=&#8220;40px&#8220; header_font_size_last_edited=&#8220;on|phone&#8220; global_colors_info=&#8220;{}&#8220;]<\/p>\n<h1>Kids<\/h1>\n<p>Skemmtigar\u00f0urinn offers a variety of entertainment for all ages.<\/p>\n<p>[\/et_pb_text][\/et_pb_column][\/et_pb_row][\/et_pb_section][et_pb_section fb_built=&#8220;1&#8243; _builder_version=&#8220;4.16&#8243; _module_preset=&#8220;default&#8220; custom_padding=&#8220;0px||0px||false|false&#8220; global_colors_info=&#8220;{}&#8220;][et_pb_row _builder_version=&#8220;4.16&#8243; _module_preset=&#8220;default&#8220; width=&#8220;75%&#8220; max_width=&#8220;100%&#8220; global_colors_info=&#8220;{}&#8220;][et_pb_column type=&#8220;4_4&#8243; _builder_version=&#8220;4.16&#8243; _module_preset=&#8220;default&#8220; global_colors_info=&#8220;{}&#8220;][et_pb_text _builder_version=&#8220;4.16&#8243; _module_preset=&#8220;default&#8220; text_font=&#8220;||||||||&#8220; text_text_color=&#8220;#32346E&#8220; header_text_align=&#8220;center&#8220; header_text_color=&#8220;#32346E&#8220; header_font_size=&#8220;50px&#8220; background_color=&#8220;#FFFFFF&#8220; width=&#8220;75%&#8220; width_tablet=&#8220;&#8220; width_phone=&#8220;100%&#8220; width_last_edited=&#8220;on|phone&#8220; max_width=&#8220;100%&#8220; module_alignment=&#8220;center&#8220; custom_padding=&#8220;4%||4%||true|false&#8220; header_font_size_tablet=&#8220;&#8220; header_font_size_phone=&#8220;30px&#8220; header_font_size_last_edited=&#8220;on|phone&#8220; global_colors_info=&#8220;{}&#8220;]<\/p>\n<h1>Activities<\/h1>\n<p>[\/et_pb_text][\/et_pb_column][\/et_pb_row][et_pb_row custom_padding_last_edited=&#8220;on|phone&#8220; _builder_version=&#8220;4.16&#8243; _module_preset=&#8220;default&#8220; width=&#8220;65%&#8220; width_tablet=&#8220;&#8220; width_phone=&#8220;95%&#8220; width_last_edited=&#8220;on|phone&#8220; max_width=&#8220;1200px&#8220; custom_padding_tablet=&#8220;&#8220; custom_padding_phone=&#8220;||0px||false|false&#8220; global_colors_info=&#8220;{}&#8220;][et_pb_column type=&#8220;4_4&#8243; _builder_version=&#8220;4.16&#8243; _module_preset=&#8220;default&#8220; custom_css_main_element=&#8220;display:grid;||grid-template-columns: 16.5% 16.5% 16.5% 16.5% 16.5% 16.5% 16.5%;||grid-auto-rows: auto;&#8220; global_colors_info=&#8220;{}&#8220; custom_css_main_element_last_edited=&#8220;on|phone&#8220; custom_css_main_element_phone=&#8220;display:grid;||grid-template-columns: 33% 33% 33% ;||grid-auto-rows: auto;&#8220; custom_css_main_element_tablet=&#8220;display:grid;||grid-template-columns: 16.5% 16.5% 16.5% 16.5% 16.5% 16.5% 16.5%;||grid-auto-rows: auto;&#8220;][et_pb_blurb url=&#8220;@ET-DC@eyJkeW5hbWljIjp0cnVlLCJjb250ZW50IjoicG9zdF9saW5rX3VybF9wYWdlIiwic2V0dGluZ3MiOnsicG9zdF9pZCI6IjQ4MiJ9fQ==@&#8220; image=&#8220;https:\/\/skemmtigardur.is\/wp-content\/uploads\/2021\/07\/minigolf.svg&#8220; image_icon_width=&#8220;50%&#8220; _builder_version=&#8220;4.16&#8243; _dynamic_attributes=&#8220;link_option_url,url&#8220; _module_preset=&#8220;default&#8220; body_font=&#8220;|700|||||||&#8220; body_text_align=&#8220;center&#8220; body_text_color=&#8220;#32346E&#8220; body_font_size=&#8220;17px&#8220; custom_padding=&#8220;||45px||false|false&#8220; link_option_url=&#8220;@ET-DC@eyJkeW5hbWljIjp0cnVlLCJjb250ZW50IjoicG9zdF9saW5rX3VybF9wYWdlIiwic2V0dGluZ3MiOnsicG9zdF9pZCI6IjQ4MiJ9fQ==@&#8220; custom_css_blurb_image=&#8220;margin-bottom:15px;&#8220; image_max_width=&#8220;50%&#8220; global_colors_info=&#8220;{}&#8220;]<\/p>\n<p>Minigolf<\/p>\n<p>[\/et_pb_blurb][et_pb_blurb url=&#8220;@ET-DC@eyJkeW5hbWljIjp0cnVlLCJjb250ZW50IjoicG9zdF9saW5rX3VybF9wYWdlIiwic2V0dGluZ3MiOnsicG9zdF9pZCI6IjQ3NTgifX0=@&#8220; image=&#8220;https:\/\/skemmtigardur.is\/wp-content\/uploads\/2021\/07\/lasertag.svg&#8220; image_icon_width=&#8220;50%&#8220; _builder_version=&#8220;4.27.4&#8243; _dynamic_attributes=&#8220;link_option_url,url&#8220; _module_preset=&#8220;default&#8220; body_font=&#8220;|700|||||||&#8220; body_text_align=&#8220;center&#8220; body_text_color=&#8220;#32346E&#8220; body_font_size=&#8220;17px&#8220; custom_padding=&#8220;||45px||false|false&#8220; link_option_url=&#8220;@ET-DC@eyJkeW5hbWljIjp0cnVlLCJjb250ZW50IjoicG9zdF9saW5rX3VybF9wYWdlIiwic2V0dGluZ3MiOnsicG9zdF9pZCI6IjQ4NSJ9fQ==@&#8220; hover_enabled=&#8220;0&#8243; custom_css_blurb_image=&#8220;margin-bottom:15px;&#8220; image_max_width=&#8220;50%&#8220; global_colors_info=&#8220;{}&#8220; sticky_enabled=&#8220;0&#8243;]<\/p>\n<p>Lasertag<\/p>\n<p>[\/et_pb_blurb][et_pb_blurb url=&#8220;@ET-DC@eyJkeW5hbWljIjp0cnVlLCJjb250ZW50IjoicG9zdF9saW5rX3VybF9wYWdlIiwic2V0dGluZ3MiOnsicG9zdF9pZCI6IjQ4OCJ9fQ==@&#8220; image=&#8220;https:\/\/skemmtigardur.is\/wp-content\/uploads\/2021\/07\/archery.svg&#8220; image_icon_width=&#8220;50%&#8220; _builder_version=&#8220;4.16&#8243; _dynamic_attributes=&#8220;link_option_url,url&#8220; _module_preset=&#8220;default&#8220; body_font=&#8220;|700|||||||&#8220; body_text_align=&#8220;center&#8220; body_text_color=&#8220;#32346E&#8220; body_font_size=&#8220;17px&#8220; custom_padding=&#8220;||45px||false|false&#8220; link_option_url=&#8220;@ET-DC@eyJkeW5hbWljIjp0cnVlLCJjb250ZW50IjoicG9zdF9saW5rX3VybF9wYWdlIiwic2V0dGluZ3MiOnsicG9zdF9pZCI6IjQ4OCJ9fQ==@&#8220; custom_css_blurb_image=&#8220;margin-bottom:15px;&#8220; image_max_width=&#8220;50%&#8220; global_colors_info=&#8220;{}&#8220;]<\/p>\n<p>Archery tag<\/p>\n<p>[\/et_pb_blurb][et_pb_blurb url=&#8220;@ET-DC@eyJkeW5hbWljIjp0cnVlLCJjb250ZW50IjoicG9zdF9saW5rX3VybF9wYWdlIiwic2V0dGluZ3MiOnsicG9zdF9pZCI6IjQ5NiJ9fQ==@&#8220; image=&#8220;https:\/\/skemmtigardur.is\/wp-content\/uploads\/2021\/07\/thrautir.svg&#8220; image_icon_width=&#8220;50%&#8220; _builder_version=&#8220;4.16&#8243; _dynamic_attributes=&#8220;link_option_url,url&#8220; _module_preset=&#8220;default&#8220; body_font=&#8220;|700|||||||&#8220; body_text_align=&#8220;center&#8220; body_text_color=&#8220;#32346E&#8220; body_font_size=&#8220;17px&#8220; custom_padding=&#8220;||45px||false|false&#8220; link_option_url=&#8220;@ET-DC@eyJkeW5hbWljIjp0cnVlLCJjb250ZW50IjoicG9zdF9saW5rX3VybF9wYWdlIiwic2V0dGluZ3MiOnsicG9zdF9pZCI6IjQ5NiJ9fQ==@&#8220; custom_css_blurb_image=&#8220;margin-bottom:15px;&#8220; image_max_width=&#8220;50%&#8220; global_colors_info=&#8220;{}&#8220;]<\/p>\n<p>Scavenger hunt<\/p>\n<p>[\/et_pb_blurb][et_pb_blurb url=&#8220;@ET-DC@eyJkeW5hbWljIjp0cnVlLCJjb250ZW50IjoicG9zdF9saW5rX3VybF9wYWdlIiwic2V0dGluZ3MiOnsicG9zdF9pZCI6IjQ5OCJ9fQ==@&#8220; image=&#8220;https:\/\/skemmtigardur.is\/wp-content\/uploads\/2021\/07\/fotboltagolf.svg&#8220; image_icon_width=&#8220;50%&#8220; _builder_version=&#8220;4.16&#8243; _dynamic_attributes=&#8220;link_option_url,url&#8220; _module_preset=&#8220;default&#8220; body_font=&#8220;|700|||||||&#8220; body_text_align=&#8220;center&#8220; body_text_color=&#8220;#32346E&#8220; body_font_size=&#8220;17px&#8220; custom_padding=&#8220;||45px||false|false&#8220; link_option_url=&#8220;@ET-DC@eyJkeW5hbWljIjp0cnVlLCJjb250ZW50IjoicG9zdF9saW5rX3VybF9wYWdlIiwic2V0dGluZ3MiOnsicG9zdF9pZCI6IjQ5OCJ9fQ==@&#8220; custom_css_blurb_image=&#8220;margin-bottom:15px;&#8220; image_max_width=&#8220;50%&#8220; global_colors_info=&#8220;{}&#8220;]<\/p>\n<p>Football golf<\/p>\n<p>[\/et_pb_blurb][et_pb_blurb url=&#8220;@ET-DC@eyJkeW5hbWljIjp0cnVlLCJjb250ZW50IjoicG9zdF9saW5rX3VybF9wYWdlIiwic2V0dGluZ3MiOnsicG9zdF9pZCI6IjUwNCJ9fQ==@&#8220; image=&#8220;https:\/\/skemmtigardur.is\/wp-content\/uploads\/2021\/07\/klessubolti.svg&#8220; image_icon_width=&#8220;50%&#8220; _builder_version=&#8220;4.16&#8243; _dynamic_attributes=&#8220;link_option_url,url&#8220; _module_preset=&#8220;default&#8220; body_font=&#8220;|700|||||||&#8220; body_text_align=&#8220;center&#8220; body_text_color=&#8220;#32346E&#8220; body_font_size=&#8220;17px&#8220; custom_padding=&#8220;||45px||false|false&#8220; link_option_url=&#8220;@ET-DC@eyJkeW5hbWljIjp0cnVlLCJjb250ZW50IjoicG9zdF9saW5rX3VybF9wYWdlIiwic2V0dGluZ3MiOnsicG9zdF9pZCI6IjUwNCJ9fQ==@&#8220; custom_css_blurb_image=&#8220;margin-bottom:15px;&#8220; image_max_width=&#8220;50%&#8220; global_colors_info=&#8220;{}&#8220;]<\/p>\n<p>Zorb balls<\/p>\n<p>[\/et_pb_blurb][\/et_pb_column][\/et_pb_row][\/et_pb_section]<\/p>\n<span class=\"et_bloom_bottom_trigger\"><\/span>","protected":false},"excerpt":{"rendered":"<p>Fyrir krakka Skemmtigar\u00f0urinn b\u00fd\u00f0ur fj\u00f6lbreytta af\u00fereyingu fyrir alla aldursh\u00f3paAf\u00fereyingM\u00cdN\u00cdGOLF\u00daTI LASERTAGARCHERY TAG\u00deRAUTALEIKURF\u00d3TBOLTAGOLFKLESSUBOLTAR<\/p>","protected":false},"author":1,"featured_media":0,"parent":0,"menu_order":0,"comment_status":"closed","ping_status":"closed","template":"","meta":{"_et_pb_use_builder":"on","_et_pb_old_content":"","_et_gb_content_width":"","inline_featured_image":false,"footnotes":""},"class_list":["post-126","page","type-page","status-publish","hentry"],"_links":{"self":[{"href":"https:\/\/skemmtigardur.is\/en\/wp-json\/wp\/v2\/pages\/126","targetHints":{"allow":["GET"]}}],"collection":[{"href":"https:\/\/skemmtigardur.is\/en\/wp-json\/wp\/v2\/pages"}],"about":[{"href":"https:\/\/skemmtigardur.is\/en\/wp-json\/wp\/v2\/types\/page"}],"author":[{"embeddable":true,"href":"https:\/\/skemmtigardur.is\/en\/wp-json\/wp\/v2\/users\/1"}],"replies":[{"embeddable":true,"href":"https:\/\/skemmtigardur.is\/en\/wp-json\/wp\/v2\/comments?post=126"}],"version-history":[{"count":13,"href":"https:\/\/skemmtigardur.is\/en\/wp-json\/wp\/v2\/pages\/126\/revisions"}],"predecessor-version":[{"id":4765,"href":"https:\/\/skemmtigardur.is\/en\/wp-json\/wp\/v2\/pages\/126\/revisions\/4765"}],"wp:attachment":[{"href":"https:\/\/skemmtigardur.is\/en\/wp-json\/wp\/v2\/media?parent=126"}],"curies":[{"name":"wp","href":"https:\/\/api.w.org\/{rel}","templated":true}]}}