{"id":118,"date":"2021-07-13T14:57:55","date_gmt":"2021-07-13T14:57:55","guid":{"rendered":"https:\/\/skemmtigardur.is\/?page_id=118"},"modified":"2026-02-17T10:15:36","modified_gmt":"2026-02-17T10:15:36","slug":"leikjanamskeid","status":"publish","type":"page","link":"https:\/\/skemmtigardur.is\/en\/leikjanamskeid\/","title":{"rendered":"Leikjan\u00e1mskei\u00f0"},"content":{"rendered":"<p>[et_pb_section fb_built=&#8220;1&#8243; specialty=&#8220;on&#8220; _builder_version=&#8220;4.16&#8243; _module_preset=&#8220;default&#8220; custom_padding=&#8220;7px||9px|||&#8220; global_colors_info=&#8220;{}&#8220;][et_pb_column type=&#8220;2_3&#8243; specialty_columns=&#8220;2&#8243; _builder_version=&#8220;4.16&#8243; custom_padding=&#8220;|||&#8220; global_colors_info=&#8220;{}&#8220; custom_padding__hover=&#8220;|||&#8220;][et_pb_row_inner column_structure=&#8220;1_2,1_2&#8243; use_custom_gutter=&#8220;on&#8220; gutter_width=&#8220;2&#8243; make_equal=&#8220;on&#8220; _builder_version=&#8220;4.16&#8243; _module_preset=&#8220;default&#8220; border_width_bottom=&#8220;1px&#8220; border_color_bottom=&#8220;#E6797C&#8220; global_colors_info=&#8220;{}&#8220;][et_pb_column_inner type=&#8220;1_2&#8243; saved_specialty_column_type=&#8220;2_3&#8243; _builder_version=&#8220;4.16&#8243; _module_preset=&#8220;default&#8220; global_colors_info=&#8220;{}&#8220;][et_pb_image src=&#8220;https:\/\/skemmtigardur.is\/wp-content\/uploads\/2025\/03\/Skraning-er-hafin-1.png&#8220; title_text=&#8220;Skr\u00e1ning er hafin (1)&#8220; _builder_version=&#8220;4.27.4&#8243; _module_preset=&#8220;default&#8220; global_colors_info=&#8220;{}&#8220;][\/et_pb_image][et_pb_text _builder_version=&#8220;4.16&#8243; _module_preset=&#8220;default&#8220; text_text_color=&#8220;#32346E&#8220; link_font=&#8220;|600|||on||||&#8220; link_text_color=&#8220;#E6797C&#8220; custom_padding=&#8220;||||false|false&#8220; global_colors_info=&#8220;{}&#8220;]<\/p>\n<p><strong>Ver\u00f0:<\/strong><br \/><span>30.000 kr \u00e1 hvert barn<\/span><br \/><span>Innifali\u00f0 \u00ed ver\u00f0inu er H\u00c1DEGISMATUR*<\/span><br \/><span>\u200b\u00dea\u00f0 sem b\u00f6rnin \u00feurfa a\u00f0 taka me\u00f0 s\u00e9r:<\/span><br \/><span>\u00datif\u00f6t eftir ve\u00f0ri og g\u00f3\u00f0a sk\u00f3.\u00a0<\/span><\/p>\n<p><span><\/span><\/p>\n<p>*\u00cd kaffit\u00edmum ver\u00f0ur bo\u00f0i\u00f0 upp \u00e1 grilla\u00f0ar samlokur og \u00e1v\u00f6xt. \u00c1 f\u00f6stud\u00f6gum endum vi\u00f0 n\u00e1mskei\u00f0i\u00f0 \u00e1 pylsupart\u00fd, dj\u00fas og candyfloss!<span><\/span><\/p>\n<p><span><\/span><\/p>\n<p><span><strong>Skilm\u00e1lar:<\/strong><\/span><\/p>\n<ul>\n<li><span>Ef l\u00e1gmarks\u00fe\u00e1tttaka n\u00e6st ekki 4 d\u00f6gum fyrir n\u00e1mskei\u00f0 \u00fe\u00e1 \u00e1skilur Skemmtigar\u00f0urinn s\u00e9r r\u00e9tt a\u00f0 fella ni\u00f0ur n\u00e1mskei\u00f0i\u00f0 og \u00fe\u00e1ttt\u00f6kugjald endurgreitt.<br \/><\/span><\/li>\n<li><span>Ef h\u00e1marks\u00fe\u00e1ttt\u00f6ku er n\u00e1\u00f0 \u00fe\u00e1 er h\u00e6gt a\u00f0 skr\u00e1 b\u00f6rnin \u00e1 bi\u00f0lista me\u00f0 \u00fev\u00ed a\u00f0 senda p\u00f3st \u00e1 info@skemmtigardur.is<br \/><\/span><\/li>\n<li><span>Skemmtigar\u00f0urinn Grafarvogi \u00e1skilur s\u00e9r r\u00e9tt til notkunar \u00e1 myndum af b\u00f6rnunum me\u00f0an n\u00e1mskei\u00f0inu stendur. Myndbirtingar eru \u00ed samr\u00e6mi vi\u00f0 l\u00f6g og reglur pers\u00f3nuverndar.<\/span><\/li>\n<li>\u00c6tlast er til \u00feess a\u00f0 fars\u00edmar s\u00e9u geymdir \u00ed t\u00f6skum e\u00f0a v\u00f6sum \u00e1 me\u00f0an n\u00e1mskei\u00f0i stendur.<span><\/span><\/li>\n<li>N\u00e1mskei\u00f0i\u00f0 er utandyra, vi\u00f0 hvetjum \u00fev\u00ed foreldra til \u00feess a\u00f0 kl\u00e6\u00f0a b\u00f6rnin eftir ve\u00f0ri.\u00a0<\/li>\n<\/ul>\n<p>[\/et_pb_text][\/et_pb_column_inner][et_pb_column_inner type=&#8220;1_2&#8243; saved_specialty_column_type=&#8220;2_3&#8243; _builder_version=&#8220;4.16&#8243; _module_preset=&#8220;default&#8220; global_colors_info=&#8220;{}&#8220;][et_pb_text _builder_version=&#8220;4.16&#8243; _module_preset=&#8220;default&#8220; text_text_color=&#8220;#32346E&#8220; text_font_size=&#8220;35px&#8220; header_text_color=&#8220;#32346E&#8220; header_font_size=&#8220;35px&#8220; custom_margin=&#8220;||8px|||&#8220; custom_padding=&#8220;||||false|false&#8220; custom_padding_tablet=&#8220;&#8220; custom_padding_phone=&#8220;||0%||false|false&#8220; custom_padding_last_edited=&#8220;on|phone&#8220; header_font_size_tablet=&#8220;&#8220; header_font_size_phone=&#8220;30px&#8220; header_font_size_last_edited=&#8220;on|phone&#8220; global_colors_info=&#8220;{}&#8220;]<\/p>\n<h1>Hva\u00f0 er Leikjan\u00e1mskei\u00f0?<\/h1>\n<p>[\/et_pb_text][et_pb_text _builder_version=&#8220;4.27.5&#8243; _module_preset=&#8220;default&#8220; text_text_color=&#8220;#32346E&#8220; link_font=&#8220;|600|||on||||&#8220; link_text_color=&#8220;#E6797C&#8220; custom_padding=&#8220;||||false|false&#8220; hover_enabled=&#8220;0&#8243; global_colors_info=&#8220;{}&#8220; sticky_enabled=&#8220;0&#8243;]<\/p>\n<p>Skemmtigar\u00f0urinn heldur skemmtilegt leikjan\u00e1mskei\u00f0 \u00ed sumar \u00fear sem krakkarnir f\u00e1 a\u00f0 nj\u00f3ta \u00feess a\u00f0 leika s\u00e9r utandyra og pr\u00f3fa vins\u00e6lu af\u00fereyingarnar sem vi\u00f0 bj\u00f3\u00f0um upp \u00e1. Me\u00f0al af\u00fereyinga sem fari\u00f0 er \u00ed \u00e1 leikjan\u00e1mskei\u00f0unum er minigolf, f\u00f3tboltagolf, klessuboltar, lasertag og h\u00f3peflisleikir.<\/p>\n<p>Dagarnir eru bygg\u00f0ir \u00feannig upp a\u00f0 vi\u00f0 t\u00f6kum eina af\u00fereyingu, t\u00f6kum svo h\u00e1degismat og f\u00f6rum a\u00f0 svo \u00ed a\u00f0ra af\u00fereyingu<\/p>\n<p>Hver dagur er bygg\u00f0ur \u00feannig upp a\u00f0 vi\u00f0 leikum okkur saman \u00ed margskonar fj\u00f6ri, bor\u00f0um nesti \u00ed h\u00e1deginu og endum daginn aftur \u00e1 leik<br \/>S\u00ed\u00f0asta daginn ver\u00f0ur uppskeruh\u00e1t\u00ed\u00f0 \u00fear sem grilla\u00f0ar ver\u00f0a pylsur, safi og b\u00fai\u00f0 til candyfloss.<\/p>\n<p>Hvert n\u00e1mskei\u00f0 eru 5 dagar \u00ed senn og ver\u00f0a nokkur n\u00e1mskei\u00f0 \u00ed sumar.<br \/>N\u00e1mskei\u00f0i\u00f0 er tv\u00edskipt:<br \/>6-9 \u00e1ra\u00a0 \u00a0Byrja kl 09:00<br \/>10-13 \u00e1ra\u00a0 \u00a0 Byrja kl 10:00<\/p>\n<p>6-9 \u00e1ra n\u00e1mskei\u00f0i\u00f0 er fr\u00e1 <strong>09:00 &#8211; 13:00<\/strong><br \/>10-13 \u00e1ra n\u00e1mskei\u00f0i\u00f0 er fr\u00e1 <strong>10:00 &#8211; 14:00<\/strong><br \/>Starfsmenn ver\u00f0a \u00e1 sv\u00e6\u00f0inu 15 m\u00edn eftir a\u00f0 n\u00e1mskei\u00f0i l\u00fdkur.<\/p>\n<p><strong>J\u00fan\u00ed:<\/strong><br \/><strong><\/strong><\/p>\n<p>1. n\u00e1mskei\u00f0: 15.-19. j\u00fan\u00ed (4 dagar)<br \/>2. n\u00e1mskei\u00f0: 22.-26. j\u00fan\u00ed<br \/>3. n\u00e1mskei\u00f0: 29. j\u00fan\u00ed-3. j\u00fal\u00ed<\/p>\n<p><strong>J\u00fal\u00ed:<\/strong><\/p>\n<p>4. n\u00e1mskei\u00f0: 6.-10. J\u00fal\u00ed<br \/>5. n\u00e1mskei\u00f0: 13.-17. J\u00fal\u00ed<br \/>6. n\u00e1mskei\u00f0: 20-24. J\u00fal\u00ed<br \/>7. n\u00e1mskei\u00f0: 27.-31. j\u00fal\u00ed<\/p>\n<p>\u200b<br \/>*takmarka\u00f0 pl\u00e1ss \u00ed bo\u00f0i<\/p>\n<p>** ef ekki n\u00e6st l\u00e1gamarks\u00fe\u00e1tttaka er m\u00f6gulegt a\u00f0 sameinu\u00f0 ver\u00f0i n\u00e1mskei\u00f0.<\/p>\n<p>Vi\u00f0 bj\u00f3\u00f0um upp \u00e1 systkinaafsl\u00e1tt: 10.000 kr. afsl\u00e1ttur \u00e1 hvert barn umfram fyrsta skr\u00e1\u00f0 barn. Vinsamlegast hafi\u00f0 samband vi\u00f0 <a href=\"mailto:info@skemmtigardur.is\">info@skemmtigardur.is<\/a> til \u00feess a\u00f0 virkja afsl\u00e1ttinn.<br \/>\u200b<\/p>\n<p>[\/et_pb_text][\/et_pb_column_inner][\/et_pb_row_inner][\/et_pb_column][et_pb_column type=&#8220;1_3&#8243; _builder_version=&#8220;4.16&#8243; custom_padding=&#8220;|||&#8220; global_colors_info=&#8220;{}&#8220; custom_padding__hover=&#8220;|||&#8220;][et_pb_text _builder_version=&#8220;4.16&#8243; _module_preset=&#8220;default&#8220; text_text_color=&#8220;#32346E&#8220; text_font_size=&#8220;35px&#8220; header_text_color=&#8220;#32346E&#8220; header_font_size=&#8220;35px&#8220; custom_margin=&#8220;||8px|||&#8220; custom_padding=&#8220;||||false|false&#8220; custom_padding_tablet=&#8220;&#8220; custom_padding_phone=&#8220;||0%||false|false&#8220; custom_padding_last_edited=&#8220;on|phone&#8220; header_font_size_tablet=&#8220;&#8220; header_font_size_phone=&#8220;30px&#8220; header_font_size_last_edited=&#8220;on|phone&#8220; global_colors_info=&#8220;{}&#8220;]<\/p>\n<h1>BOOK HERE<\/h1>\n<p>[\/et_pb_text][et_pb_code admin_label=&#8220;Code&#8220; _builder_version=&#8220;4.16&#8243; _module_preset=&#8220;default&#8220; global_colors_info=&#8220;{}&#8220;]<script type=\"text\/javascript\" src=\"https:\/\/widgets.bokun.io\/assets\/javascripts\/apps\/build\/BokunWidgetsLoader.js?bookingChannelUUID=8d663b76-3f35-4f64-b45d-da75303cdb13\" async><\/script><!-- [et_pb_line_break_holder] -->     <!-- [et_pb_line_break_holder] -->    <\/p>\n<div class=\"bokunWidget\" data-src=\"https:\/\/widgets.bokun.io\/online-sales\/8d663b76-3f35-4f64-b45d-da75303cdb13\/experience-calendar\/188805\"><\/div>\n<p><!-- [et_pb_line_break_holder] -->    <noscript>Please enable javascript in your browser to book<\/noscript><!-- [et_pb_line_break_holder] -->[\/et_pb_code][\/et_pb_column][\/et_pb_section]<\/p>\n<span class=\"et_bloom_bottom_trigger\"><\/span>","protected":false},"excerpt":{"rendered":"<p>Ver\u00f0:30.000 kr \u00e1 hvert barnInnifali\u00f0 \u00ed ver\u00f0inu er H\u00c1DEGISMATUR*\u200b\u00dea\u00f0 sem b\u00f6rnin \u00feurfa a\u00f0 taka me\u00f0 s\u00e9r:\u00datif\u00f6t eftir ve\u00f0ri og g\u00f3\u00f0a sk\u00f3.\u00a0 *\u00cd kaffit\u00edmum ver\u00f0ur bo\u00f0i\u00f0 upp \u00e1 grilla\u00f0ar samlokur og \u00e1v\u00f6xt. \u00c1 f\u00f6stud\u00f6gum endum vi\u00f0 n\u00e1mskei\u00f0i\u00f0 \u00e1 pylsupart\u00fd, dj\u00fas og candyfloss! Skilm\u00e1lar: Ef l\u00e1gmarks\u00fe\u00e1tttaka n\u00e6st ekki 4 d\u00f6gum fyrir n\u00e1mskei\u00f0 \u00fe\u00e1 \u00e1skilur Skemmtigar\u00f0urinn s\u00e9r r\u00e9tt [&hellip;]<\/p>","protected":false},"author":1,"featured_media":0,"parent":0,"menu_order":0,"comment_status":"closed","ping_status":"closed","template":"","meta":{"_et_pb_use_builder":"on","_et_pb_old_content":"","_et_gb_content_width":"","inline_featured_image":false,"footnotes":""},"class_list":["post-118","page","type-page","status-publish","hentry"],"_links":{"self":[{"href":"https:\/\/skemmtigardur.is\/en\/wp-json\/wp\/v2\/pages\/118","targetHints":{"allow":["GET"]}}],"collection":[{"href":"https:\/\/skemmtigardur.is\/en\/wp-json\/wp\/v2\/pages"}],"about":[{"href":"https:\/\/skemmtigardur.is\/en\/wp-json\/wp\/v2\/types\/page"}],"author":[{"embeddable":true,"href":"https:\/\/skemmtigardur.is\/en\/wp-json\/wp\/v2\/users\/1"}],"replies":[{"embeddable":true,"href":"https:\/\/skemmtigardur.is\/en\/wp-json\/wp\/v2\/comments?post=118"}],"version-history":[{"count":26,"href":"https:\/\/skemmtigardur.is\/en\/wp-json\/wp\/v2\/pages\/118\/revisions"}],"predecessor-version":[{"id":6582,"href":"https:\/\/skemmtigardur.is\/en\/wp-json\/wp\/v2\/pages\/118\/revisions\/6582"}],"wp:attachment":[{"href":"https:\/\/skemmtigardur.is\/en\/wp-json\/wp\/v2\/media?parent=118"}],"curies":[{"name":"wp","href":"https:\/\/api.w.org\/{rel}","templated":true}]}}