{"id":114,"date":"2021-07-13T14:56:28","date_gmt":"2021-07-13T14:56:28","guid":{"rendered":"https:\/\/skemmtigardur.is\/?page_id=114"},"modified":"2021-12-06T11:48:56","modified_gmt":"2021-12-06T11:48:56","slug":"einstaklingar","status":"publish","type":"page","link":"https:\/\/skemmtigardur.is\/en\/einstaklingar\/","title":{"rendered":"Individuals"},"content":{"rendered":"<p>[et_pb_section fb_built=&#8220;1&#8243; _builder_version=&#8220;4.14.2&#8243; _module_preset=&#8220;default&#8220; background_color=&#8220;rgba(50,52,110,0.52)&#8220; background_image=&#8220;https:\/\/skemmtigardur.is\/wp-content\/uploads\/2021\/10\/forsida.jpg&#8220; background_position=&#8220;bottom_center&#8220; background_blend=&#8220;overlay&#8220; height=&#8220;30vw&#8220; height_tablet=&#8220;&#8220; height_phone=&#8220;auto&#8220; height_last_edited=&#8220;on|phone&#8220; global_colors_info=&#8220;{}&#8220; theme_builder_area=&#8220;post_content&#8220;][et_pb_row make_equal=&#8220;on&#8220; _builder_version=&#8220;4.10.4&#8243; _module_preset=&#8220;default&#8220; width=&#8220;100%&#8220; max_width=&#8220;1200px&#8220; custom_padding=&#8220;8%||||false|false&#8220; custom_css_main_element=&#8220; display: flex;||align-items: center;||justify-content: center;&#8220; global_colors_info=&#8220;{}&#8220; theme_builder_area=&#8220;post_content&#8220;][et_pb_column type=&#8220;4_4&#8243; _builder_version=&#8220;4.10.4&#8243; _module_preset=&#8220;default&#8220; global_colors_info=&#8220;{}&#8220; theme_builder_area=&#8220;post_content&#8220;][et_pb_text _builder_version=&#8220;4.14.2&#8243; _module_preset=&#8220;default&#8220; text_font=&#8220;Source Sans Pro|700|||||||&#8220; text_text_color=&#8220;#FFFFFF&#8220; text_font_size=&#8220;25px&#8220; header_text_align=&#8220;center&#8220; header_text_color=&#8220;#FFFFFF&#8220; header_font_size=&#8220;80px&#8220; text_orientation=&#8220;center&#8220; text_font_size_tablet=&#8220;&#8220; text_font_size_phone=&#8220;20px&#8220; text_font_size_last_edited=&#8220;on|phone&#8220; header_font_size_tablet=&#8220;&#8220; header_font_size_phone=&#8220;40px&#8220; header_font_size_last_edited=&#8220;on|phone&#8220; global_colors_info=&#8220;{}&#8220; theme_builder_area=&#8220;post_content&#8220;]<\/p>\n<h1>Welcome to Skemmtigar\u00f0urinn<\/h1>\n<p>Skemmtigar\u00f0urinn offers a variety of entertainment for all ages.<\/p>\n<p>[\/et_pb_text][\/et_pb_column][\/et_pb_row][\/et_pb_section][et_pb_section fb_built=&#8220;1&#8243; _builder_version=&#8220;4.10.8&#8243; _module_preset=&#8220;default&#8220; custom_padding=&#8220;||0px||false|false&#8220; global_colors_info=&#8220;{}&#8220;][et_pb_row _builder_version=&#8220;4.9.10&#8243; _module_preset=&#8220;default&#8220; width=&#8220;75%&#8220; max_width=&#8220;100%&#8220; global_colors_info=&#8220;{}&#8220;][et_pb_column type=&#8220;4_4&#8243; _builder_version=&#8220;4.7.7&#8243; _module_preset=&#8220;default&#8220; global_colors_info=&#8220;{}&#8220;][et_pb_text _builder_version=&#8220;4.11.4&#8243; _module_preset=&#8220;default&#8220; text_text_color=&#8220;#32346E&#8220; text_orientation=&#8220;center&#8220; custom_padding=&#8220;0px||0px||false|false&#8220; global_colors_info=&#8220;{}&#8220;]<\/p>\n<p>During the summer you can come to Skemmtigar\u00f0urinn without booking in advance. From May to September it is open every day until 22:00 in the evenings in Football Golf, Mini Golf, Axethrowing and Rage rooms. During the other months of the year you can play these activities too but then you need to book it with one day's notice on our website or send us an email at info@skemmtigardur.is<\/p>\n<p>[\/et_pb_text][et_pb_text _builder_version=&#8220;4.9.10&#8243; _module_preset=&#8220;default&#8220; text_font=&#8220;||||||||&#8220; text_text_color=&#8220;#32346E&#8220; header_text_align=&#8220;center&#8220; header_text_color=&#8220;#32346E&#8220; header_font_size=&#8220;50px&#8220; background_color=&#8220;#FFFFFF&#8220; width=&#8220;75%&#8220; width_tablet=&#8220;&#8220; width_phone=&#8220;100%&#8220; width_last_edited=&#8220;on|phone&#8220; max_width=&#8220;100%&#8220; module_alignment=&#8220;center&#8220; custom_padding=&#8220;4%||4%||true|false&#8220; header_font_size_tablet=&#8220;&#8220; header_font_size_phone=&#8220;30px&#8220; header_font_size_last_edited=&#8220;on|phone&#8220; global_colors_info=&#8220;{}&#8220;]<\/p>\n<h1>Activities<\/h1>\n<p>[\/et_pb_text][\/et_pb_column][\/et_pb_row][et_pb_row _builder_version=&#8220;4.11.4&#8243; _module_preset=&#8220;default&#8220; width=&#8220;69%&#8220; width_tablet=&#8220;&#8220; width_phone=&#8220;95%&#8220; width_last_edited=&#8220;on|phone&#8220; max_width=&#8220;100%&#8220; module_alignment=&#8220;right&#8220; custom_padding=&#8220;||0px||false|false&#8220; global_colors_info=&#8220;{}&#8220;][et_pb_column type=&#8220;4_4&#8243; _builder_version=&#8220;4.9.10&#8243; _module_preset=&#8220;default&#8220; custom_css_main_element=&#8220;display:grid;||grid-template-columns: 14% 14% 14% 14% 14% 14% 14%;||grid-auto-rows: auto;&#8220; global_colors_info=&#8220;{}&#8220; custom_css_main_element_last_edited=&#8220;on|phone&#8220; custom_css_main_element_phone=&#8220;display:grid;||grid-template-columns: 33% 33% 33% ;||grid-auto-rows: auto;&#8220; custom_css_main_element_tablet=&#8220;display:grid;||grid-template-columns: 14% 14% 14% 14% 14% 14% 14%;||grid-auto-rows: auto;&#8220;][et_pb_blurb url=&#8220;@ET-DC@eyJkeW5hbWljIjp0cnVlLCJjb250ZW50IjoicG9zdF9saW5rX3VybF9wYWdlIiwic2V0dGluZ3MiOnsicG9zdF9pZCI6IjQ4MiJ9fQ==@&#8220; image=&#8220;https:\/\/skemmtigardur.is\/wp-content\/uploads\/2021\/07\/minigolf.svg&#8220; image_icon_width=&#8220;50%&#8220; _builder_version=&#8220;4.13.0&#8243; _dynamic_attributes=&#8220;link_option_url,url&#8220; _module_preset=&#8220;default&#8220; body_font=&#8220;|700|||||||&#8220; body_text_align=&#8220;center&#8220; body_text_color=&#8220;#32346E&#8220; body_font_size=&#8220;17px&#8220; custom_padding=&#8220;||45px||false|false&#8220; link_option_url=&#8220;@ET-DC@eyJkeW5hbWljIjp0cnVlLCJjb250ZW50IjoicG9zdF9saW5rX3VybF9wYWdlIiwic2V0dGluZ3MiOnsicG9zdF9pZCI6IjQ4MiJ9fQ==@&#8220; custom_css_blurb_image=&#8220;margin-bottom:15px;&#8220; image_max_width=&#8220;50%&#8220; global_colors_info=&#8220;{}&#8220;]<\/p>\n<p>Minigolf<\/p>\n<p>[\/et_pb_blurb][et_pb_blurb url=&#8220;@ET-DC@eyJkeW5hbWljIjp0cnVlLCJjb250ZW50IjoicG9zdF9saW5rX3VybF9wYWdlIiwic2V0dGluZ3MiOnsicG9zdF9pZCI6IjQ5OCJ9fQ==@&#8220; image=&#8220;https:\/\/skemmtigardur.is\/wp-content\/uploads\/2021\/07\/fotboltagolf.svg&#8220; image_icon_width=&#8220;50%&#8220; _builder_version=&#8220;4.13.0&#8243; _dynamic_attributes=&#8220;link_option_url,url&#8220; _module_preset=&#8220;default&#8220; body_font=&#8220;|700|||||||&#8220; body_text_align=&#8220;center&#8220; body_text_color=&#8220;#32346E&#8220; body_font_size=&#8220;17px&#8220; custom_padding=&#8220;||45px||false|false&#8220; link_option_url=&#8220;@ET-DC@eyJkeW5hbWljIjp0cnVlLCJjb250ZW50IjoicG9zdF9saW5rX3VybF9wYWdlIiwic2V0dGluZ3MiOnsicG9zdF9pZCI6IjQ5OCJ9fQ==@&#8220; custom_css_blurb_image=&#8220;margin-bottom:15px;&#8220; image_max_width=&#8220;50%&#8220; global_colors_info=&#8220;{}&#8220;]<\/p>\n<p>Football golf<\/p>\n<p>[\/et_pb_blurb][et_pb_blurb url=&#8220;@ET-DC@eyJkeW5hbWljIjp0cnVlLCJjb250ZW50IjoicG9zdF9saW5rX3VybF9wYWdlIiwic2V0dGluZ3MiOnsicG9zdF9pZCI6IjUwNiJ9fQ==@&#8220; image=&#8220;https:\/\/skemmtigardur.is\/wp-content\/uploads\/2021\/07\/axarkast.svg&#8220; image_icon_width=&#8220;50%&#8220; _builder_version=&#8220;4.13.0&#8243; _dynamic_attributes=&#8220;link_option_url,url&#8220; _module_preset=&#8220;default&#8220; body_font=&#8220;|700|||||||&#8220; body_text_align=&#8220;center&#8220; body_text_color=&#8220;#32346E&#8220; body_font_size=&#8220;17px&#8220; custom_padding=&#8220;||45px||false|false&#8220; link_option_url=&#8220;@ET-DC@eyJkeW5hbWljIjp0cnVlLCJjb250ZW50IjoicG9zdF9saW5rX3VybF9wYWdlIiwic2V0dGluZ3MiOnsicG9zdF9pZCI6IjUwNiJ9fQ==@&#8220; custom_css_blurb_image=&#8220;margin-bottom:15px;&#8220; image_max_width=&#8220;50%&#8220; global_colors_info=&#8220;{}&#8220;]<\/p>\n<p>Axe throwing<\/p>\n<p>[\/et_pb_blurb][et_pb_blurb url=&#8220;@ET-DC@eyJkeW5hbWljIjp0cnVlLCJjb250ZW50IjoicG9zdF9saW5rX3VybF9wYWdlIiwic2V0dGluZ3MiOnsicG9zdF9pZCI6IjUyNiJ9fQ==@&#8220; image=&#8220;https:\/\/skemmtigardur.is\/wp-content\/uploads\/2021\/07\/utras.svg&#8220; image_icon_width=&#8220;50%&#8220; _builder_version=&#8220;4.13.0&#8243; _dynamic_attributes=&#8220;link_option_url,url&#8220; _module_preset=&#8220;default&#8220; body_font=&#8220;|700|||||||&#8220; body_text_align=&#8220;center&#8220; body_text_color=&#8220;#32346E&#8220; body_font_size=&#8220;17px&#8220; custom_padding=&#8220;||45px||false|false&#8220; link_option_url=&#8220;@ET-DC@eyJkeW5hbWljIjp0cnVlLCJjb250ZW50IjoicG9zdF9saW5rX3VybF9wYWdlIiwic2V0dGluZ3MiOnsicG9zdF9pZCI6IjUyNiJ9fQ==@&#8220; custom_css_blurb_image=&#8220;margin-bottom:15px;&#8220; image_max_width=&#8220;50%&#8220; global_colors_info=&#8220;{}&#8220;]<\/p>\n<p>Rage Room<\/p>\n<p>[\/et_pb_blurb][\/et_pb_column][\/et_pb_row][\/et_pb_section]<\/p>\n<span class=\"et_bloom_bottom_trigger\"><\/span>","protected":false},"excerpt":{"rendered":"<p>Velkomin \u00ed Skemmtigar\u00f0inn Skemmtigar\u00f0urinn b\u00fd\u00f0ur fj\u00f6lbreytta af\u00fereyingu fyrir alla aldursh\u00f3pa\u00c1 sumrin er h\u00e6gt a\u00f0 m\u00e6ta \u00ed Skemmtigar\u00f0inn \u00e1n \u00feessa a\u00f0 b\u00f3ka fyrirfram. Fr\u00e1 Ma\u00ed til Sept \u00fe\u00e1 er opi\u00f0 alla daga til 22:00 \u00e1 kv\u00f6ldin \u00ed F\u00f3tboltagolf, Minigolf, Axarkast og \u00datr\u00e1sina. Hina m\u00e1nu\u00f0i \u00e1rsins er h\u00e6gt a\u00f0 spila \u00fe\u00e6r af\u00fereyingar l\u00edka en \u00fe\u00e1 \u00fearf a\u00f0 [&hellip;]<\/p>","protected":false},"author":1,"featured_media":0,"parent":0,"menu_order":0,"comment_status":"closed","ping_status":"closed","template":"","meta":{"_et_pb_use_builder":"on","_et_pb_old_content":"","_et_gb_content_width":"","inline_featured_image":false,"footnotes":""},"class_list":["post-114","page","type-page","status-publish","hentry"],"_links":{"self":[{"href":"https:\/\/skemmtigardur.is\/en\/wp-json\/wp\/v2\/pages\/114","targetHints":{"allow":["GET"]}}],"collection":[{"href":"https:\/\/skemmtigardur.is\/en\/wp-json\/wp\/v2\/pages"}],"about":[{"href":"https:\/\/skemmtigardur.is\/en\/wp-json\/wp\/v2\/types\/page"}],"author":[{"embeddable":true,"href":"https:\/\/skemmtigardur.is\/en\/wp-json\/wp\/v2\/users\/1"}],"replies":[{"embeddable":true,"href":"https:\/\/skemmtigardur.is\/en\/wp-json\/wp\/v2\/comments?post=114"}],"version-history":[{"count":14,"href":"https:\/\/skemmtigardur.is\/en\/wp-json\/wp\/v2\/pages\/114\/revisions"}],"predecessor-version":[{"id":2392,"href":"https:\/\/skemmtigardur.is\/en\/wp-json\/wp\/v2\/pages\/114\/revisions\/2392"}],"wp:attachment":[{"href":"https:\/\/skemmtigardur.is\/en\/wp-json\/wp\/v2\/media?parent=114"}],"curies":[{"name":"wp","href":"https:\/\/api.w.org\/{rel}","templated":true}]}}