{"id":1131,"date":"2021-08-11T16:49:03","date_gmt":"2021-08-11T16:49:03","guid":{"rendered":"https:\/\/skemmtigardur.is\/?page_id=1131"},"modified":"2026-02-13T11:42:38","modified_gmt":"2026-02-13T11:42:38","slug":"skemmtileikar-pakki-1","status":"publish","type":"page","link":"https:\/\/skemmtigardur.is\/en\/skemmtileikar-pakki-1\/","title":{"rendered":"Beer olympic package"},"content":{"rendered":"<p>[et_pb_section fb_built=&#8220;1&#8243; _builder_version=&#8220;4.27.0&#8243; _module_preset=&#8220;default&#8220; background_color=&#8220;rgba(0,3,109,0.3)&#8220; background_image=&#8220;https:\/\/skemmtigardur.is\/wp-content\/uploads\/2021\/09\/ovissuferd.jpg&#8220; background_blend=&#8220;overlay&#8220; height=&#8220;30vw&#8220; height_tablet=&#8220;&#8220; height_phone=&#8220;100vw&#8220; height_last_edited=&#8220;on|phone&#8220; global_colors_info=&#8220;{}&#8220;][et_pb_row _builder_version=&#8220;4.16&#8243; _module_preset=&#8220;default&#8220; width=&#8220;95%&#8220; global_colors_info=&#8220;{}&#8220;][et_pb_column type=&#8220;4_4&#8243; _builder_version=&#8220;4.16&#8243; _module_preset=&#8220;default&#8220; global_colors_info=&#8220;{}&#8220;][et_pb_image src=&#8220;https:\/\/skemmtigardur.is\/wp-content\/uploads\/2024\/03\/Icons-2.png&#8220; title_text=&#8220;Icons (2)&#8220; align=&#8220;center&#8220; disabled_on=&#8220;on|on|off&#8220; _builder_version=&#8220;4.27.0&#8243; _module_preset=&#8220;default&#8220; width=&#8220;150px&#8220; custom_padding=&#8220;1.1%||||false|false&#8220; global_colors_info=&#8220;{}&#8220;][\/et_pb_image][et_pb_text _builder_version=&#8220;4.16&#8243; _module_preset=&#8220;default&#8220; text_font=&#8220;|600|||||||&#8220; text_text_color=&#8220;#FFFFFF&#8220; text_font_size=&#8220;25px&#8220; header_text_align=&#8220;center&#8220; header_text_color=&#8220;#FFFFFF&#8220; header_font_size=&#8220;75px&#8220; text_orientation=&#8220;center&#8220; header_font_size_tablet=&#8220;&#8220; header_font_size_phone=&#8220;40px&#8220; header_font_size_last_edited=&#8220;on|phone&#8220; global_colors_info=&#8220;{}&#8220;]<\/p>\n<h1 class=\"titillium-web default-transform large\">Skemmtileika pakki 1<\/h1>\n<p>&nbsp;<\/p>\n<p>[\/et_pb_text][\/et_pb_column][\/et_pb_row][\/et_pb_section][et_pb_section fb_built=&#8220;1&#8243; _builder_version=&#8220;4.16&#8243; _module_preset=&#8220;default&#8220; custom_padding=&#8220;0px||9px||false|false&#8220; global_colors_info=&#8220;{}&#8220;][et_pb_row _builder_version=&#8220;4.16&#8243; _module_preset=&#8220;default&#8220; width=&#8220;95%&#8220; max_width=&#8220;100%&#8220; custom_padding=&#8220;0px||0px||false|false&#8220; global_colors_info=&#8220;{}&#8220;][et_pb_column type=&#8220;4_4&#8243; _builder_version=&#8220;4.16&#8243; _module_preset=&#8220;default&#8220; global_colors_info=&#8220;{}&#8220;][et_pb_code module_class=&#8220;mygallery&#8220; _builder_version=&#8220;4.16&#8243; _module_preset=&#8220;default&#8220; global_colors_info=&#8220;{}&#8220;]<script src=\"https:\/\/cdnjs.cloudflare.com\/ajax\/libs\/slick-carousel\/1.8.1\/slick.js\"><!-- [et_pb_line_break_holder] --><\/script><!-- [et_pb_line_break_holder] --><\/p>\n<style>.slick-slide {<!-- [et_pb_line_break_holder] -->float:left;<!-- [et_pb_line_break_holder] -->    margin:1.6vw;<!-- [et_pb_line_break_holder] -->  }<!-- [et_pb_line_break_holder] -->.slick-list {<!-- [et_pb_line_break_holder] -->    padding-left: 1vw!important; \/\/ half partial<!-- [et_pb_line_break_holder] -->}<!-- [et_pb_line_break_holder] --><!-- [et_pb_line_break_holder] --><\/style>\n<p><!-- [et_pb_line_break_holder] --><script><!-- [et_pb_line_break_holder] --><!-- [et_pb_line_break_holder] -->    jQuery(function($){<!-- [et_pb_line_break_holder] -->    var backButton = $('.back-button-mynd');<!-- [et_pb_line_break_holder] -->    var nextButton = $('.next-button-mynd');<!-- [et_pb_line_break_holder] -->    $('.et_pb_gallery_items').slick({<!-- [et_pb_line_break_holder] --><!-- [et_pb_line_break_holder] -->        infinite: true,<!-- [et_pb_line_break_holder] -->        slidesToShow: 4,<!-- [et_pb_line_break_holder] -->        slidesToScroll: 3,<!-- [et_pb_line_break_holder] -->        centerMode: true,<!-- [et_pb_line_break_holder] -->        centerPadding: '13%',<!-- [et_pb_line_break_holder] -->        swipe: true,<!-- [et_pb_line_break_holder] -->        prevArrow: backButton,<!-- [et_pb_line_break_holder] -->        nextArrow: nextButton,<!-- [et_pb_line_break_holder] -->        responsive: [{<!-- [et_pb_line_break_holder] -->        breakpoint: 1079, settings: {<!-- [et_pb_line_break_holder] -->        slidesToShow: 2<!-- [et_pb_line_break_holder] -->        }<!-- [et_pb_line_break_holder] -->        }] <!-- [et_pb_line_break_holder] -->    });<!-- [et_pb_line_break_holder] -->  });<!-- [et_pb_line_break_holder] --><!-- [et_pb_line_break_holder] --><\/script>[\/et_pb_code][et_pb_blurb use_icon=&#8220;on&#8220; font_icon=&#8220;&#x35;||divi||400&#8243; icon_color=&#8220;#023030&#8243; image_icon_background_color=&#8220;#F1F1F1&#8243; icon_placement=&#8220;left&#8220; image_icon_width=&#8220;30px&#8220; module_class=&#8220;next-button-mynd&#8220; _builder_version=&#8220;4.16&#8243; _module_preset=&#8220;default&#8220; image_icon_custom_padding=&#8220;8px|8px|8px|8px|false|false&#8220; custom_margin=&#8220;||0px||false|false&#8220; custom_css_main_element=&#8220;display:inline-block;||float:right;||cursor: pointer;&#8220; border_radii_image=&#8220;on|100%|100%|100%|100%&#8220; icon_font_size=&#8220;30px&#8220; use_circle=&#8220;on&#8220; circle_color=&#8220;#F1F1F1&#8243; global_colors_info=&#8220;{}&#8220; image_icon_background_color__sticky_enabled=&#8220;#7EBEC5&#8243; image_icon_background_color__sticky=&#8220;#7EBEC5&#8243;][\/et_pb_blurb][et_pb_blurb use_icon=&#8220;on&#8220; font_icon=&#8220;&#x34;||divi||400&#8243; icon_color=&#8220;#023030&#8243; image_icon_background_color=&#8220;#F1F1F1&#8243; icon_placement=&#8220;left&#8220; image_icon_width=&#8220;30px&#8220; module_class=&#8220;back-button-mynd&#8220; _builder_version=&#8220;4.16&#8243; _module_preset=&#8220;default&#8220; image_icon_custom_padding=&#8220;8px|8px|8px|8px|false|false&#8220; custom_margin=&#8220;||0px||false|false&#8220; custom_css_main_element=&#8220;display:inline-block;||float:right;||cursor: pointer;&#8220; border_radii_image=&#8220;on|100%|100%|100%|100%&#8220; icon_font_size=&#8220;30px&#8220; use_circle=&#8220;on&#8220; circle_color=&#8220;#F1F1F1&#8243; global_colors_info=&#8220;{}&#8220; image_icon_background_color__sticky_enabled=&#8220;#7EBEC5&#8243; image_icon_background_color__sticky=&#8220;#7EBEC5&#8243;][\/et_pb_blurb][\/et_pb_column][\/et_pb_row][\/et_pb_section][et_pb_section fb_built=&#8220;1&#8243; specialty=&#8220;on&#8220; _builder_version=&#8220;4.16&#8243; _module_preset=&#8220;default&#8220; custom_padding=&#8220;5px||7px|||&#8220; global_colors_info=&#8220;{}&#8220;][et_pb_column type=&#8220;2_3&#8243; specialty_columns=&#8220;2&#8243; _builder_version=&#8220;4.16&#8243; custom_padding=&#8220;|||&#8220; global_colors_info=&#8220;{}&#8220; custom_padding__hover=&#8220;|||&#8220;][et_pb_row_inner column_structure=&#8220;1_2,1_2&#8243; use_custom_gutter=&#8220;on&#8220; gutter_width=&#8220;2&#8243; make_equal=&#8220;on&#8220; _builder_version=&#8220;4.16&#8243; _module_preset=&#8220;default&#8220; border_width_bottom=&#8220;1px&#8220; border_color_bottom=&#8220;#E6797C&#8220; global_colors_info=&#8220;{}&#8220;][et_pb_column_inner type=&#8220;1_2&#8243; saved_specialty_column_type=&#8220;2_3&#8243; _builder_version=&#8220;4.16&#8243; _module_preset=&#8220;default&#8220; global_colors_info=&#8220;{}&#8220;][et_pb_text _builder_version=&#8220;4.16&#8243; _module_preset=&#8220;default&#8220; text_text_color=&#8220;#32346E&#8220; text_font_size=&#8220;35px&#8220; header_text_color=&#8220;#32346E&#8220; header_font_size=&#8220;35px&#8220; custom_margin=&#8220;||8px|||&#8220; custom_padding=&#8220;||||false|false&#8220; custom_padding_tablet=&#8220;&#8220; custom_padding_phone=&#8220;||0%||false|false&#8220; custom_padding_last_edited=&#8220;on|phone&#8220; header_font_size_tablet=&#8220;&#8220; header_font_size_phone=&#8220;30px&#8220; header_font_size_last_edited=&#8220;on|phone&#8220; global_colors_info=&#8220;{}&#8220;]<\/p>\n<h1>Beer olympics<\/h1>\n<p>[\/et_pb_text][et_pb_text _builder_version=&#8220;4.27.0&#8243; _module_preset=&#8220;default&#8220; text_text_color=&#8220;#32346E&#8220; link_font=&#8220;|600|||on||||&#8220; link_text_color=&#8220;#E6797C&#8220; custom_padding=&#8220;||||false|false&#8220; global_colors_info=&#8220;{}&#8220;]<\/p>\n<p><strong>Price per person:<\/strong> 10.990 kr<\/p>\n<p><strong>Included:<\/strong> <span> Beer olympics , 3 large beers<em><br \/><\/em><\/span><\/p>\n<p><strong>Game time:<\/strong>\u00a0<i>2 hours<\/i><br \/><strong><\/strong><\/p>\n<p><strong>Minimum amount of participants is 10<\/strong><br \/><em><\/em><\/p>\n<p><em><strong>Opening hours:<\/strong> every day from 9am-9pm<\/em><\/p>\n<p><strong>Examples of games:<\/strong><span><\/span><\/p>\n<p>Minute to win it<\/p>\n<p>Fj\u00f6lbreyttir \u201cdrykkjuleikir\u201d<\/p>\n<p><strong>We receive information about your group and prepare your entertainment based on that information.<\/strong><\/p>\n<p>\u200b<\/p>\n<p>[\/et_pb_text][\/et_pb_column_inner][et_pb_column_inner type=&#8220;1_2&#8243; saved_specialty_column_type=&#8220;2_3&#8243; _builder_version=&#8220;4.16&#8243; _module_preset=&#8220;default&#8220; global_colors_info=&#8220;{}&#8220;][et_pb_text _builder_version=&#8220;4.27.0&#8243; _module_preset=&#8220;default&#8220; text_text_color=&#8220;#32346E&#8220; text_font_size=&#8220;35px&#8220; header_text_color=&#8220;#32346E&#8220; header_font_size=&#8220;35px&#8220; custom_margin=&#8220;||8px|||&#8220; custom_padding=&#8220;||||false|false&#8220; custom_padding_tablet=&#8220;&#8220; custom_padding_phone=&#8220;||0%||false|false&#8220; custom_padding_last_edited=&#8220;on|phone&#8220; header_font_size_tablet=&#8220;&#8220; header_font_size_phone=&#8220;30px&#8220; header_font_size_last_edited=&#8220;on|phone&#8220; global_colors_info=&#8220;{}&#8220;]<\/p>\n<h1>How does our Teambuilding work?<\/h1>\n<p>[\/et_pb_text][et_pb_text _builder_version=&#8220;4.27.0&#8243; _module_preset=&#8220;default&#8220; text_text_color=&#8220;#32346E&#8220; link_font=&#8220;|600|||on||||&#8220; link_text_color=&#8220;#E6797C&#8220; custom_padding=&#8220;||||false|false&#8220; global_colors_info=&#8220;{}&#8220;]<\/p>\n<p><strong><span>It's played in teams, where competitors compete against other teams\u00a0<\/span><\/strong><strong><span>in simple but fun games.<\/span><\/strong><\/p>\n<p><strong>We generally hold our own entertainment here at the Skemmtigar\u00f0urinn, but we<\/strong><strong>can set up entertainment for your group anywhere in the country, such as:<\/strong><\/p>\n<ul>\n<li><strong>Downtown Reykjavik<\/strong><\/li>\n<li><strong>\u00cd fyrirt\u00e6kinu ykkar<\/strong><\/li>\n<li><strong>In the countryside<\/strong><\/li>\n<li><strong>\u00c1lftanesi<\/strong><\/li>\n<li><strong>Grasagar\u00f0inum<\/strong><\/li>\n<li><strong>Where ever you like<\/strong><\/li>\n<\/ul>\n<p><span>You are divided into groups and given a variety of puzzles to solve that test both the individual and the group.\u00a0<\/span><\/p>\n<p>Ingenuity and strategy play a big role in the competition, and the one who gets the most points wins.<\/p>\n<p>The winning team is then crowned the Skemmtigar\u00f0s Champions and receives medals.<\/p>\n<p>Simple but exciting and extremely popular with companies and groups<\/p>\n<p><strong>Vi\u00f0 bj\u00f3\u00f0um upp \u00e1 4 tegundir af Skemmtileikum<\/strong><\/p>\n<ol>\n<li><span>\u00a0BJ\u00d3RLEIKAR \u2013 Keppt er \u00ed fj\u00f6lbreyttum leikjum sem flestir tengjast drykkjum \u00e1 einhvern h\u00e1tt. (18+)<\/span><span><\/span><\/li>\n<li>SURVIVOR \u2013 Keppt \u00ed fj\u00f6lbreyttum leikjum \u00fear sem l\u00f6g\u00f0 er \u00e1hersla \u00e1 samvinnu.<\/li>\n<li><span>H\u00c1SK\u00d3LALEIKAR \u2013 Keppt er \u00ed bl\u00f6ndu af leikjum sem finna m\u00e1 \u00ed bj\u00f3rleikum og Survivor. (18+)<\/span><\/li>\n<li>FJ\u00d6LSKYLDULEIKAR \u2013 Keppt er \u00ed fj\u00f6lskylduv\u00e6num leikjum sem henta allri fj\u00f6lskyldunni.<\/li>\n<\/ol>\n<p>[\/et_pb_text][\/et_pb_column_inner][\/et_pb_row_inner][et_pb_row_inner _builder_version=&#8220;4.16&#8243; _module_preset=&#8220;default&#8220; custom_padding=&#8220;||0px||false|false&#8220; global_colors_info=&#8220;{}&#8220;][et_pb_column_inner saved_specialty_column_type=&#8220;2_3&#8243; _builder_version=&#8220;4.16&#8243; _module_preset=&#8220;default&#8220; global_colors_info=&#8220;{}&#8220;][et_pb_text _builder_version=&#8220;4.27.0&#8243; _module_preset=&#8220;default&#8220; text_text_color=&#8220;#32346E&#8220; link_font=&#8220;|600|||on||||&#8220; link_text_color=&#8220;#E6797C&#8220; header_text_color=&#8220;#32346E&#8220; header_font_size=&#8220;35px&#8220; custom_margin=&#8220;||||false|false&#8220; custom_padding=&#8220;||||false|false&#8220; global_colors_info=&#8220;{}&#8220;]<\/p>\n<div class=\"et_pb_row_inner et_pb_row_inner_1\">\n<div class=\"et_pb_column_inner et_pb_column_4_4 et_pb_column_inner et_pb_column_inner_2 et-last-child\">\n<div class=\"et_pb_module et_pb_text et_pb_text_5  et_pb_text_align_left et_pb_bg_layout_light\">\n<div class=\"et_pb_text_inner\">\n<h1><span>Sj\u00e1 fleiri Skemmtileika tilbo\u00f0spakka<\/span><\/h1>\n<\/div>\n<\/div>\n<\/div>\n<\/div>\n<p>[\/et_pb_text][et_pb_button button_url=&#8220;@ET-DC@eyJkeW5hbWljIjp0cnVlLCJjb250ZW50IjoicG9zdF9saW5rX3VybF9wYWdlIiwic2V0dGluZ3MiOnsicG9zdF9pZCI6IjExMzIifX0=@&#8220; button_text=&#8220;tilbo\u00f0spakki 2&#8243; button_alignment=&#8220;left&#8220; _builder_version=&#8220;4.16&#8243; _dynamic_attributes=&#8220;button_url&#8220; _module_preset=&#8220;default&#8220; custom_button=&#8220;on&#8220; button_text_size=&#8220;15px&#8220; button_text_color=&#8220;#FFFFFF&#8220; button_bg_color=&#8220;#E6797C&#8220; button_border_width=&#8220;0px&#8220; button_font=&#8220;|600||on|||||&#8220; button_use_icon=&#8220;off&#8220; custom_margin=&#8220;||||false|false&#8220; custom_padding=&#8220;15px|50px|15px|50px|true|true&#8220; global_colors_info=&#8220;{}&#8220;][\/et_pb_button][\/et_pb_column_inner][\/et_pb_row_inner][et_pb_row_inner column_structure=&#8220;1_2,1_2&#8243; use_custom_gutter=&#8220;on&#8220; gutter_width=&#8220;2&#8243; make_equal=&#8220;on&#8220; _builder_version=&#8220;4.9.10&#8243; _module_preset=&#8220;default&#8220; custom_padding=&#8220;||12px|||&#8220; border_width_bottom=&#8220;1px&#8220; border_color_bottom=&#8220;#E6797C&#8220; global_module=&#8220;988&#8243; saved_tabs=&#8220;all&#8220; global_colors_info=&#8220;{}&#8220;][et_pb_column_inner type=&#8220;1_2&#8243; _builder_version=&#8220;4.16&#8243; _module_preset=&#8220;default&#8220; global_colors_info=&#8220;{}&#8220;][et_pb_text _builder_version=&#8220;4.16&#8243; _module_preset=&#8220;default&#8220; text_text_color=&#8220;#32346E&#8220; text_font_size=&#8220;35px&#8220; header_text_color=&#8220;#32346E&#8220; header_font_size=&#8220;35px&#8220; custom_margin=&#8220;||8px|||&#8220; custom_padding=&#8220;||||false|false&#8220; custom_padding_tablet=&#8220;&#8220; custom_padding_phone=&#8220;||0%||false|false&#8220; custom_padding_last_edited=&#8220;on|phone&#8220; header_font_size_tablet=&#8220;&#8220; header_font_size_phone=&#8220;30px&#8220; header_font_size_last_edited=&#8220;on|phone&#8220; global_colors_info=&#8220;{}&#8220;]<\/p>\n<h1>Refreshments<\/h1>\n<p>[\/et_pb_text][et_pb_text _builder_version=&#8220;4.16&#8243; _module_preset=&#8220;default&#8220; text_text_color=&#8220;#32346E&#8220; link_font=&#8220;|600|||on||||&#8220; link_text_color=&#8220;#E6797C&#8220; height=&#8220;380px&#8220; global_colors_info=&#8220;{}&#8220;]<\/p>\n<p>Pizza buffet 3.500 kr.<\/p>\n<p>Grilled burgers with fries 3.500 kr.<br \/>M\/krullurfr\u00f6nskum<\/p>\n<p>Appetizers for 4-5 people 9.990 kr.<\/p>\n<p>Jalapeno poppers, Laukhringir, Franskar,<\/p>\n<p>Mozzarella stangir, salsa s\u00f3sa<\/p>\n<p>Tortillubakki &#8211; 4-5 manns 9.990 k<\/p>\n<p>Samlokubakki &#8211; 4-5 manns 9.990 kr<\/p>\n<p>[\/et_pb_text][\/et_pb_column_inner][et_pb_column_inner type=&#8220;1_2&#8243; _builder_version=&#8220;4.16&#8243; _module_preset=&#8220;default&#8220; global_colors_info=&#8220;{}&#8220;][et_pb_text disabled_on=&#8220;on|on|off&#8220; _builder_version=&#8220;4.16&#8243; _module_preset=&#8220;default&#8220; text_text_color=&#8220;#32346E&#8220; link_font=&#8220;|600|||on||||&#8220; link_text_color=&#8220;#E6797C&#8220; header_text_color=&#8220;#32346E&#8220; header_font_size=&#8220;35px&#8220; custom_margin=&#8220;||||false|false&#8220; custom_padding=&#8220;||||false|false&#8220; global_colors_info=&#8220;{}&#8220;]<\/p>\n<h1><\/h1>\n<p>[\/et_pb_text][et_pb_text _builder_version=&#8220;4.16&#8243; _module_preset=&#8220;default&#8220; text_text_color=&#8220;#32346E&#8220; link_font=&#8220;|600|||on||||&#8220; link_text_color=&#8220;#E6797C&#8220; global_colors_info=&#8220;{}&#8220;]<\/p>\n<p>\u00a0Bj\u00f3rk\u00fatur 75.000 kr.<\/p>\n<p>Red or white whine 3L 14.990 kr.\u00a0<\/p>\n<p>Frey\u00f0iv\u00ednsfl\u00f6skur 8.000 kr\u00a0<\/p>\n<p>Kokteilabollur 5 ltr\u00a0 49.900 kr &#8211; H\u00e6gt a\u00f0 velja \u00e1 milli (Mojito, Skemmti \u00a0Mule, Basil Gimlet)<\/p>\n<p>Frosnir kokteilar 9 ltr 59.990 kr &#8211; Strawberry Daiquiri e\u00f0a Frozen Margarita \u00a0<\/p>\n<p>10 \u00edskaldir \u00ed f\u00f6tu &#8211; l\u00edtill bj\u00f3r 13.000 kr<\/p>\n<p>10 \u00edskaldir \u00ed f\u00f6tu &#8211; St\u00f3r bj\u00f3r ISK 14.500 kr<\/p>\n<p>10 hr\u00edmkaldir Sommersby 13.000 kr.<\/p>\n<p>Fl\u00f6skubor\u00f0 &#8211; 1L Vodkaflaska og bland 50.000 kr<\/p>\n<p><span style=\"color: #e6797c;\">*Me\u00f0 \u00f6llum tilbo\u00f0sp\u00f6kkum fylgja flj\u00f3tandi veitingar<\/span><\/p>\n<p><span style=\"color: #e6797c;\">* Mat \u00fearf a\u00f0 panta fyrirfram<\/span><\/p>\n<p>[\/et_pb_text][et_pb_button button_url=&#8220;@ET-DC@eyJkeW5hbWljIjp0cnVlLCJjb250ZW50IjoicG9zdF9saW5rX3VybF9wYWdlIiwic2V0dGluZ3MiOnsicG9zdF9pZCI6IjI0In19@&#8220; button_text=&#8220;Sj\u00e1 a\u00f0ra tilbo\u00f0spakka&#8220; button_alignment=&#8220;left&#8220; _builder_version=&#8220;4.27.4&#8243; _dynamic_attributes=&#8220;button_url&#8220; _module_preset=&#8220;default&#8220; custom_button=&#8220;on&#8220; button_text_size=&#8220;15px&#8220; button_text_color=&#8220;#FFFFFF&#8220; button_bg_color=&#8220;#E6797C&#8220; button_border_width=&#8220;0px&#8220; button_font=&#8220;|600||on|||||&#8220; button_use_icon=&#8220;off&#8220; custom_margin=&#8220;||||false|false&#8220; custom_padding=&#8220;15px|15%|15px|15%|true|true&#8220; global_colors_info=&#8220;{}&#8220;][\/et_pb_button][\/et_pb_column_inner][\/et_pb_row_inner][et_pb_row_inner column_structure=&#8220;1_2,1_2&#8243; use_custom_gutter=&#8220;on&#8220; gutter_width=&#8220;2&#8243; _builder_version=&#8220;4.16&#8243; _module_preset=&#8220;default&#8220; global_colors_info=&#8220;{}&#8220;][et_pb_column_inner type=&#8220;1_2&#8243; saved_specialty_column_type=&#8220;2_3&#8243; _builder_version=&#8220;4.16&#8243; _module_preset=&#8220;default&#8220; global_colors_info=&#8220;{}&#8220;][et_pb_video src=&#8220;https:\/\/youtu.be\/E7KdShpvWQw&#8220; _builder_version=&#8220;4.16&#8243; _module_preset=&#8220;default&#8220; global_colors_info=&#8220;{}&#8220;][\/et_pb_video][\/et_pb_column_inner][et_pb_column_inner type=&#8220;1_2&#8243; saved_specialty_column_type=&#8220;2_3&#8243; _builder_version=&#8220;4.16&#8243; _module_preset=&#8220;default&#8220; global_colors_info=&#8220;{}&#8220;][et_pb_video src=&#8220;https:\/\/youtu.be\/dcQ17LdxurQ&#8220; _builder_version=&#8220;4.16&#8243; _module_preset=&#8220;default&#8220; global_colors_info=&#8220;{}&#8220;][\/et_pb_video][\/et_pb_column_inner][\/et_pb_row_inner][\/et_pb_column][et_pb_column type=&#8220;1_3&#8243; _builder_version=&#8220;4.16&#8243; custom_padding=&#8220;|||&#8220; global_colors_info=&#8220;{}&#8220; custom_padding__hover=&#8220;|||&#8220;][et_pb_text _builder_version=&#8220;4.16&#8243; _module_preset=&#8220;default&#8220; text_text_color=&#8220;#32346E&#8220; text_font_size=&#8220;35px&#8220; header_text_color=&#8220;#32346E&#8220; header_font_size=&#8220;35px&#8220; custom_margin=&#8220;||8px|||&#8220; custom_padding=&#8220;||||false|false&#8220; custom_padding_tablet=&#8220;&#8220; custom_padding_phone=&#8220;||0%||false|false&#8220; custom_padding_last_edited=&#8220;on|phone&#8220; header_font_size_tablet=&#8220;&#8220; header_font_size_phone=&#8220;30px&#8220; header_font_size_last_edited=&#8220;on|phone&#8220; global_colors_info=&#8220;{}&#8220;]<\/p>\n<h1>BOOK HERE<\/h1>\n<p>[\/et_pb_text][et_pb_code _builder_version=&#8220;4.16&#8243; _module_preset=&#8220;default&#8220; global_colors_info=&#8220;{}&#8220;]<script type=\"text\/javascript\" src=\"https:\/\/widgets.bokun.io\/assets\/javascripts\/apps\/build\/BokunWidgetsLoader.js?bookingChannelUUID=8d663b76-3f35-4f64-b45d-da75303cdb13\" async><\/script><!-- [et_pb_line_break_holder] -->     <!-- [et_pb_line_break_holder] -->     <\/p>\n<div class=\"bokunWidget\" data-src=\"https:\/\/widgets.bokun.io\/online-sales\/8d663b76-3f35-4f64-b45d-da75303cdb13\/experience-calendar\/657655\"><\/div>\n<p><!-- [et_pb_line_break_holder] -->     <noscript>Please enable javascript in your browser to book<\/noscript>[\/et_pb_code][\/et_pb_column][\/et_pb_section]<\/p>\n<span class=\"et_bloom_bottom_trigger\"><\/span>","protected":false},"excerpt":{"rendered":"<p>Skemmtileika pakki 1 &nbsp;Tilbo\u00f0spakki 1Ver\u00f0 \u00e1 mann: 10.990 kr Innifali\u00f0: Bj\u00f3rleikar, 3 st\u00f3rir bj\u00f3rar Leikt\u00edmi:\u00a0Pr\u00f3grami\u00f0 tekur 2 t\u00edma L\u00e1marksfj\u00f6ldi er\u00a0 10 manns Opnunart\u00edmi: alla daga fr\u00e1 09:00 &#8211; 21:00 Leikirnir geta td veri\u00f0 : Minute to win it \u00ferautir Fj\u00f6lbreyttir \u201cdrykkjuleikir\u201d Vi\u00f0 f\u00e1um uppl\u00fdsingar um h\u00f3pinn ykkar og \u00fatb\u00faum ykkar Skemmtileika \u00fat fr\u00e1 \u00feeim uppl\u00fdsingum [&hellip;]<\/p>","protected":false},"author":1,"featured_media":0,"parent":0,"menu_order":0,"comment_status":"closed","ping_status":"closed","template":"","meta":{"_et_pb_use_builder":"on","_et_pb_old_content":"","_et_gb_content_width":"","inline_featured_image":false,"footnotes":""},"class_list":["post-1131","page","type-page","status-publish","hentry"],"_links":{"self":[{"href":"https:\/\/skemmtigardur.is\/en\/wp-json\/wp\/v2\/pages\/1131","targetHints":{"allow":["GET"]}}],"collection":[{"href":"https:\/\/skemmtigardur.is\/en\/wp-json\/wp\/v2\/pages"}],"about":[{"href":"https:\/\/skemmtigardur.is\/en\/wp-json\/wp\/v2\/types\/page"}],"author":[{"embeddable":true,"href":"https:\/\/skemmtigardur.is\/en\/wp-json\/wp\/v2\/users\/1"}],"replies":[{"embeddable":true,"href":"https:\/\/skemmtigardur.is\/en\/wp-json\/wp\/v2\/comments?post=1131"}],"version-history":[{"count":14,"href":"https:\/\/skemmtigardur.is\/en\/wp-json\/wp\/v2\/pages\/1131\/revisions"}],"predecessor-version":[{"id":6529,"href":"https:\/\/skemmtigardur.is\/en\/wp-json\/wp\/v2\/pages\/1131\/revisions\/6529"}],"wp:attachment":[{"href":"https:\/\/skemmtigardur.is\/en\/wp-json\/wp\/v2\/media?parent=1131"}],"curies":[{"name":"wp","href":"https:\/\/api.w.org\/{rel}","templated":true}]}}