{"id":1122,"date":"2021-08-11T16:45:48","date_gmt":"2021-08-11T16:45:48","guid":{"rendered":"https:\/\/skemmtigardur.is\/?page_id=1122"},"modified":"2026-02-13T12:47:34","modified_gmt":"2026-02-13T12:47:34","slug":"lasertag-pakki-3","status":"publish","type":"page","link":"https:\/\/skemmtigardur.is\/en\/lasertag-pakki-3\/","title":{"rendered":"lasertag pakki 3"},"content":{"rendered":"<p>[et_pb_section fb_built=&#8220;1&#8243; _builder_version=&#8220;4.16&#8243; _module_preset=&#8220;default&#8220; background_color=&#8220;rgba(0,3,109,0.3)&#8220; background_image=&#8220;https:\/\/skemmtigardur.is\/wp-content\/uploads\/2021\/09\/lastertag.png&#8220; background_position=&#8220;top_center&#8220; background_blend=&#8220;overlay&#8220; height=&#8220;30vw&#8220; height_tablet=&#8220;&#8220; height_phone=&#8220;100vw&#8220; height_last_edited=&#8220;on|phone&#8220; global_colors_info=&#8220;{}&#8220;][et_pb_row _builder_version=&#8220;4.16&#8243; _module_preset=&#8220;default&#8220; global_colors_info=&#8220;{}&#8220;][et_pb_column type=&#8220;4_4&#8243; _builder_version=&#8220;4.16&#8243; _module_preset=&#8220;default&#8220; global_colors_info=&#8220;{}&#8220;][et_pb_image src=&#8220;https:\/\/skemmtigardur.is\/wp-content\/uploads\/2021\/08\/lasertag-copy.svg&#8220; title_text=&#8220;lasertag copy&#8220; align=&#8220;center&#8220; disabled_on=&#8220;on|on|off&#8220; _builder_version=&#8220;4.16&#8243; _module_preset=&#8220;default&#8220; width=&#8220;150px&#8220; custom_padding=&#8220;1.1%||||false|false&#8220; global_colors_info=&#8220;{}&#8220;][\/et_pb_image][et_pb_text _builder_version=&#8220;4.16&#8243; _module_preset=&#8220;default&#8220; text_font=&#8220;|600|||||||&#8220; text_text_color=&#8220;#FFFFFF&#8220; text_font_size=&#8220;25px&#8220; header_text_align=&#8220;center&#8220; header_text_color=&#8220;#FFFFFF&#8220; header_font_size=&#8220;75px&#8220; text_orientation=&#8220;center&#8220; header_font_size_tablet=&#8220;&#8220; header_font_size_phone=&#8220;40px&#8220; header_font_size_last_edited=&#8220;on|phone&#8220; global_colors_info=&#8220;{}&#8220;]<\/p>\n<h1>Lasertag Package 3<\/h1>\n<p>[\/et_pb_text][\/et_pb_column][\/et_pb_row][\/et_pb_section][et_pb_section fb_built=&#8220;1&#8243; _builder_version=&#8220;4.16&#8243; _module_preset=&#8220;default&#8220; custom_padding=&#8220;0px||9px||false|false&#8220; global_colors_info=&#8220;{}&#8220;][et_pb_row _builder_version=&#8220;4.16&#8243; _module_preset=&#8220;default&#8220; width=&#8220;95%&#8220; max_width=&#8220;100%&#8220; custom_padding=&#8220;0px||0px||false|false&#8220; global_colors_info=&#8220;{}&#8220;][et_pb_column type=&#8220;4_4&#8243; _builder_version=&#8220;4.16&#8243; _module_preset=&#8220;default&#8220; global_colors_info=&#8220;{}&#8220;][et_pb_code module_class=&#8220;mygallery&#8220; _builder_version=&#8220;4.16&#8243; _module_preset=&#8220;default&#8220; global_colors_info=&#8220;{}&#8220;]<script src=\"https:\/\/cdnjs.cloudflare.com\/ajax\/libs\/slick-carousel\/1.8.1\/slick.js\"><!-- [et_pb_line_break_holder] --><\/script><!-- [et_pb_line_break_holder] --><\/p>\n<style>.slick-slide {<!-- [et_pb_line_break_holder] -->float:left;<!-- [et_pb_line_break_holder] -->    margin:1.6vw;<!-- [et_pb_line_break_holder] -->  }<!-- [et_pb_line_break_holder] -->.slick-list {<!-- [et_pb_line_break_holder] -->    padding-left: 1vw!important; \/\/ half partial<!-- [et_pb_line_break_holder] -->}<!-- [et_pb_line_break_holder] --><!-- [et_pb_line_break_holder] --><\/style>\n<p><!-- [et_pb_line_break_holder] --><script><!-- [et_pb_line_break_holder] --><!-- [et_pb_line_break_holder] -->    jQuery(function($){<!-- [et_pb_line_break_holder] -->    var backButton = $('.back-button-mynd');<!-- [et_pb_line_break_holder] -->    var nextButton = $('.next-button-mynd');<!-- [et_pb_line_break_holder] -->    $('.et_pb_gallery_items').slick({<!-- [et_pb_line_break_holder] --><!-- [et_pb_line_break_holder] -->        infinite: true,<!-- [et_pb_line_break_holder] -->        slidesToShow: 4,<!-- [et_pb_line_break_holder] -->        slidesToScroll: 3,<!-- [et_pb_line_break_holder] -->        centerMode: true,<!-- [et_pb_line_break_holder] -->        centerPadding: '13%',<!-- [et_pb_line_break_holder] -->        swipe: true,<!-- [et_pb_line_break_holder] -->        prevArrow: backButton,<!-- [et_pb_line_break_holder] -->        nextArrow: nextButton,<!-- [et_pb_line_break_holder] -->        responsive: [{<!-- [et_pb_line_break_holder] -->        breakpoint: 1079, settings: {<!-- [et_pb_line_break_holder] -->        slidesToShow: 2<!-- [et_pb_line_break_holder] -->        }<!-- [et_pb_line_break_holder] -->        }] <!-- [et_pb_line_break_holder] -->    });<!-- [et_pb_line_break_holder] -->  });<!-- [et_pb_line_break_holder] --><!-- [et_pb_line_break_holder] --><\/script>[\/et_pb_code][et_pb_blurb use_icon=&#8220;on&#8220; font_icon=&#8220;&#x35;||divi||400&#8243; icon_color=&#8220;#023030&#8243; image_icon_background_color=&#8220;#F1F1F1&#8243; icon_placement=&#8220;left&#8220; image_icon_width=&#8220;30px&#8220; module_class=&#8220;next-button-mynd&#8220; _builder_version=&#8220;4.16&#8243; _module_preset=&#8220;default&#8220; image_icon_custom_padding=&#8220;8px|8px|8px|8px|false|false&#8220; custom_margin=&#8220;||0px||false|false&#8220; custom_css_main_element=&#8220;display:inline-block;||float:right;||cursor: pointer;&#8220; border_radii_image=&#8220;on|100%|100%|100%|100%&#8220; icon_font_size=&#8220;30px&#8220; use_circle=&#8220;on&#8220; circle_color=&#8220;#F1F1F1&#8243; global_colors_info=&#8220;{}&#8220; image_icon_background_color__sticky_enabled=&#8220;#7EBEC5&#8243; image_icon_background_color__sticky=&#8220;#7EBEC5&#8243;][\/et_pb_blurb][et_pb_blurb use_icon=&#8220;on&#8220; font_icon=&#8220;&#x34;||divi||400&#8243; icon_color=&#8220;#023030&#8243; image_icon_background_color=&#8220;#F1F1F1&#8243; icon_placement=&#8220;left&#8220; image_icon_width=&#8220;30px&#8220; module_class=&#8220;back-button-mynd&#8220; _builder_version=&#8220;4.16&#8243; _module_preset=&#8220;default&#8220; image_icon_custom_padding=&#8220;8px|8px|8px|8px|false|false&#8220; custom_margin=&#8220;||0px||false|false&#8220; custom_css_main_element=&#8220;display:inline-block;||float:right;||cursor: pointer;&#8220; border_radii_image=&#8220;on|100%|100%|100%|100%&#8220; icon_font_size=&#8220;30px&#8220; use_circle=&#8220;on&#8220; circle_color=&#8220;#F1F1F1&#8243; global_colors_info=&#8220;{}&#8220; image_icon_background_color__sticky_enabled=&#8220;#7EBEC5&#8243; image_icon_background_color__sticky=&#8220;#7EBEC5&#8243;][\/et_pb_blurb][\/et_pb_column][\/et_pb_row][et_pb_row use_custom_gutter=&#8220;on&#8220; gutter_width=&#8220;1&#8243; _builder_version=&#8220;4.16&#8243; _module_preset=&#8220;default&#8220; width=&#8220;100%&#8220; max_width=&#8220;100%&#8220; custom_padding=&#8220;0px||||false|false&#8220; global_colors_info=&#8220;{}&#8220;][et_pb_column type=&#8220;4_4&#8243; _builder_version=&#8220;4.16&#8243; _module_preset=&#8220;default&#8220; overflow-x=&#8220;hidden&#8220; overflow-y=&#8220;hidden&#8220; global_colors_info=&#8220;{}&#8220;][et_pb_gallery gallery_ids=&#8220;945,847,633,844,3534,1768,1769,1770,1771,1772,1773,1774,1775,1776,1777,1778,1779,1780&#8243; posts_number=&#8220;20&#8243; show_title_and_caption=&#8220;off&#8220; show_pagination=&#8220;off&#8220; _builder_version=&#8220;4.16&#8243; _module_preset=&#8220;default&#8220; overflow-x=&#8220;hidden&#8220; overflow-y=&#8220;hidden&#8220; global_colors_info=&#8220;{}&#8220;][\/et_pb_gallery][\/et_pb_column][\/et_pb_row][\/et_pb_section][et_pb_section fb_built=&#8220;1&#8243; specialty=&#8220;on&#8220; _builder_version=&#8220;4.16&#8243; _module_preset=&#8220;default&#8220; custom_padding=&#8220;6px||4px|||&#8220; global_colors_info=&#8220;{}&#8220;][et_pb_column type=&#8220;2_3&#8243; specialty_columns=&#8220;2&#8243; _builder_version=&#8220;4.16&#8243; custom_padding=&#8220;|||&#8220; global_colors_info=&#8220;{}&#8220; custom_padding__hover=&#8220;|||&#8220;][et_pb_row_inner column_structure=&#8220;1_2,1_2&#8243; use_custom_gutter=&#8220;on&#8220; gutter_width=&#8220;2&#8243; make_equal=&#8220;on&#8220; _builder_version=&#8220;4.16&#8243; _module_preset=&#8220;default&#8220; border_width_bottom=&#8220;1px&#8220; border_color_bottom=&#8220;#E6797C&#8220; global_colors_info=&#8220;{}&#8220;][et_pb_column_inner type=&#8220;1_2&#8243; saved_specialty_column_type=&#8220;2_3&#8243; _builder_version=&#8220;4.16&#8243; _module_preset=&#8220;default&#8220; global_colors_info=&#8220;{}&#8220;][et_pb_text _builder_version=&#8220;4.16&#8243; _module_preset=&#8220;default&#8220; text_text_color=&#8220;#32346E&#8220; text_font_size=&#8220;35px&#8220; header_text_color=&#8220;#32346E&#8220; header_font_size=&#8220;35px&#8220; custom_margin=&#8220;||8px|||&#8220; custom_padding=&#8220;||||false|false&#8220; custom_padding_tablet=&#8220;&#8220; custom_padding_phone=&#8220;||0%||false|false&#8220; custom_padding_last_edited=&#8220;on|phone&#8220; header_font_size_tablet=&#8220;&#8220; header_font_size_phone=&#8220;30px&#8220; header_font_size_last_edited=&#8220;on|phone&#8220; global_colors_info=&#8220;{}&#8220;]<\/p>\n<h1>Package 3<\/h1>\n<p>[\/et_pb_text][et_pb_text _builder_version=&#8220;4.16&#8243; _module_preset=&#8220;default&#8220; text_text_color=&#8220;#32346E&#8220; link_font=&#8220;|600|||on||||&#8220; link_text_color=&#8220;#E6797C&#8220; height=&#8220;320px&#8220; custom_padding=&#8220;||||false|false&#8220; global_colors_info=&#8220;{}&#8220;]<\/p>\n<p><strong>Price per person:<\/strong><em> 14.990 kr<\/em><strong><\/strong><\/p>\n<p><strong>Included: <\/strong>Outdoor laser tag, Axe throwing, PubQuiz, 2 large beers<\/p>\n<p><span>\u00a0<em>Protective cap, gloves, protective overalls, lots of fun<\/em><\/span><br \/><strong><\/strong><\/p>\n<p><strong>Game time:<\/strong> 4<i>\u00a04 hours<\/i><br \/><strong><\/strong><\/p>\n<p><strong>Minimum number of people is 6.<\/strong><br \/><em><\/em><\/p>\n<p><strong>Opening hours:<\/strong><em> every day from 9am-9pm<\/em><\/p>\n<p>&nbsp;<\/p>\n<p>[\/et_pb_text][\/et_pb_column_inner][et_pb_column_inner type=&#8220;1_2&#8243; saved_specialty_column_type=&#8220;2_3&#8243; _builder_version=&#8220;4.16&#8243; _module_preset=&#8220;default&#8220; global_colors_info=&#8220;{}&#8220;][et_pb_text _builder_version=&#8220;4.16&#8243; _module_preset=&#8220;default&#8220; text_text_color=&#8220;#32346E&#8220; text_font_size=&#8220;35px&#8220; header_text_color=&#8220;#32346E&#8220; header_font_size=&#8220;35px&#8220; custom_margin=&#8220;||8px|||&#8220; custom_padding=&#8220;||||false|false&#8220; custom_padding_tablet=&#8220;&#8220; custom_padding_phone=&#8220;||0%||false|false&#8220; custom_padding_last_edited=&#8220;on|phone&#8220; header_font_size_tablet=&#8220;&#8220; header_font_size_phone=&#8220;30px&#8220; header_font_size_last_edited=&#8220;on|phone&#8220; global_colors_info=&#8220;{}&#8220;]<\/p>\n<h1>What is Lasertag?<\/h1>\n<p>[\/et_pb_text][et_pb_text _builder_version=&#8220;4.27.4&#8243; _module_preset=&#8220;default&#8220; text_text_color=&#8220;#32346E&#8220; link_font=&#8220;|600|||on||||&#8220; link_text_color=&#8220;#E6797C&#8220; height=&#8220;320px&#8220; height_tablet=&#8220;&#8220; height_phone=&#8220;&#8220; height_last_edited=&#8220;on|phone&#8220; custom_padding=&#8220;||||false|false&#8220; global_colors_info=&#8220;{}&#8220;]<\/p>\n<div class=\"accordion__title\">\n<div class=\"paragraph\">\n<p><span>Outdoor laser tag is a great game that is suitable for all groups, women and men of all ages. The games are easy and everyone plays at their own pace.<\/span><br \/><span>The same games are played as in Paintball, we play on the same fields, but we use Lasertag guns instead.<\/span><br \/><span>We promise a great time from start to finish. Our group leaders will welcome your group, divide them into teams, and set up the games for you. We will keep a close eye on your group from start to finish.<\/span><\/p>\n<p>Ef \u00fei\u00f0 vilji\u00f0 hl\u00edf\u00f0arb\u00fana\u00f0 \u00fearf a\u00f0 \u00f3ska eftir \u00fev\u00ed vi\u00f0 starfsmann, athugi\u00f0 a\u00f0 \u00fea\u00f0 geta veri\u00f0 leyfar af paintball k\u00falum \u00e1 vellinum.<\/p>\n<p><strong>Play on one of these three great courses:<\/strong><span><\/span><strong><\/strong><\/p>\n<ul>\n<li><span style=\"font-size: 15px;\">Keflav\u00f6llurinn(P\u00fdram\u00eddinn)<\/span><\/li>\n<li><span>Wild West<\/span><\/li>\n<li><span>Nuketown<\/span><\/li>\n<\/ul>\n<ul><\/ul>\n<\/div>\n<\/div>\n<p>[\/et_pb_text][\/et_pb_column_inner][\/et_pb_row_inner][et_pb_row_inner _builder_version=&#8220;4.16&#8243; _module_preset=&#8220;default&#8220; custom_padding=&#8220;||0px||false|false&#8220; global_colors_info=&#8220;{}&#8220;][et_pb_column_inner saved_specialty_column_type=&#8220;2_3&#8243; _builder_version=&#8220;4.16&#8243; _module_preset=&#8220;default&#8220; global_colors_info=&#8220;{}&#8220;][et_pb_text _builder_version=&#8220;4.16&#8243; _module_preset=&#8220;default&#8220; text_text_color=&#8220;#32346E&#8220; text_font_size=&#8220;35px&#8220; header_text_color=&#8220;#32346E&#8220; header_font_size=&#8220;35px&#8220; custom_padding=&#8220;||3%||false|false&#8220; global_colors_info=&#8220;{}&#8220;]<\/p>\n<h1><span>See more Lasertag offer packages<\/span><\/h1>\n<p>[\/et_pb_text][\/et_pb_column_inner][\/et_pb_row_inner][et_pb_row_inner column_structure=&#8220;1_3,1_3,1_3&#8243; _builder_version=&#8220;4.16&#8243; _module_preset=&#8220;default&#8220; custom_padding=&#8220;0px||||false|false&#8220; global_colors_info=&#8220;{}&#8220;][et_pb_column_inner type=&#8220;1_3&#8243; saved_specialty_column_type=&#8220;2_3&#8243; _builder_version=&#8220;4.16&#8243; _module_preset=&#8220;default&#8220; global_colors_info=&#8220;{}&#8220;][et_pb_button button_url=&#8220;@ET-DC@eyJkeW5hbWljIjp0cnVlLCJjb250ZW50IjoicG9zdF9saW5rX3VybF9wYWdlIiwic2V0dGluZ3MiOnsicG9zdF9pZCI6IjExMTgifX0=@&#8220; button_text=&#8220;tilbo\u00f0spakki 1&#8243; button_alignment=&#8220;left&#8220; _builder_version=&#8220;4.16&#8243; _dynamic_attributes=&#8220;button_url&#8220; _module_preset=&#8220;default&#8220; custom_button=&#8220;on&#8220; button_text_size=&#8220;15px&#8220; button_text_color=&#8220;#FFFFFF&#8220; button_bg_color=&#8220;#E6797C&#8220; button_border_width=&#8220;0px&#8220; button_font=&#8220;|600||on|||||&#8220; button_use_icon=&#8220;off&#8220; custom_margin=&#8220;||||false|false&#8220; custom_padding=&#8220;15px|50px|15px|50px|true|true&#8220; global_colors_info=&#8220;{}&#8220;][\/et_pb_button][\/et_pb_column_inner][et_pb_column_inner type=&#8220;1_3&#8243; saved_specialty_column_type=&#8220;2_3&#8243; _builder_version=&#8220;4.16&#8243; _module_preset=&#8220;default&#8220; global_colors_info=&#8220;{}&#8220;][et_pb_button button_url=&#8220;@ET-DC@eyJkeW5hbWljIjp0cnVlLCJjb250ZW50IjoicG9zdF9saW5rX3VybF9wYWdlIiwic2V0dGluZ3MiOnsicG9zdF9pZCI6IjExMjEifX0=@&#8220; button_text=&#8220;tilbo\u00f0spakki 2&#8243; button_alignment=&#8220;left&#8220; _builder_version=&#8220;4.16&#8243; _dynamic_attributes=&#8220;button_url&#8220; _module_preset=&#8220;default&#8220; custom_button=&#8220;on&#8220; button_text_size=&#8220;15px&#8220; button_text_color=&#8220;#FFFFFF&#8220; button_bg_color=&#8220;#E6797C&#8220; button_border_width=&#8220;0px&#8220; button_font=&#8220;|600||on|||||&#8220; button_use_icon=&#8220;off&#8220; custom_margin=&#8220;||||false|false&#8220; custom_padding=&#8220;15px|50px|15px|50px|true|true&#8220; global_colors_info=&#8220;{}&#8220;][\/et_pb_button][\/et_pb_column_inner][et_pb_column_inner type=&#8220;1_3&#8243; saved_specialty_column_type=&#8220;2_3&#8243; _builder_version=&#8220;4.16&#8243; _module_preset=&#8220;default&#8220; global_colors_info=&#8220;{}&#8220;][\/et_pb_column_inner][\/et_pb_row_inner][et_pb_row_inner column_structure=&#8220;1_2,1_2&#8243; use_custom_gutter=&#8220;on&#8220; gutter_width=&#8220;2&#8243; make_equal=&#8220;on&#8220; _builder_version=&#8220;4.9.10&#8243; _module_preset=&#8220;default&#8220; custom_padding=&#8220;||12px|||&#8220; border_width_bottom=&#8220;1px&#8220; border_color_bottom=&#8220;#E6797C&#8220; global_module=&#8220;988&#8243; saved_tabs=&#8220;all&#8220; global_colors_info=&#8220;{}&#8220;][et_pb_column_inner type=&#8220;1_2&#8243; _builder_version=&#8220;4.16&#8243; _module_preset=&#8220;default&#8220; global_colors_info=&#8220;{}&#8220;][et_pb_text _builder_version=&#8220;4.16&#8243; _module_preset=&#8220;default&#8220; text_text_color=&#8220;#32346E&#8220; text_font_size=&#8220;35px&#8220; header_text_color=&#8220;#32346E&#8220; header_font_size=&#8220;35px&#8220; custom_margin=&#8220;||8px|||&#8220; custom_padding=&#8220;||||false|false&#8220; custom_padding_tablet=&#8220;&#8220; custom_padding_phone=&#8220;||0%||false|false&#8220; custom_padding_last_edited=&#8220;on|phone&#8220; header_font_size_tablet=&#8220;&#8220; header_font_size_phone=&#8220;30px&#8220; header_font_size_last_edited=&#8220;on|phone&#8220; global_colors_info=&#8220;{}&#8220;]<\/p>\n<h1>Refreshments<\/h1>\n<p>[\/et_pb_text][et_pb_text _builder_version=&#8220;4.16&#8243; _module_preset=&#8220;default&#8220; text_text_color=&#8220;#32346E&#8220; link_font=&#8220;|600|||on||||&#8220; link_text_color=&#8220;#E6797C&#8220; height=&#8220;380px&#8220; global_colors_info=&#8220;{}&#8220;]<\/p>\n<p>Pizza buffet 3.500 kr.<\/p>\n<p>Grilled burgers with fries 3.500 kr.<br \/>M\/krullurfr\u00f6nskum<\/p>\n<p>Appetizers for 4-5 people 9.990 kr.<\/p>\n<p>Jalapeno poppers, Laukhringir, Franskar,<\/p>\n<p>Mozzarella stangir, salsa s\u00f3sa<\/p>\n<p>Tortillubakki &#8211; 4-5 manns 9.990 k<\/p>\n<p>Samlokubakki &#8211; 4-5 manns 9.990 kr<\/p>\n<p>[\/et_pb_text][\/et_pb_column_inner][et_pb_column_inner type=&#8220;1_2&#8243; _builder_version=&#8220;4.16&#8243; _module_preset=&#8220;default&#8220; global_colors_info=&#8220;{}&#8220;][et_pb_text disabled_on=&#8220;on|on|off&#8220; _builder_version=&#8220;4.16&#8243; _module_preset=&#8220;default&#8220; text_text_color=&#8220;#32346E&#8220; link_font=&#8220;|600|||on||||&#8220; link_text_color=&#8220;#E6797C&#8220; header_text_color=&#8220;#32346E&#8220; header_font_size=&#8220;35px&#8220; custom_margin=&#8220;||||false|false&#8220; custom_padding=&#8220;||||false|false&#8220; global_colors_info=&#8220;{}&#8220;]<\/p>\n<h1><\/h1>\n<p>[\/et_pb_text][et_pb_text _builder_version=&#8220;4.16&#8243; _module_preset=&#8220;default&#8220; text_text_color=&#8220;#32346E&#8220; link_font=&#8220;|600|||on||||&#8220; link_text_color=&#8220;#E6797C&#8220; global_colors_info=&#8220;{}&#8220;]<\/p>\n<p>\u00a0Bj\u00f3rk\u00fatur 75.000 kr.<\/p>\n<p>Red or white whine 3L 14.990 kr.\u00a0<\/p>\n<p>Frey\u00f0iv\u00ednsfl\u00f6skur 8.000 kr\u00a0<\/p>\n<p>Kokteilabollur 5 ltr\u00a0 49.900 kr &#8211; H\u00e6gt a\u00f0 velja \u00e1 milli (Mojito, Skemmti \u00a0Mule, Basil Gimlet)<\/p>\n<p>Frosnir kokteilar 9 ltr 59.990 kr &#8211; Strawberry Daiquiri e\u00f0a Frozen Margarita \u00a0<\/p>\n<p>10 \u00edskaldir \u00ed f\u00f6tu &#8211; l\u00edtill bj\u00f3r 13.000 kr<\/p>\n<p>10 \u00edskaldir \u00ed f\u00f6tu &#8211; St\u00f3r bj\u00f3r ISK 14.500 kr<\/p>\n<p>10 hr\u00edmkaldir Sommersby 13.000 kr.<\/p>\n<p>Fl\u00f6skubor\u00f0 &#8211; 1L Vodkaflaska og bland 50.000 kr<\/p>\n<p><span style=\"color: #e6797c;\">*Me\u00f0 \u00f6llum tilbo\u00f0sp\u00f6kkum fylgja flj\u00f3tandi veitingar<\/span><\/p>\n<p><span style=\"color: #e6797c;\">* Mat \u00fearf a\u00f0 panta fyrirfram<\/span><\/p>\n<p>[\/et_pb_text][et_pb_button button_url=&#8220;@ET-DC@eyJkeW5hbWljIjp0cnVlLCJjb250ZW50IjoicG9zdF9saW5rX3VybF9wYWdlIiwic2V0dGluZ3MiOnsicG9zdF9pZCI6IjI0In19@&#8220; button_text=&#8220;Sj\u00e1 a\u00f0ra tilbo\u00f0spakka&#8220; button_alignment=&#8220;left&#8220; _builder_version=&#8220;4.27.4&#8243; _dynamic_attributes=&#8220;button_url&#8220; _module_preset=&#8220;default&#8220; custom_button=&#8220;on&#8220; button_text_size=&#8220;15px&#8220; button_text_color=&#8220;#FFFFFF&#8220; button_bg_color=&#8220;#E6797C&#8220; button_border_width=&#8220;0px&#8220; button_font=&#8220;|600||on|||||&#8220; button_use_icon=&#8220;off&#8220; custom_margin=&#8220;||||false|false&#8220; custom_padding=&#8220;15px|15%|15px|15%|true|true&#8220; global_colors_info=&#8220;{}&#8220;][\/et_pb_button][\/et_pb_column_inner][\/et_pb_row_inner][et_pb_row_inner _builder_version=&#8220;4.16&#8243; _module_preset=&#8220;default&#8220; global_colors_info=&#8220;{}&#8220;][et_pb_column_inner saved_specialty_column_type=&#8220;2_3&#8243; _builder_version=&#8220;4.16&#8243; _module_preset=&#8220;default&#8220; global_colors_info=&#8220;{}&#8220;][et_pb_video src=&#8220;https:\/\/youtu.be\/v6Wh5Vgbco4&#8243; _builder_version=&#8220;4.16&#8243; _module_preset=&#8220;default&#8220; global_colors_info=&#8220;{}&#8220;][\/et_pb_video][\/et_pb_column_inner][\/et_pb_row_inner][\/et_pb_column][et_pb_column type=&#8220;1_3&#8243; _builder_version=&#8220;4.16&#8243; custom_padding=&#8220;|||&#8220; global_colors_info=&#8220;{}&#8220; custom_padding__hover=&#8220;|||&#8220;][et_pb_text _builder_version=&#8220;4.16&#8243; _module_preset=&#8220;default&#8220; text_text_color=&#8220;#32346E&#8220; text_font_size=&#8220;35px&#8220; header_text_color=&#8220;#32346E&#8220; header_font_size=&#8220;35px&#8220; custom_margin=&#8220;||8px|||&#8220; custom_padding=&#8220;||||false|false&#8220; custom_padding_tablet=&#8220;&#8220; custom_padding_phone=&#8220;||0%||false|false&#8220; custom_padding_last_edited=&#8220;on|phone&#8220; header_font_size_tablet=&#8220;&#8220; header_font_size_phone=&#8220;30px&#8220; header_font_size_last_edited=&#8220;on|phone&#8220; global_colors_info=&#8220;{}&#8220;]<\/p>\n<h1>BOOK HERE<\/h1>\n<p>[\/et_pb_text][et_pb_code _builder_version=&#8220;4.16&#8243; _module_preset=&#8220;default&#8220; global_colors_info=&#8220;{}&#8220;]<script type=\"text\/javascript\" src=\"https:\/\/widgets.bokun.io\/assets\/javascripts\/apps\/build\/BokunWidgetsLoader.js?bookingChannelUUID=8d663b76-3f35-4f64-b45d-da75303cdb13\" async><\/script><!-- [et_pb_line_break_holder] -->     <!-- [et_pb_line_break_holder] -->     <\/p>\n<div class=\"bokunWidget\" data-src=\"https:\/\/widgets.bokun.io\/online-sales\/8d663b76-3f35-4f64-b45d-da75303cdb13\/experience-calendar\/657654\"><\/div>\n<p><!-- [et_pb_line_break_holder] -->     <noscript>Please enable javascript in your browser to book<\/noscript><!-- [et_pb_line_break_holder] --> [\/et_pb_code][\/et_pb_column][\/et_pb_section]<\/p>\n<span class=\"et_bloom_bottom_trigger\"><\/span>","protected":false},"excerpt":{"rendered":"<p>Lasertag Pakki 3Tilbo\u00f0spakki 3Ver\u00f0 \u00e1 mann: 14.990 kr Innifali\u00f0: \u00dati lasertag, Axarkast, Pub Quiz, 2 st\u00f3rir bj\u00f3rar \u00a0Hl\u00edf\u00f0arhetta, hanskar, hl\u00edf\u00f0argalli, miki\u00f0 fj\u00f6r Leikt\u00edmi: 4\u00a0t\u00edmar L\u00e1gmarksfj\u00f6ldi er 6 manns Opnunart\u00edmi: alla daga fr\u00e1 09:00 &#8211; 21:00 &nbsp;Hva\u00f0 er Lasertag? Lasertag er fr\u00e1b\u00e6r leikur sem hentar \u00f6llum h\u00f3pum, konum og k\u00f6rlum \u00e1 \u00f6llum aldri. Leikirnir eru au\u00f0veldir [&hellip;]<\/p>","protected":false},"author":1,"featured_media":0,"parent":0,"menu_order":0,"comment_status":"closed","ping_status":"closed","template":"","meta":{"_et_pb_use_builder":"on","_et_pb_old_content":"","_et_gb_content_width":"","inline_featured_image":false,"footnotes":""},"class_list":["post-1122","page","type-page","status-publish","hentry"],"_links":{"self":[{"href":"https:\/\/skemmtigardur.is\/en\/wp-json\/wp\/v2\/pages\/1122","targetHints":{"allow":["GET"]}}],"collection":[{"href":"https:\/\/skemmtigardur.is\/en\/wp-json\/wp\/v2\/pages"}],"about":[{"href":"https:\/\/skemmtigardur.is\/en\/wp-json\/wp\/v2\/types\/page"}],"author":[{"embeddable":true,"href":"https:\/\/skemmtigardur.is\/en\/wp-json\/wp\/v2\/users\/1"}],"replies":[{"embeddable":true,"href":"https:\/\/skemmtigardur.is\/en\/wp-json\/wp\/v2\/comments?post=1122"}],"version-history":[{"count":14,"href":"https:\/\/skemmtigardur.is\/en\/wp-json\/wp\/v2\/pages\/1122\/revisions"}],"predecessor-version":[{"id":6552,"href":"https:\/\/skemmtigardur.is\/en\/wp-json\/wp\/v2\/pages\/1122\/revisions\/6552"}],"wp:attachment":[{"href":"https:\/\/skemmtigardur.is\/en\/wp-json\/wp\/v2\/media?parent=1122"}],"curies":[{"name":"wp","href":"https:\/\/api.w.org\/{rel}","templated":true}]}}