{"id":111,"date":"2021-07-13T14:55:21","date_gmt":"2021-07-13T14:55:21","guid":{"rendered":"https:\/\/skemmtigardur.is\/?page_id=111"},"modified":"2026-01-20T10:31:06","modified_gmt":"2026-01-20T10:31:06","slug":"hopar-og-fyrirtaeki","status":"publish","type":"page","link":"https:\/\/skemmtigardur.is\/en\/hopar-og-fyrirtaeki\/","title":{"rendered":"Groups"},"content":{"rendered":"<p>[et_pb_section fb_built=&#8220;1&#8243; _builder_version=&#8220;4.16&#8243; _module_preset=&#8220;default&#8220; background_color=&#8220;rgba(50,52,110,0.52)&#8220; background_image=&#8220;https:\/\/skemmtigardur.is\/wp-content\/uploads\/2021\/10\/forsida.jpg&#8220; background_position=&#8220;bottom_center&#8220; background_blend=&#8220;overlay&#8220; height=&#8220;30vw&#8220; height_tablet=&#8220;&#8220; height_phone=&#8220;auto&#8220; height_last_edited=&#8220;on|phone&#8220; global_colors_info=&#8220;{}&#8220;][et_pb_row make_equal=&#8220;on&#8220; _builder_version=&#8220;4.16&#8243; _module_preset=&#8220;default&#8220; width=&#8220;100%&#8220; max_width=&#8220;1200px&#8220; custom_padding=&#8220;8%||||false|false&#8220; custom_css_main_element=&#8220; display: flex;||align-items: center;||justify-content: center;&#8220; global_colors_info=&#8220;{}&#8220;][et_pb_column type=&#8220;4_4&#8243; _builder_version=&#8220;4.16&#8243; _module_preset=&#8220;default&#8220; global_colors_info=&#8220;{}&#8220;][et_pb_text _builder_version=&#8220;4.16&#8243; _module_preset=&#8220;default&#8220; text_font=&#8220;Source Sans Pro|700|||||||&#8220; text_text_color=&#8220;#FFFFFF&#8220; text_font_size=&#8220;25px&#8220; header_text_align=&#8220;center&#8220; header_text_color=&#8220;#FFFFFF&#8220; header_font_size=&#8220;80px&#8220; text_orientation=&#8220;center&#8220; text_font_size_tablet=&#8220;&#8220; text_font_size_phone=&#8220;20px&#8220; text_font_size_last_edited=&#8220;on|phone&#8220; header_font_size_tablet=&#8220;&#8220; header_font_size_phone=&#8220;40px&#8220; header_font_size_last_edited=&#8220;on|phone&#8220; global_colors_info=&#8220;{}&#8220;]<\/p>\n<h1>Welcome to Skemmtigar\u00f0urinn<\/h1>\n<p>Skemmtigar\u00f0urinn offers a variety of entertainment for all ages.<\/p>\n<p>[\/et_pb_text][\/et_pb_column][\/et_pb_row][\/et_pb_section][et_pb_section fb_built=&#8220;1&#8243; _builder_version=&#8220;4.16&#8243; _module_preset=&#8220;default&#8220; custom_padding=&#8220;||9px||false|false&#8220; global_colors_info=&#8220;{}&#8220;][et_pb_row _builder_version=&#8220;4.16&#8243; _module_preset=&#8220;default&#8220; width=&#8220;75%&#8220; max_width=&#8220;100%&#8220; global_colors_info=&#8220;{}&#8220;][et_pb_column type=&#8220;4_4&#8243; _builder_version=&#8220;4.16&#8243; _module_preset=&#8220;default&#8220; global_colors_info=&#8220;{}&#8220;][et_pb_text _builder_version=&#8220;4.16&#8243; _module_preset=&#8220;default&#8220; text_text_color=&#8220;#32346E&#8220; text_orientation=&#8220;center&#8220; custom_padding=&#8220;0px||0px||false|false&#8220; global_colors_info=&#8220;{}&#8220;]<\/p>\n<p>Skemmtigar\u00f0urinn welcomes small or large groups. For most of our activities, the minimum number of people to book is 6 people. We do not have opening hours, but we are open at the times that the groups want to come to us. To view prices and available times, select the activity that interests you and all the information you need will be provided. You can also view our offer packages where we have put together our most popular activities.<\/p>\n<p>[\/et_pb_text][et_pb_text _builder_version=&#8220;4.16&#8243; _module_preset=&#8220;default&#8220; text_font=&#8220;||||||||&#8220; text_text_color=&#8220;#32346E&#8220; header_text_align=&#8220;center&#8220; header_text_color=&#8220;#32346E&#8220; header_font_size=&#8220;50px&#8220; background_color=&#8220;#FFFFFF&#8220; width=&#8220;75%&#8220; width_tablet=&#8220;&#8220; width_phone=&#8220;100%&#8220; width_last_edited=&#8220;on|phone&#8220; max_width=&#8220;100%&#8220; module_alignment=&#8220;center&#8220; custom_padding=&#8220;4%||4%||true|false&#8220; header_font_size_tablet=&#8220;&#8220; header_font_size_phone=&#8220;30px&#8220; header_font_size_last_edited=&#8220;on|phone&#8220; global_colors_info=&#8220;{}&#8220;]<\/p>\n<h1>Activities<\/h1>\n<p>[\/et_pb_text][\/et_pb_column][\/et_pb_row][et_pb_row column_structure=&#8220;1_5,1_5,1_5,1_5,1_5&#8243; _builder_version=&#8220;4.27.4&#8243; _module_preset=&#8220;default&#8220; width=&#8220;70%&#8220; custom_margin=&#8220;|auto|-1px|auto||&#8220; global_colors_info=&#8220;{}&#8220;][et_pb_column type=&#8220;1_5&#8243; _builder_version=&#8220;4.27.4&#8243; _module_preset=&#8220;default&#8220; global_colors_info=&#8220;{}&#8220;][et_pb_blurb url=&#8220;@ET-DC@eyJkeW5hbWljIjp0cnVlLCJjb250ZW50IjoicG9zdF9saW5rX3VybF9wYWdlIiwic2V0dGluZ3MiOnsicG9zdF9pZCI6IjI5MjAifX0=@&#8220; image=&#8220;https:\/\/skemmtigardur.is\/wp-content\/uploads\/2024\/03\/Skemmtigardsleikar.png&#8220; image_icon_width=&#8220;50%&#8220; _builder_version=&#8220;4.24.2&#8243; _dynamic_attributes=&#8220;link_option_url,url&#8220; _module_preset=&#8220;default&#8220; body_font=&#8220;|700|||||||&#8220; body_text_align=&#8220;center&#8220; body_text_color=&#8220;#32346E&#8220; body_font_size=&#8220;17px&#8220; custom_padding=&#8220;||45px||false|false&#8220; link_option_url=&#8220;@ET-DC@eyJkeW5hbWljIjp0cnVlLCJjb250ZW50IjoicG9zdF9saW5rX3VybF9wYWdlIiwic2V0dGluZ3MiOnsicG9zdF9pZCI6IjQ3NyJ9fQ==@&#8220; custom_css_blurb_image=&#8220;margin-bottom:15px;&#8220; image_max_width=&#8220;50%&#8220; locked=&#8220;off&#8220; global_colors_info=&#8220;{}&#8220;]<\/p>\n<p>Teambuilding<\/p>\n<p>[\/et_pb_blurb][et_pb_blurb url=&#8220;@ET-DC@eyJkeW5hbWljIjp0cnVlLCJjb250ZW50IjoicG9zdF9saW5rX3VybF9wYWdlIiwic2V0dGluZ3MiOnsicG9zdF9pZCI6IjQ4MCJ9fQ==@&#8220; image=&#8220;https:\/\/skemmtigardur.is\/wp-content\/uploads\/2021\/07\/pubquiz.svg&#8220; image_icon_width=&#8220;50%&#8220; _builder_version=&#8220;4.16&#8243; _dynamic_attributes=&#8220;link_option_url,url&#8220; _module_preset=&#8220;default&#8220; body_font=&#8220;|700|||||||&#8220; body_text_align=&#8220;center&#8220; body_text_color=&#8220;#32346E&#8220; body_font_size=&#8220;17px&#8220; custom_padding=&#8220;||45px||false|false&#8220; link_option_url=&#8220;@ET-DC@eyJkeW5hbWljIjp0cnVlLCJjb250ZW50IjoicG9zdF9saW5rX3VybF9wYWdlIiwic2V0dGluZ3MiOnsicG9zdF9pZCI6IjQ4MCJ9fQ==@&#8220; custom_css_blurb_image=&#8220;margin-bottom:15px;&#8220; border_color_all_image=&#8220;#32346E&#8220; image_max_width=&#8220;50%&#8220; locked=&#8220;off&#8220; global_colors_info=&#8220;{}&#8220;]<\/p>\n<p>Pub Quiz<\/p>\n<p>[\/et_pb_blurb][et_pb_blurb url=&#8220;@ET-DC@eyJkeW5hbWljIjp0cnVlLCJjb250ZW50IjoicG9zdF9saW5rX3VybF9wYWdlIiwic2V0dGluZ3MiOnsicG9zdF9pZCI6IjUyNTQifX0=@&#8220; image=&#8220;https:\/\/skemmtigardur.is\/wp-content\/uploads\/2025\/07\/8.png&#8220; image_icon_width=&#8220;50%&#8220; _builder_version=&#8220;4.27.4&#8243; _dynamic_attributes=&#8220;link_option_url,url&#8220; _module_preset=&#8220;default&#8220; body_font=&#8220;|700|||||||&#8220; body_text_align=&#8220;center&#8220; body_text_color=&#8220;#32346E&#8220; body_font_size=&#8220;17px&#8220; custom_padding=&#8220;||45px||false|false&#8220; link_option_url=&#8220;@ET-DC@eyJkeW5hbWljIjp0cnVlLCJjb250ZW50IjoicG9zdF9saW5rX3VybF9wYWdlIiwic2V0dGluZ3MiOnsicG9zdF9pZCI6IjUxNSJ9fQ==@&#8220; custom_css_blurb_image=&#8220;margin-bottom:15px;&#8220; image_max_width=&#8220;50%&#8220; locked=&#8220;off&#8220; global_colors_info=&#8220;{}&#8220;]<\/p>\n<p>Beerball<\/p>\n<p>[\/et_pb_blurb][\/et_pb_column][et_pb_column type=&#8220;1_5&#8243; _builder_version=&#8220;4.27.4&#8243; _module_preset=&#8220;default&#8220; global_colors_info=&#8220;{}&#8220;][et_pb_blurb url=&#8220;@ET-DC@eyJkeW5hbWljIjp0cnVlLCJjb250ZW50IjoicG9zdF9saW5rX3VybF9wYWdlIiwic2V0dGluZ3MiOnsicG9zdF9pZCI6IjMwOSJ9fQ==@&#8220; image=&#8220;https:\/\/skemmtigardur.is\/wp-content\/uploads\/2021\/07\/paintball.svg&#8220; image_icon_width=&#8220;50%&#8220; _builder_version=&#8220;4.16&#8243; _dynamic_attributes=&#8220;link_option_url,url&#8220; _module_preset=&#8220;default&#8220; body_font=&#8220;|700|||||||&#8220; body_text_align=&#8220;center&#8220; body_text_color=&#8220;#32346E&#8220; body_font_size=&#8220;17px&#8220; custom_padding=&#8220;||45px||false|false&#8220; link_option_url=&#8220;@ET-DC@eyJkeW5hbWljIjp0cnVlLCJjb250ZW50IjoicG9zdF9saW5rX3VybF9wYWdlIiwic2V0dGluZ3MiOnsicG9zdF9pZCI6IjMwOSJ9fQ==@&#8220; custom_css_blurb_image=&#8220;margin-bottom:15px;&#8220; image_max_width=&#8220;50%&#8220; locked=&#8220;off&#8220; global_colors_info=&#8220;{}&#8220;]<\/p>\n<p>Paintball<\/p>\n<p>[\/et_pb_blurb][et_pb_blurb url=&#8220;@ET-DC@eyJkeW5hbWljIjp0cnVlLCJjb250ZW50IjoicG9zdF9saW5rX3VybF9wYWdlIiwic2V0dGluZ3MiOnsicG9zdF9pZCI6IjQ4MiJ9fQ==@&#8220; image=&#8220;https:\/\/skemmtigardur.is\/wp-content\/uploads\/2021\/07\/minigolf.svg&#8220; image_icon_width=&#8220;50%&#8220; _builder_version=&#8220;4.16&#8243; _dynamic_attributes=&#8220;link_option_url,url&#8220; _module_preset=&#8220;default&#8220; body_font=&#8220;|700|||||||&#8220; body_text_align=&#8220;center&#8220; body_text_color=&#8220;#32346E&#8220; body_font_size=&#8220;17px&#8220; custom_padding=&#8220;||45px||false|false&#8220; link_option_url=&#8220;@ET-DC@eyJkeW5hbWljIjp0cnVlLCJjb250ZW50IjoicG9zdF9saW5rX3VybF9wYWdlIiwic2V0dGluZ3MiOnsicG9zdF9pZCI6IjQ4MiJ9fQ==@&#8220; custom_css_blurb_image=&#8220;margin-bottom:15px;&#8220; image_max_width=&#8220;50%&#8220; locked=&#8220;off&#8220; global_colors_info=&#8220;{}&#8220;]<\/p>\n<p>Minigolf<\/p>\n<p>[\/et_pb_blurb][et_pb_blurb url=&#8220;@ET-DC@eyJkeW5hbWljIjp0cnVlLCJjb250ZW50IjoicG9zdF9saW5rX3VybF9wYWdlIiwic2V0dGluZ3MiOnsicG9zdF9pZCI6IjUxNyJ9fQ==@&#8220; image=&#8220;https:\/\/skemmtigardur.is\/wp-content\/uploads\/2021\/07\/ratleikur.svg&#8220; image_icon_width=&#8220;50%&#8220; _builder_version=&#8220;4.16&#8243; _dynamic_attributes=&#8220;link_option_url,url&#8220; _module_preset=&#8220;default&#8220; body_font=&#8220;|700|||||||&#8220; body_text_align=&#8220;center&#8220; body_text_color=&#8220;#32346E&#8220; body_font_size=&#8220;17px&#8220; custom_padding=&#8220;||45px||false|false&#8220; link_option_url=&#8220;@ET-DC@eyJkeW5hbWljIjp0cnVlLCJjb250ZW50IjoicG9zdF9saW5rX3VybF9wYWdlIiwic2V0dGluZ3MiOnsicG9zdF9pZCI6IjUxNyJ9fQ==@&#8220; custom_css_blurb_image=&#8220;margin-bottom:15px;&#8220; image_max_width=&#8220;50%&#8220; locked=&#8220;off&#8220; global_colors_info=&#8220;{}&#8220;]<\/p>\n<p>\u00d3VISSUFER\u00d0IR<\/p>\n<p>[\/et_pb_blurb][\/et_pb_column][et_pb_column type=&#8220;1_5&#8243; _builder_version=&#8220;4.27.4&#8243; _module_preset=&#8220;default&#8220; global_colors_info=&#8220;{}&#8220;][et_pb_blurb url=&#8220;@ET-DC@eyJkeW5hbWljIjp0cnVlLCJjb250ZW50IjoicG9zdF9saW5rX3VybF9wYWdlIiwic2V0dGluZ3MiOnsicG9zdF9pZCI6IjQ4NSJ9fQ==@&#8220; image=&#8220;https:\/\/skemmtigardur.is\/wp-content\/uploads\/2021\/07\/lasertag.svg&#8220; image_icon_width=&#8220;50%&#8220; _builder_version=&#8220;4.16&#8243; _dynamic_attributes=&#8220;link_option_url,url&#8220; _module_preset=&#8220;default&#8220; body_font=&#8220;|700|||||||&#8220; body_text_align=&#8220;center&#8220; body_text_color=&#8220;#32346E&#8220; body_font_size=&#8220;17px&#8220; custom_padding=&#8220;||45px||false|false&#8220; link_option_url=&#8220;@ET-DC@eyJkeW5hbWljIjp0cnVlLCJjb250ZW50IjoicG9zdF9saW5rX3VybF9wYWdlIiwic2V0dGluZ3MiOnsicG9zdF9pZCI6IjQ4NSJ9fQ==@&#8220; custom_css_blurb_image=&#8220;margin-bottom:15px;&#8220; image_max_width=&#8220;50%&#8220; locked=&#8220;off&#8220; global_colors_info=&#8220;{}&#8220;]<\/p>\n<p>Lasertag<\/p>\n<p>[\/et_pb_blurb][et_pb_blurb url=&#8220;@ET-DC@eyJkeW5hbWljIjp0cnVlLCJjb250ZW50IjoicG9zdF9saW5rX3VybF9wYWdlIiwic2V0dGluZ3MiOnsicG9zdF9pZCI6IjQ5OCJ9fQ==@&#8220; image=&#8220;https:\/\/skemmtigardur.is\/wp-content\/uploads\/2021\/07\/fotboltagolf.svg&#8220; image_icon_width=&#8220;50%&#8220; _builder_version=&#8220;4.16&#8243; _dynamic_attributes=&#8220;link_option_url,url&#8220; _module_preset=&#8220;default&#8220; body_font=&#8220;|700|||||||&#8220; body_text_align=&#8220;center&#8220; body_text_color=&#8220;#32346E&#8220; body_font_size=&#8220;17px&#8220; custom_padding=&#8220;||45px||false|false&#8220; link_option_url=&#8220;@ET-DC@eyJkeW5hbWljIjp0cnVlLCJjb250ZW50IjoicG9zdF9saW5rX3VybF9wYWdlIiwic2V0dGluZ3MiOnsicG9zdF9pZCI6IjQ5OCJ9fQ==@&#8220; custom_css_blurb_image=&#8220;margin-bottom:15px;&#8220; image_max_width=&#8220;50%&#8220; locked=&#8220;off&#8220; global_colors_info=&#8220;{}&#8220;]<\/p>\n<p>Football golf<\/p>\n<p>[\/et_pb_blurb][et_pb_blurb url=&#8220;@ET-DC@eyJkeW5hbWljIjp0cnVlLCJjb250ZW50IjoicG9zdF9saW5rX3VybF9wYWdlIiwic2V0dGluZ3MiOnsicG9zdF9pZCI6IjUwNCJ9fQ==@&#8220; image=&#8220;https:\/\/skemmtigardur.is\/wp-content\/uploads\/2021\/07\/klessubolti.svg&#8220; image_icon_width=&#8220;50%&#8220; _builder_version=&#8220;4.16&#8243; _dynamic_attributes=&#8220;link_option_url,url&#8220; _module_preset=&#8220;default&#8220; body_font=&#8220;|700|||||||&#8220; body_text_align=&#8220;center&#8220; body_text_color=&#8220;#32346E&#8220; body_font_size=&#8220;17px&#8220; custom_padding=&#8220;||45px||false|false&#8220; link_option_url=&#8220;@ET-DC@eyJkeW5hbWljIjp0cnVlLCJjb250ZW50IjoicG9zdF9saW5rX3VybF9wYWdlIiwic2V0dGluZ3MiOnsicG9zdF9pZCI6IjUwNCJ9fQ==@&#8220; custom_css_blurb_image=&#8220;margin-bottom:15px;&#8220; image_max_width=&#8220;50%&#8220; locked=&#8220;off&#8220; global_colors_info=&#8220;{}&#8220;]<\/p>\n<p>Zorb balls<\/p>\n<p>[\/et_pb_blurb][\/et_pb_column][et_pb_column type=&#8220;1_5&#8243; _builder_version=&#8220;4.27.4&#8243; _module_preset=&#8220;default&#8220; global_colors_info=&#8220;{}&#8220;][et_pb_blurb url=&#8220;@ET-DC@eyJkeW5hbWljIjp0cnVlLCJjb250ZW50IjoicG9zdF9saW5rX3VybF9wYWdlIiwic2V0dGluZ3MiOnsicG9zdF9pZCI6IjUyNiJ9fQ==@&#8220; image=&#8220;https:\/\/skemmtigardur.is\/wp-content\/uploads\/2021\/07\/utras.svg&#8220; image_icon_width=&#8220;50%&#8220; _builder_version=&#8220;4.16&#8243; _dynamic_attributes=&#8220;link_option_url,url&#8220; _module_preset=&#8220;default&#8220; body_font=&#8220;|700|||||||&#8220; body_text_align=&#8220;center&#8220; body_text_color=&#8220;#32346E&#8220; body_font_size=&#8220;17px&#8220; custom_padding=&#8220;||45px||false|false&#8220; link_option_url=&#8220;@ET-DC@eyJkeW5hbWljIjp0cnVlLCJjb250ZW50IjoicG9zdF9saW5rX3VybF9wYWdlIiwic2V0dGluZ3MiOnsicG9zdF9pZCI6IjUyNiJ9fQ==@&#8220; custom_css_blurb_image=&#8220;margin-bottom:15px;&#8220; image_max_width=&#8220;50%&#8220; locked=&#8220;off&#8220; global_colors_info=&#8220;{}&#8220;]<\/p>\n<p>Rage Room<\/p>\n<p>[\/et_pb_blurb][et_pb_blurb url=&#8220;@ET-DC@eyJkeW5hbWljIjp0cnVlLCJjb250ZW50IjoicG9zdF9saW5rX3VybF9wYWdlIiwic2V0dGluZ3MiOnsicG9zdF9pZCI6IjUwNiJ9fQ==@&#8220; image=&#8220;https:\/\/skemmtigardur.is\/wp-content\/uploads\/2021\/07\/axarkast.svg&#8220; image_icon_width=&#8220;50%&#8220; _builder_version=&#8220;4.16&#8243; _dynamic_attributes=&#8220;link_option_url,url&#8220; _module_preset=&#8220;default&#8220; body_font=&#8220;|700|||||||&#8220; body_text_align=&#8220;center&#8220; body_text_color=&#8220;#32346E&#8220; body_font_size=&#8220;17px&#8220; custom_padding=&#8220;||45px||false|false&#8220; link_option_url=&#8220;@ET-DC@eyJkeW5hbWljIjp0cnVlLCJjb250ZW50IjoicG9zdF9saW5rX3VybF9wYWdlIiwic2V0dGluZ3MiOnsicG9zdF9pZCI6IjUwNiJ9fQ==@&#8220; custom_css_blurb_image=&#8220;margin-bottom:15px;&#8220; image_max_width=&#8220;50%&#8220; locked=&#8220;off&#8220; global_colors_info=&#8220;{}&#8220;]<\/p>\n<p>Axe throwing<\/p>\n<p>[\/et_pb_blurb][et_pb_blurb url=&#8220;@ET-DC@eyJkeW5hbWljIjp0cnVlLCJjb250ZW50IjoicG9zdF9saW5rX3VybF9wYWdlIiwic2V0dGluZ3MiOnsicG9zdF9pZCI6IjQ2NDgifX0=@&#8220; image=&#8220;https:\/\/skemmtigardur.is\/wp-content\/uploads\/2025\/03\/21.png&#8220; image_icon_width=&#8220;50%&#8220; _builder_version=&#8220;4.27.4&#8243; _dynamic_attributes=&#8220;link_option_url,url&#8220; _module_preset=&#8220;default&#8220; body_font=&#8220;|700|||||||&#8220; body_text_align=&#8220;center&#8220; body_text_color=&#8220;#32346E&#8220; body_font_size=&#8220;17px&#8220; custom_padding=&#8220;||45px||false|false&#8220; link_option_url=&#8220;@ET-DC@eyJkeW5hbWljIjp0cnVlLCJjb250ZW50IjoicG9zdF9saW5rX3VybF9wYWdlIiwic2V0dGluZ3MiOnsicG9zdF9pZCI6IjUwNiJ9fQ==@&#8220; custom_css_blurb_image=&#8220;margin-bottom:15px;&#8220; image_max_width=&#8220;50%&#8220; locked=&#8220;off&#8220; global_colors_info=&#8220;{}&#8220;]<\/p>\n<p>Murder Mystery<\/p>\n<p>[\/et_pb_blurb][\/et_pb_column][et_pb_column type=&#8220;1_5&#8243; _builder_version=&#8220;4.27.4&#8243; _module_preset=&#8220;default&#8220; global_colors_info=&#8220;{}&#8220;][et_pb_blurb url=&#8220;@ET-DC@eyJkeW5hbWljIjp0cnVlLCJjb250ZW50IjoicG9zdF9saW5rX3VybF9wYWdlIiwic2V0dGluZ3MiOnsicG9zdF9pZCI6IjQ4OCJ9fQ==@&#8220; image=&#8220;https:\/\/skemmtigardur.is\/wp-content\/uploads\/2021\/07\/archery.svg&#8220; image_icon_width=&#8220;50%&#8220; _builder_version=&#8220;4.16&#8243; _dynamic_attributes=&#8220;link_option_url,url&#8220; _module_preset=&#8220;default&#8220; body_font=&#8220;|700|||||||&#8220; body_text_align=&#8220;center&#8220; body_text_color=&#8220;#32346E&#8220; body_font_size=&#8220;17px&#8220; custom_padding=&#8220;||45px||false|false&#8220; link_option_url=&#8220;@ET-DC@eyJkeW5hbWljIjp0cnVlLCJjb250ZW50IjoicG9zdF9saW5rX3VybF9wYWdlIiwic2V0dGluZ3MiOnsicG9zdF9pZCI6IjQ4OCJ9fQ==@&#8220; custom_css_blurb_image=&#8220;margin-bottom:15px;&#8220; image_max_width=&#8220;50%&#8220; locked=&#8220;off&#8220; global_colors_info=&#8220;{}&#8220;]<\/p>\n<p>Archery tag<\/p>\n<p>[\/et_pb_blurb][et_pb_blurb url=&#8220;@ET-DC@eyJkeW5hbWljIjp0cnVlLCJjb250ZW50IjoicG9zdF9saW5rX3VybF9wYWdlIiwic2V0dGluZ3MiOnsicG9zdF9pZCI6IjQ5NiJ9fQ==@&#8220; image=&#8220;https:\/\/skemmtigardur.is\/wp-content\/uploads\/2024\/03\/Leikir-med-snjallsimum.png&#8220; image_icon_width=&#8220;50%&#8220; _builder_version=&#8220;4.27.4&#8243; _dynamic_attributes=&#8220;link_option_url,url&#8220; _module_preset=&#8220;default&#8220; body_font=&#8220;|700|||||||&#8220; body_text_align=&#8220;center&#8220; body_text_color=&#8220;#32346E&#8220; body_font_size=&#8220;17px&#8220; custom_padding=&#8220;||45px||false|false&#8220; link_option_url=&#8220;@ET-DC@eyJkeW5hbWljIjp0cnVlLCJjb250ZW50IjoicG9zdF9saW5rX3VybF9wYWdlIiwic2V0dGluZ3MiOnsicG9zdF9pZCI6IjQ5NiJ9fQ==@&#8220; custom_css_blurb_image=&#8220;margin-bottom:15px;&#8220; image_max_width=&#8220;50%&#8220; locked=&#8220;off&#8220; global_colors_info=&#8220;{}&#8220;]<\/p>\n<p>RATLEIKUR<\/p>\n<p>[\/et_pb_blurb][et_pb_blurb url=&#8220;@ET-DC@eyJkeW5hbWljIjp0cnVlLCJjb250ZW50IjoicG9zdF9saW5rX3VybF9wYWdlIiwic2V0dGluZ3MiOnsicG9zdF9pZCI6IjQyNTAifX0=@&#8220; image=&#8220;https:\/\/skemmtigardur.is\/wp-content\/uploads\/2025\/03\/10.png&#8220; image_icon_width=&#8220;50%&#8220; _builder_version=&#8220;4.27.4&#8243; _dynamic_attributes=&#8220;link_option_url,url&#8220; _module_preset=&#8220;default&#8220; body_font=&#8220;|700|||||||&#8220; body_text_align=&#8220;center&#8220; body_text_color=&#8220;#32346E&#8220; body_font_size=&#8220;17px&#8220; custom_padding=&#8220;||45px||false|false&#8220; link_option_url=&#8220;@ET-DC@eyJkeW5hbWljIjp0cnVlLCJjb250ZW50IjoicG9zdF9saW5rX3VybF9wYWdlIiwic2V0dGluZ3MiOnsicG9zdF9pZCI6IjQ5NiJ9fQ==@&#8220; custom_css_blurb_image=&#8220;margin-bottom:15px;&#8220; image_max_width=&#8220;50%&#8220; locked=&#8220;off&#8220; global_colors_info=&#8220;{}&#8220;]<\/p>\n<p>Stags and Hens<\/p>\n<p>[\/et_pb_blurb][\/et_pb_column][\/et_pb_row][\/et_pb_section]<\/p>\n<span class=\"et_bloom_bottom_trigger\"><\/span>","protected":false},"excerpt":{"rendered":"<p>Velkomin \u00ed Skemmtigar\u00f0inn Skemmtigar\u00f0urinn b\u00fd\u00f0ur fj\u00f6lbreytta af\u00fereyingu fyrir alla aldursh\u00f3paSkemmtigar\u00f0urinn er mest \u00ed \u00fev\u00ed a\u00f0 taka \u00e1 m\u00f3ti sm\u00e1um e\u00f0a st\u00f3rum h\u00f3pum. \u00cd flestar okkar af\u00fereyingar er l\u00e1gmarksfj\u00f6ldi 6 manns til a\u00f0 b\u00f3ka. Vi\u00f0 erum ekki me\u00f0 opnunart\u00edma heldur erum vi\u00f0 me\u00f0 opi\u00f0 \u00e1 \u00feeim t\u00edmum sem h\u00f3parnir vilja koma til okkar. Til a\u00f0 sko\u00f0a [&hellip;]<\/p>","protected":false},"author":1,"featured_media":0,"parent":0,"menu_order":0,"comment_status":"closed","ping_status":"closed","template":"","meta":{"_et_pb_use_builder":"on","_et_pb_old_content":"","_et_gb_content_width":"","inline_featured_image":false,"footnotes":""},"class_list":["post-111","page","type-page","status-publish","hentry"],"_links":{"self":[{"href":"https:\/\/skemmtigardur.is\/en\/wp-json\/wp\/v2\/pages\/111","targetHints":{"allow":["GET"]}}],"collection":[{"href":"https:\/\/skemmtigardur.is\/en\/wp-json\/wp\/v2\/pages"}],"about":[{"href":"https:\/\/skemmtigardur.is\/en\/wp-json\/wp\/v2\/types\/page"}],"author":[{"embeddable":true,"href":"https:\/\/skemmtigardur.is\/en\/wp-json\/wp\/v2\/users\/1"}],"replies":[{"embeddable":true,"href":"https:\/\/skemmtigardur.is\/en\/wp-json\/wp\/v2\/comments?post=111"}],"version-history":[{"count":21,"href":"https:\/\/skemmtigardur.is\/en\/wp-json\/wp\/v2\/pages\/111\/revisions"}],"predecessor-version":[{"id":6356,"href":"https:\/\/skemmtigardur.is\/en\/wp-json\/wp\/v2\/pages\/111\/revisions\/6356"}],"wp:attachment":[{"href":"https:\/\/skemmtigardur.is\/en\/wp-json\/wp\/v2\/media?parent=111"}],"curies":[{"name":"wp","href":"https:\/\/api.w.org\/{rel}","templated":true}]}}